{"id":4519,"date":"2018-05-11T11:11:54","date_gmt":"2018-05-11T17:11:54","guid":{"rendered":"http:\/\/localhost\/?page_id=4519"},"modified":"2018-05-11T13:42:36","modified_gmt":"2018-05-11T19:42:36","slug":"jose-azueta-fraccion-ii","status":"publish","type":"page","link":"http:\/\/187.174.252.244\/operadoras\/transparencia\/ley-estatal-abrogada\/jose-azueta-ley-estatal-abrogada\/jose-azueta-fraccion-ii\/","title":{"rendered":"Jos\u00e9 Azueta &#8211; Fracci\u00f3n II."},"content":{"rendered":"<p><strong>ESTRUCTURA ORG\u00c1NICA Y ATRIBUCIONES<\/strong><\/p> <p>&nbsp;<\/p> <table width=\"518\"> <tbody> <tr> <td><a href=\"http:\/\/187.174.252.244\/caev\/pdfs\/oficinas_operadoras\/JoseAzueta\/Estructura%20organica.pdf\" target=\"_blank\" rel=\"noopener\"><img loading=\"lazy\" decoding=\"async\" class=\"size-medium aligncenter\" src=\"http:\/\/187.174.252.244\/caev\/Oficinas_Operadoras\/Aarchivos\/folder.png\" width=\"44\" height=\"43\" \/><\/a><\/td> <td><a href=\"http:\/\/187.174.252.244\/caev\/pdfs\/oficinas_operadoras\/JoseAzueta\/Estructura%20organica.pdf\" target=\"_blank\" rel=\"noopener\">Estructura Org\u00e1nica y Atribuciones<\/a><\/td> <\/tr> <\/tbody> <\/table> <p>&nbsp;<\/p> <p>&nbsp;<\/p> <p>&nbsp;<\/p> <p>&nbsp;<\/p> <p>&nbsp;<\/p> <p style=\"text-align: center;\">\u00a0<a href=\"http:\/\/187.174.252.244\/operadoras\/transparencia\/ley-estatal-abrogada\/jose-azueta-ley-estatal-abrogada\/\"><img loading=\"lazy\" decoding=\"async\" class=\"alignnone size-medium\" src=\"http:\/\/187.174.252.244\/caev\/Oficinas_Operadoras\/Aarchivos\/home1.png\" width=\"36\" height=\"37\" \/><\/a> <a href=\"http:\/\/187.174.252.244\/operadoras\/transparencia\/ley-estatal-abrogada\/jose-azueta-ley-estatal-abrogada\/\">regresar<\/a><\/p> ","protected":false},"excerpt":{"rendered":"<p>ESTRUCTURA ORG\u00c1NICA Y ATRIBUCIONES &nbsp; Estructura Org\u00e1nica y Atribuciones &nbsp; &nbsp; &nbsp; &nbsp; &nbsp; \u00a0 regresar<\/p>\n","protected":false},"author":1,"featured_media":0,"parent":4295,"menu_order":0,"comment_status":"closed","ping_status":"closed","template":"","meta":{"footnotes":""},"class_list":["post-4519","page","type-page","status-publish","hentry"],"_links":{"self":[{"href":"http:\/\/187.174.252.244\/operadoras\/wp-json\/wp\/v2\/pages\/4519"}],"collection":[{"href":"http:\/\/187.174.252.244\/operadoras\/wp-json\/wp\/v2\/pages"}],"about":[{"href":"http:\/\/187.174.252.244\/operadoras\/wp-json\/wp\/v2\/types\/page"}],"author":[{"embeddable":true,"href":"http:\/\/187.174.252.244\/operadoras\/wp-json\/wp\/v2\/users\/1"}],"replies":[{"embeddable":true,"href":"http:\/\/187.174.252.244\/operadoras\/wp-json\/wp\/v2\/comments?post=4519"}],"version-history":[{"count":3,"href":"http:\/\/187.174.252.244\/operadoras\/wp-json\/wp\/v2\/pages\/4519\/revisions"}],"predecessor-version":[{"id":4659,"href":"http:\/\/187.174.252.244\/operadoras\/wp-json\/wp\/v2\/pages\/4519\/revisions\/4659"}],"up":[{"embeddable":true,"href":"http:\/\/187.174.252.244\/operadoras\/wp-json\/wp\/v2\/pages\/4295"}],"wp:attachment":[{"href":"http:\/\/187.174.252.244\/operadoras\/wp-json\/wp\/v2\/media?parent=4519"}],"curies":[{"name":"wp","href":"https:\/\/api.w.org\/{rel}","templated":true}]}}