{"id":4535,"date":"2018-05-11T11:20:17","date_gmt":"2018-05-11T17:20:17","guid":{"rendered":"http:\/\/localhost\/?page_id=4535"},"modified":"2018-05-11T15:47:23","modified_gmt":"2018-05-11T21:47:23","slug":"sayula-de-aleman-fraccion-ii","status":"publish","type":"page","link":"http:\/\/187.174.252.244\/operadoras\/transparencia\/ley-estatal-abrogada\/sayula-de-aleman-ley-estatal-abrogada\/sayula-de-aleman-fraccion-ii\/","title":{"rendered":"Sayula de Alem\u00e1n &#8211; Fracci\u00f3n II."},"content":{"rendered":"<p><strong>ESTRUCTURA ORG\u00c1NICA Y ATRIBUCIONES<\/strong><\/p> <p>&nbsp;<\/p> <table width=\"518\"> <tbody> <tr> <td><a href=\"http:\/\/187.174.252.244\/caev\/pdfs\/oficinas_operadoras\/SayulaAleman\/Estructura%20organica.pdf\" target=\"_blank\" rel=\"noopener\"><img loading=\"lazy\" decoding=\"async\" class=\"size-medium aligncenter\" src=\"http:\/\/187.174.252.244\/caev\/Oficinas_Operadoras\/Aarchivos\/folder.png\" width=\"44\" height=\"43\" \/><\/a><\/td> <td><a href=\"http:\/\/187.174.252.244\/caev\/pdfs\/oficinas_operadoras\/SayulaAleman\/Estructura%20organica.pdf\" target=\"_blank\" rel=\"noopener\">Estructura Org\u00e1nica y Atribuciones<\/a><\/td> <\/tr> <\/tbody> <\/table> <p>&nbsp;<\/p> <p>&nbsp;<\/p> <p>&nbsp;<\/p> <p>&nbsp;<\/p> <p>&nbsp;<\/p> <p style=\"text-align: center;\">\u00a0<a href=\"http:\/\/187.174.252.244\/operadoras\/transparencia\/ley-estatal-abrogada\/sayula-de-aleman-ley-estatal-abrogada\/\"><img loading=\"lazy\" decoding=\"async\" class=\"alignnone size-medium\" src=\"http:\/\/187.174.252.244\/caev\/Oficinas_Operadoras\/Aarchivos\/home1.png\" width=\"36\" height=\"37\" \/><\/a> <a href=\"http:\/\/187.174.252.244\/operadoras\/transparencia\/ley-estatal-abrogada\/sayula-de-aleman-ley-estatal-abrogada\/\">regresar<\/a><\/p> ","protected":false},"excerpt":{"rendered":"<p>ESTRUCTURA ORG\u00c1NICA Y ATRIBUCIONES &nbsp; Estructura Org\u00e1nica y Atribuciones &nbsp; &nbsp; &nbsp; &nbsp; &nbsp; \u00a0 regresar<\/p>\n","protected":false},"author":1,"featured_media":0,"parent":4303,"menu_order":0,"comment_status":"closed","ping_status":"closed","template":"","meta":{"footnotes":""},"class_list":["post-4535","page","type-page","status-publish","hentry"],"_links":{"self":[{"href":"http:\/\/187.174.252.244\/operadoras\/wp-json\/wp\/v2\/pages\/4535"}],"collection":[{"href":"http:\/\/187.174.252.244\/operadoras\/wp-json\/wp\/v2\/pages"}],"about":[{"href":"http:\/\/187.174.252.244\/operadoras\/wp-json\/wp\/v2\/types\/page"}],"author":[{"embeddable":true,"href":"http:\/\/187.174.252.244\/operadoras\/wp-json\/wp\/v2\/users\/1"}],"replies":[{"embeddable":true,"href":"http:\/\/187.174.252.244\/operadoras\/wp-json\/wp\/v2\/comments?post=4535"}],"version-history":[{"count":4,"href":"http:\/\/187.174.252.244\/operadoras\/wp-json\/wp\/v2\/pages\/4535\/revisions"}],"predecessor-version":[{"id":4686,"href":"http:\/\/187.174.252.244\/operadoras\/wp-json\/wp\/v2\/pages\/4535\/revisions\/4686"}],"up":[{"embeddable":true,"href":"http:\/\/187.174.252.244\/operadoras\/wp-json\/wp\/v2\/pages\/4303"}],"wp:attachment":[{"href":"http:\/\/187.174.252.244\/operadoras\/wp-json\/wp\/v2\/media?parent=4535"}],"curies":[{"name":"wp","href":"https:\/\/api.w.org\/{rel}","templated":true}]}}