{"id":45389,"date":"2022-05-17T07:56:56","date_gmt":"2022-05-17T13:56:56","guid":{"rendered":"http:\/\/187.174.252.244\/operadoras\/?page_id=45389"},"modified":"2026-04-14T16:59:21","modified_gmt":"2026-04-14T22:59:21","slug":"angel-r-cabada-fraccion-viii-b","status":"publish","type":"page","link":"http:\/\/187.174.252.244\/operadoras\/transparencia\/ley-general-y-ley-875\/angel-r-cabada-ley-general-y-ley-875-de-transparencia\/angel-r-cabada-fraccion-viii-b\/","title":{"rendered":"\u00c1ngel R. Cabada &#8211; Fracci\u00f3n VIII-B"},"content":{"rendered":"<p><strong>TABULADOR DE SUELDOS Y SALARIOS<\/strong><\/p> <p>&nbsp;<\/p> <div class=\"caja\"> <table width=\"636\"> <tbody> <tr> <td style=\"width: 140px;\"><strong><img loading=\"lazy\" decoding=\"async\" class=\"alignnone aligncenter\" src=\"http:\/\/187.174.252.244\/caev\/Image\/2018\/fecha3-ico.png\" alt=\"\" width=\"46\" height=\"50\" \/><\/strong><\/td> <td style=\"width: 140px;\"> <h4>Ejercicio:<\/h4> <\/td> <td style=\"width: 140px;\" colspan=\"3\"> <p>&nbsp;<\/p> <p>2026<\/td> <\/tr> <\/tbody> <\/table> <p>&nbsp;<\/p> <table style=\"height: 269px;\" width=\"700\"> <tbody> <tr style=\"height: 58px;\"> <td style=\"width: 100px; height: 58px;\"><img loading=\"lazy\" decoding=\"async\" class=\"aligncenter\" src=\"http:\/\/187.174.252.244\/caev\/Image\/2018\/trimestre-ico.png\" alt=\"\" width=\"53\" height=\"60\" \/><\/td> <td style=\"width: 200px; height: 58px;\"><img loading=\"lazy\" decoding=\"async\" class=\"aligncenter\" src=\"http:\/\/187.174.252.244\/caev\/Image\/2018\/usuario-ico.png\" alt=\"\" width=\"56\" height=\"60\" \/><\/td> <td style=\"width: 100px; height: 58px;\"><img loading=\"lazy\" decoding=\"async\" class=\"aligncenter\" src=\"http:\/\/187.174.252.244\/caev\/Image\/2018\/anio-ico.png\" alt=\"\" width=\"59\" height=\"60\" \/><\/td> <td style=\"width: 100px; height: 58px;\"><img loading=\"lazy\" decoding=\"async\" class=\"aligncenter\" src=\"http:\/\/187.174.252.244\/caev\/Image\/2018\/anio-ico.png\" alt=\"\" width=\"59\" height=\"60\" \/><\/td> <td style=\"width: 100px; height: 58px;\"><img loading=\"lazy\" decoding=\"async\" class=\"aligncenter\" src=\"http:\/\/187.174.252.244\/caev\/Image\/2018\/cloud-ico.png\" alt=\"\" width=\"57\" height=\"60\" \/><\/td> <\/tr> <tr style=\"height: 88px;\"> <td style=\"text-align: center; height: 88px; width: 100px;\"><span style=\"color: #000000;\"><strong>Trimestre<\/strong><em><br \/> <\/em><\/span><\/td> <td style=\"text-align: center; height: 88px; width: 200px;\"><span style=\"color: #000000;\"><strong>\u00c1rea Responsable<\/strong><\/span><\/td> <td style=\"text-align: center; height: 88px; width: 100px;\"><span style=\"color: #000000;\"><strong>Fecha de Validaci\u00f3n de la Informaci\u00f3n<\/strong><\/span><\/td> <td style=\"text-align: center; height: 88px; width: 100px;\"><span style=\"color: #000000;\"><strong>Fecha de Actualizaci\u00f3n de la Inf.<\/strong><\/span><\/td> <td style=\"text-align: center; height: 88px; width: 100px;\"><span style=\"color: #000000;\"><strong>Descargar Informaci\u00f3n<\/strong><\/span><\/td> <\/tr> <tr style=\"height: 20px;\"> <td style=\"height: 20px; width: 100px;\"><\/td> <td style=\"height: 20px; width: 200px;\"><\/td> <td style=\"height: 20px; width: 100px;\"><\/td> <td style=\"height: 20px; width: 100px;\"><\/td> <td style=\"height: 20px; width: 100px;\"><\/td> <\/tr> <tr style=\"height: 43px;\"> <td style=\"text-align: center; height: 43px; width: 100px;\"><span style=\"color: #000000;\">Primero<\/span><\/td> <td style=\"text-align: center; height: 43px; width: 200px;\"><span style=\"color: #000000;\">Oficina Comercial y Administrativa<\/span><\/td> <td style=\"text-align: center; height: 43px; width: 100px;\"><span style=\"color: #000000;\">31\/03\/2026<\/span><\/td> <td style=\"text-align: center; height: 43px; width: 100px;\"><span style=\"color: #000000;\">31\/03\/2026<\/span><\/td> <td style=\"text-align: center; height: 43px; width: 100px;\"><a href=\"http:\/\/187.174.252.244\/caev\/pdfs\/oficinas_operadoras\/AngelCabada\/2026\/45-FORM8B-26-1.xlsx\">descargar archivo<\/a><\/td> <\/tr> <tr style=\"height: 43px;\"> <td style=\"text-align: center; height: 43px; width: 100px;\"><\/td> <td style=\"text-align: center; height: 43px; width: 200px;\"><\/td> <td style=\"text-align: center; height: 43px; width: 100px;\"><\/td> <td style=\"text-align: center; height: 43px; width: 100px;\"><\/td> <td style=\"text-align: center; height: 43px; width: 100px;\"><\/td> <\/tr> <tr style=\"height: 43px;\"> <td style=\"text-align: center; height: 43px; width: 100px;\"><\/td> <td style=\"text-align: center; height: 43px; width: 200px;\"><\/td> <td style=\"text-align: center; height: 43px; width: 100px;\"><\/td> <td style=\"text-align: center; height: 43px; width: 100px;\"><\/td> <td style=\"text-align: center; height: 43px; width: 100px;\"><\/td> <\/tr> <tr style=\"height: 43px;\"> <td style=\"text-align: center; height: 43px; width: 100px;\"><\/td> <td style=\"text-align: center; height: 43px; width: 200px;\"><\/td> <td style=\"text-align: center; height: 43px; width: 100px;\"><\/td> <td style=\"text-align: center; height: 43px; width: 100px;\"><\/td> <td style=\"text-align: center; height: 43px; width: 100px;\"><\/td> <\/tr> <\/tbody> <\/table> <\/div> <h4><\/h4> <h4>A\u00d1OS ANTERIORES<\/h4> <table width=\"520\"> <tbody> <tr> <td style=\"width: 100px;\"><a href=\"http:\/\/187.174.252.244\/operadoras\/transparencia\/ley-general-y-ley-875\/angel-r-cabada-ley-general-y-ley-875-de-transparencia\/angel-r-cabada-fraccion-viii-b-1\/\"><img loading=\"lazy\" decoding=\"async\" class=\"aligncenter\" src=\"http:\/\/187.174.252.244\/caev\/Image\/2018\/folder-ico.jpg\" alt=\"\" width=\"51\" height=\"44\" \/><\/a><\/td> <td><\/td> <\/tr> <\/tbody> <\/table> <p style=\"text-align: center;\"><a href=\"http:\/\/187.174.252.244\/operadoras\/transparencia\/ley-general-y-ley-875\/angel-r-cabada-ley-general-y-ley-875-de-transparencia\/\"><img loading=\"lazy\" decoding=\"async\" class=\"alignnone size-medium\" src=\"http:\/\/187.174.252.244\/caev\/Oficinas_Operadoras\/Aarchivos\/home1.png\" width=\"36\" height=\"37\" \/><\/a> <a href=\"http:\/\/187.174.252.244\/operadoras\/transparencia\/ley-general-y-ley-875\/angel-r-cabada-ley-general-y-ley-875-de-transparencia\/\">regresar<\/a><\/p> ","protected":false},"excerpt":{"rendered":"<p>TABULADOR DE SUELDOS Y SALARIOS &nbsp; Ejercicio: &nbsp; 2026 &nbsp; Trimestre \u00c1rea Responsable Fecha de Validaci\u00f3n de la Informaci\u00f3n Fecha de Actualizaci\u00f3n de la Inf. Descargar Informaci\u00f3n Primero Oficina Comercial y Administrativa 31\/03\/2026 31\/03\/2026 descargar archivo A\u00d1OS ANTERIORES regresar<\/p>\n","protected":false},"author":1,"featured_media":0,"parent":6668,"menu_order":0,"comment_status":"closed","ping_status":"closed","template":"","meta":{"footnotes":""},"class_list":["post-45389","page","type-page","status-publish","hentry"],"_links":{"self":[{"href":"http:\/\/187.174.252.244\/operadoras\/wp-json\/wp\/v2\/pages\/45389"}],"collection":[{"href":"http:\/\/187.174.252.244\/operadoras\/wp-json\/wp\/v2\/pages"}],"about":[{"href":"http:\/\/187.174.252.244\/operadoras\/wp-json\/wp\/v2\/types\/page"}],"author":[{"embeddable":true,"href":"http:\/\/187.174.252.244\/operadoras\/wp-json\/wp\/v2\/users\/1"}],"replies":[{"embeddable":true,"href":"http:\/\/187.174.252.244\/operadoras\/wp-json\/wp\/v2\/comments?post=45389"}],"version-history":[{"count":16,"href":"http:\/\/187.174.252.244\/operadoras\/wp-json\/wp\/v2\/pages\/45389\/revisions"}],"predecessor-version":[{"id":67200,"href":"http:\/\/187.174.252.244\/operadoras\/wp-json\/wp\/v2\/pages\/45389\/revisions\/67200"}],"up":[{"embeddable":true,"href":"http:\/\/187.174.252.244\/operadoras\/wp-json\/wp\/v2\/pages\/6668"}],"wp:attachment":[{"href":"http:\/\/187.174.252.244\/operadoras\/wp-json\/wp\/v2\/media?parent=45389"}],"curies":[{"name":"wp","href":"https:\/\/api.w.org\/{rel}","templated":true}]}}