{"id":45510,"date":"2022-05-17T10:41:27","date_gmt":"2022-05-17T16:41:27","guid":{"rendered":"http:\/\/187.174.252.244\/operadoras\/?page_id=45510"},"modified":"2026-05-08T16:08:44","modified_gmt":"2026-05-08T22:08:44","slug":"cosamaloapan-fraccion-viii-a","status":"publish","type":"page","link":"http:\/\/187.174.252.244\/operadoras\/transparencia\/ley-general-y-ley-875\/cuenca-del-papaloapan-ley-general-y-ley-875-de-transparencia\/cosamaloapan-fraccion-viii-a\/","title":{"rendered":"Cosamaloapan &#8211; Fracci\u00f3n VIII-A"},"content":{"rendered":"<p><strong>REMUNERACI\u00d3N BRUTA Y NETA<\/strong><\/p> <p>&nbsp;<\/p> <div class=\"caja\"> <table width=\"636\"> <tbody> <tr> <td style=\"width: 140px;\"><strong><img loading=\"lazy\" decoding=\"async\" class=\"alignnone aligncenter\" src=\"http:\/\/187.174.252.244\/caev\/Image\/2018\/fecha3-ico.png\" alt=\"\" width=\"46\" height=\"50\" \/><\/strong><\/td> <td style=\"width: 140px;\"> <h4>Ejercicio:<\/h4> <\/td> <td style=\"width: 140px;\" colspan=\"3\"> <p>&nbsp;<\/p> <p>2026<\/td> <\/tr> <\/tbody> <\/table> <p>&nbsp;<\/p> <table style=\"width: 700px; height: 311px;\" width=\"700\"> <tbody> <tr style=\"height: 60px;\"> <td style=\"width: 106px; height: 60px;\"><img loading=\"lazy\" decoding=\"async\" class=\"aligncenter\" src=\"http:\/\/187.174.252.244\/caev\/Image\/2018\/trimestre-ico.png\" alt=\"\" width=\"53\" height=\"60\" \/><\/td> <td style=\"width: 213px; height: 60px;\"><img loading=\"lazy\" decoding=\"async\" class=\"aligncenter\" src=\"http:\/\/187.174.252.244\/caev\/Image\/2018\/usuario-ico.png\" alt=\"\" width=\"56\" height=\"60\" \/><\/td> <td style=\"width: 113px; height: 60px;\"><img loading=\"lazy\" decoding=\"async\" class=\"aligncenter\" src=\"http:\/\/187.174.252.244\/caev\/Image\/2018\/anio-ico.png\" alt=\"\" width=\"59\" height=\"60\" \/><\/td> <td style=\"width: 120px; height: 60px;\"><img loading=\"lazy\" decoding=\"async\" class=\"aligncenter\" src=\"http:\/\/187.174.252.244\/caev\/Image\/2018\/anio-ico.png\" alt=\"\" width=\"59\" height=\"60\" \/><\/td> <td style=\"width: 114px; height: 60px;\"><img loading=\"lazy\" decoding=\"async\" class=\"aligncenter\" src=\"http:\/\/187.174.252.244\/caev\/Image\/2018\/cloud-ico.png\" alt=\"\" width=\"57\" height=\"60\" \/><\/td> <\/tr> <tr style=\"height: 96px;\"> <td style=\"text-align: center; width: 106px; height: 96px;\"><span style=\"color: #000000;\"><strong>Trimestre<\/strong><em><br \/> <\/em><\/span><\/td> <td style=\"text-align: center; width: 213px; height: 96px;\"><span style=\"color: #000000;\"><strong>\u00c1rea Responsable<\/strong><\/span><\/td> <td style=\"text-align: center; width: 113px; height: 96px;\"><span style=\"color: #000000;\"><strong>Fecha de Validaci\u00f3n de la Informaci\u00f3n<\/strong><\/span><\/td> <td style=\"text-align: center; width: 120px; height: 96px;\"><span style=\"color: #000000;\"><strong>Fecha de Actualizaci\u00f3n de la Inf.<\/strong><\/span><\/td> <td style=\"text-align: center; width: 114px; height: 96px;\"><span style=\"color: #000000;\"><strong>Descargar Informaci\u00f3n<\/strong><\/span><\/td> <\/tr> <tr style=\"height: 24px;\"> <td style=\"width: 106px; height: 24px;\"><\/td> <td style=\"width: 213px; height: 24px;\"><\/td> <td style=\"width: 113px; height: 24px;\"><\/td> <td style=\"width: 120px; height: 24px;\"><\/td> <td style=\"width: 114px; height: 24px;\"><\/td> <\/tr> <tr style=\"height: 48px;\"> <td style=\"text-align: center; width: 106px; height: 48px;\"><span style=\"color: #000000;\">Primero<\/span><\/td> <td style=\"text-align: center; width: 213px; height: 48px;\"><span style=\"color: #000000;\">Oficina Comercial y Administrativa<\/span><\/td> <td style=\"text-align: center; width: 113px; height: 48px;\"><span style=\"color: #000000;\">31\/03\/2026<\/span><\/td> <td style=\"text-align: center; width: 120px; height: 48px;\"><span style=\"color: #000000;\">31\/03\/2026<\/span><\/td> <td style=\"text-align: center; width: 114px; height: 48px;\"><a href=\"http:\/\/187.174.252.244\/caev\/pdfs\/oficinas_operadoras\/Cuenca\/2026\/51-FORM8A-26-1.xlsx\">descargar archivo<\/a><\/td> <\/tr> <tr style=\"height: 48px;\"> <td style=\"text-align: center; width: 106px; height: 48px;\"><\/td> <td style=\"text-align: center; width: 213px; height: 48px;\"><\/td> <td style=\"text-align: center; width: 113px; height: 48px;\"><\/td> <td style=\"text-align: center; width: 120px; height: 48px;\"><\/td> <td style=\"text-align: center; width: 114px; height: 48px;\"><\/td> <\/tr> <tr style=\"height: 48px;\"> <td style=\"text-align: center; width: 106px; height: 48px;\"><\/td> <td style=\"text-align: center; width: 213px; height: 48px;\"><\/td> <td style=\"text-align: center; width: 113px; height: 48px;\"><\/td> <td style=\"text-align: center; width: 120px; height: 48px;\"><\/td> <td style=\"text-align: center; width: 114px; height: 48px;\"><\/td> <\/tr> <tr style=\"height: 48px;\"> <td style=\"text-align: center; width: 106px; height: 48px;\"><\/td> <td style=\"text-align: center; width: 213px; height: 48px;\"><\/td> <td style=\"text-align: center; width: 113px; height: 48px;\"><\/td> <td style=\"text-align: center; width: 120px; height: 48px;\"><\/td> <td style=\"text-align: center; width: 114px; height: 48px;\"><\/td> <\/tr> <\/tbody> <\/table> <\/div> <p>&nbsp;<\/p> <h4>A\u00d1OS ANTERIORES<\/h4> <table width=\"520\"> <tbody> <tr> <td style=\"width: 100px;\"><a href=\"http:\/\/187.174.252.244\/operadoras\/transparencia\/ley-general-y-ley-875\/cuenca-del-papaloapan-ley-general-y-ley-875-de-transparencia\/cuenca-del-papaloapan-fraccion-viii-a-1\/\"><img loading=\"lazy\" decoding=\"async\" class=\"aligncenter\" src=\"http:\/\/187.174.252.244\/caev\/Image\/2018\/folder-ico.jpg\" alt=\"\" width=\"51\" height=\"44\" \/><\/a><\/td> <td><\/td> <\/tr> <\/tbody> <\/table> <p style=\"text-align: center;\"><a href=\"http:\/\/187.174.252.244\/operadoras\/transparencia\/ley-general-y-ley-875\/cuenca-del-papaloapan-ley-general-y-ley-875-de-transparencia\/\"><img loading=\"lazy\" decoding=\"async\" class=\"alignnone size-medium\" src=\"http:\/\/187.174.252.244\/caev\/Oficinas_Operadoras\/Aarchivos\/home1.png\" width=\"36\" height=\"37\" \/><\/a> <a href=\"http:\/\/187.174.252.244\/operadoras\/transparencia\/ley-general-y-ley-875\/cuenca-del-papaloapan-ley-general-y-ley-875-de-transparencia\/\">regresar<\/a><\/p> ","protected":false},"excerpt":{"rendered":"<p>REMUNERACI\u00d3N BRUTA Y NETA &nbsp; Ejercicio: &nbsp; 2026 &nbsp; Trimestre \u00c1rea Responsable Fecha de Validaci\u00f3n de la Informaci\u00f3n Fecha de Actualizaci\u00f3n de la Inf. Descargar Informaci\u00f3n Primero Oficina Comercial y Administrativa 31\/03\/2026 31\/03\/2026 descargar archivo &nbsp; A\u00d1OS ANTERIORES regresar<\/p>\n","protected":false},"author":1,"featured_media":0,"parent":6696,"menu_order":0,"comment_status":"closed","ping_status":"closed","template":"","meta":{"footnotes":""},"class_list":["post-45510","page","type-page","status-publish","hentry"],"_links":{"self":[{"href":"http:\/\/187.174.252.244\/operadoras\/wp-json\/wp\/v2\/pages\/45510"}],"collection":[{"href":"http:\/\/187.174.252.244\/operadoras\/wp-json\/wp\/v2\/pages"}],"about":[{"href":"http:\/\/187.174.252.244\/operadoras\/wp-json\/wp\/v2\/types\/page"}],"author":[{"embeddable":true,"href":"http:\/\/187.174.252.244\/operadoras\/wp-json\/wp\/v2\/users\/1"}],"replies":[{"embeddable":true,"href":"http:\/\/187.174.252.244\/operadoras\/wp-json\/wp\/v2\/comments?post=45510"}],"version-history":[{"count":20,"href":"http:\/\/187.174.252.244\/operadoras\/wp-json\/wp\/v2\/pages\/45510\/revisions"}],"predecessor-version":[{"id":67931,"href":"http:\/\/187.174.252.244\/operadoras\/wp-json\/wp\/v2\/pages\/45510\/revisions\/67931"}],"up":[{"embeddable":true,"href":"http:\/\/187.174.252.244\/operadoras\/wp-json\/wp\/v2\/pages\/6696"}],"wp:attachment":[{"href":"http:\/\/187.174.252.244\/operadoras\/wp-json\/wp\/v2\/media?parent=45510"}],"curies":[{"name":"wp","href":"https:\/\/api.w.org\/{rel}","templated":true}]}}