{"id":481,"date":"2018-01-22T17:10:47","date_gmt":"2018-01-22T23:10:47","guid":{"rendered":"http:\/\/localhost\/?page_id=481"},"modified":"2026-03-10T14:40:07","modified_gmt":"2026-03-10T20:40:07","slug":"reportatel-01800-277-2782","status":"publish","type":"page","link":"http:\/\/187.174.252.244\/operadoras\/participacion-ciudadana\/reportatel-01800-277-2782\/","title":{"rendered":"Reportatel 800-277-2782"},"content":{"rendered":"<table style=\"height: 696px;\" width=\"725\"> <tbody> <tr style=\"height: 24px;\"> <td style=\"background-color: #86163b; height: 24px;\"><span style=\"color: #ffffff;\"><strong>ZONA NORTE<\/strong><\/span><\/td> <td style=\"background-color: #86163b; height: 24px;\"><span style=\"color: #ffffff;\"><strong>ZONA CENTRO<br \/> <\/strong><\/span><\/td> <td style=\"background-color: #86163b; height: 24px;\"><span style=\"color: #ffffff;\"><strong>ZONA SUR<br \/> <\/strong><\/span><\/td> <\/tr> <tr style=\"height: 24px;\"> <td style=\"height: 24px;\">&#8211; <a href=\"http:\/\/187.174.252.244\/operadoras\/participacion-ciudadana\/reportatel-01800-277-2782\/alamo-reportatel-01800-277-2782\/\">\u00c1lamo<\/a><\/td> <td style=\"height: 24px;\">&#8211; <a href=\"http:\/\/187.174.252.244\/operadoras\/participacion-ciudadana\/reportatel-01800-277-2782\/altotonga-reportatel-01800-277-2782\/\">Altotonga<\/a><\/td> <td style=\"height: 24px;\">&#8211; <a href=\"http:\/\/187.174.252.244\/operadoras\/participacion-ciudadana\/reportatel-01800-277-2782\/acayucan-reportatel-01800-277-2782\/\">Acayucan<\/a><\/td> <\/tr> <tr style=\"height: 24px;\"> <td style=\"height: 24px;\">&#8211; <a href=\"http:\/\/187.174.252.244\/operadoras\/participacion-ciudadana\/reportatel-01800-277-2782\/cerro-azul-reportatel-01800-277-2782\/\">Cerro Azul<\/a><\/td> <td style=\"height: 24px;\">&#8211; <a href=\"http:\/\/187.174.252.244\/operadoras\/participacion-ciudadana\/reportatel-01800-277-2782\/alvarado-reportatel-01800-277-2782\/\">Alvarado<\/a><\/td> <td style=\"height: 24px;\">&#8211; <a href=\"http:\/\/187.174.252.244\/operadoras\/participacion-ciudadana\/reportatel-01800-277-2782\/agua-dulce-reportatel-01800-277-2782\/\">Agua Dulce<\/a><\/td> <\/tr> <tr style=\"height: 24px;\"> <td style=\"height: 24px;\">&#8211; <a href=\"http:\/\/187.174.252.244\/operadoras\/participacion-ciudadana\/reportatel-01800-277-2782\/chicontepec-reportatel-01800-277-2782\/\">Chicontepec<\/a><\/td> <td style=\"height: 24px;\">&#8211; <a href=\"http:\/\/187.174.252.244\/operadoras\/participacion-ciudadana\/reportatel-01800-277-2782\/chichicaxtle-reportatel-01800-277-2782\/\">Chichicaxtle<\/a><\/td> <td style=\"height: 24px;\">&#8211; <a href=\"http:\/\/187.174.252.244\/operadoras\/participacion-ciudadana\/reportatel-01800-277-2782\/angel-r-cabada-reportatel-01800-277-2782\/\">\u00c1ngel R. Cabada<\/a><\/td> <\/tr> <tr style=\"height: 24px;\"> <td style=\"height: 24px;\">&#8211; <a href=\"http:\/\/187.174.252.244\/operadoras\/participacion-ciudadana\/reportatel-01800-277-2782\/coatzintla-reportatel-01800-277-2782\/\">Coatzintla<\/a><\/td> <td style=\"height: 24px;\">&#8211; <a href=\"http:\/\/187.174.252.244\/operadoras\/participacion-ciudadana\/reportatel-01800-277-2782\/ciudad-mendoza-reportatel-01800-277-2782\/\">Ciudad Mendoza<\/a><\/td> <td style=\"height: 24px;\">&#8211; <a href=\"http:\/\/187.174.252.244\/operadoras\/participacion-ciudadana\/reportatel-01800-277-2782\/carlos-a-carrillo-reportatel-01800-277-2782\/\">Carlos A. Carrillo<\/a><\/td> <\/tr> <tr style=\"height: 24px;\"> <td style=\"height: 24px;\">&#8211; <a href=\"http:\/\/187.174.252.244\/operadoras\/participacion-ciudadana\/reportatel-01800-277-2782\/el-higo-reportatel-01800-277-2782\/\">El Higo<\/a><\/td> <td style=\"height: 24px;\">&#8211; <a href=\"http:\/\/187.174.252.244\/operadoras\/participacion-ciudadana\/reportatel-01800-277-2782\/cuitlahuac-reportatel-01800-277-2782\/\">Cuitl\u00e1huac<\/a><\/td> <td style=\"height: 24px;\">&#8211; <a href=\"http:\/\/187.174.252.244\/operadoras\/participacion-ciudadana\/reportatel-01800-277-2782\/catemaco-reportatel-01800-277-2782\/\">Catemaco<\/a><\/td> <\/tr> <tr style=\"height: 24px;\"> <td style=\"height: 24px;\">&#8211; <a href=\"http:\/\/187.174.252.244\/operadoras\/participacion-ciudadana\/reportatel-01800-277-2782\/emilio-carranza-reportatel-01800-277-2782\/\">Emilio Carranza<\/a><\/td> <td style=\"height: 24px;\">&#8211; <a href=\"http:\/\/187.174.252.244\/operadoras\/participacion-ciudadana\/reportatel-01800-277-2782\/ixhuatlan-del-cafe-reportatel-01800-277-2782\/\">Ixhuatl\u00e1n del Caf\u00e9<\/a><\/td> <td style=\"height: 24px;\">&#8211; <a href=\"http:\/\/187.174.252.244\/operadoras\/participacion-ciudadana\/reportatel-01800-277-2782\/chacaltianguis-reportatel-01800-277-2782\/\">Chacaltianguis<\/a><\/td> <\/tr> <tr style=\"height: 24px;\"> <td style=\"height: 24px;\">&#8211; <a href=\"http:\/\/187.174.252.244\/operadoras\/participacion-ciudadana\/reportatel-01800-277-2782\/gutierrez-zamora-reportatel-01800-277-2782\/\">Guti\u00e9rrez Zamora<\/a><\/td> <td style=\"height: 24px;\">&#8211; <a href=\"http:\/\/187.174.252.244\/operadoras\/participacion-ciudadana\/reportatel-01800-277-2782\/jalacingo-reportatel-01800-277-2782\/\">Jalacingo<\/a><\/td> <td style=\"height: 24px;\">&#8211; <a href=\"http:\/\/187.174.252.244\/operadoras\/participacion-ciudadana\/reportatel-01800-277-2782\/chinameca-reportatel-01800-277-2782\/\">Chinameca<\/a><\/td> <\/tr> <tr style=\"height: 24px;\"> <td style=\"height: 24px;\">&#8211; <a href=\"http:\/\/187.174.252.244\/operadoras\/participacion-ciudadana\/reportatel-01800-277-2782\/martinez-de-la-torre-reportatel-01800-277-2782\/\">Mart\u00ednez de la Torre<\/a><\/td> <td style=\"height: 24px;\">&#8211; <a href=\"http:\/\/187.174.252.244\/operadoras\/participacion-ciudadana\/reportatel-01800-277-2782\/las-vigas-de-ramirez-reportatel-01800-277-2782\/\">Las Vigas de Ram\u00edrez<\/a><\/td> <td style=\"height: 24px;\">&#8211; <a href=\"http:\/\/187.174.252.244\/operadoras\/participacion-ciudadana\/reportatel-01800-277-2782\/ciudad-aleman-reportatel-01800-277-2782\/\">Ciudad Alem\u00e1n<\/a><\/td> <\/tr> <tr style=\"height: 24px;\"> <td style=\"height: 24px;\">&#8211; <a href=\"http:\/\/187.174.252.244\/operadoras\/participacion-ciudadana\/reportatel-01800-277-2782\/naranjos-amatlan-reportatel-01800-277-2782\/\">Naranjos<\/a><\/td> <td style=\"height: 24px;\">&#8211; <a href=\"http:\/\/187.174.252.244\/operadoras\/participacion-ciudadana\/reportatel-01800-277-2782\/misantla-reportatel-01800-277-2782\/\">Misantla<\/a><\/td> <td style=\"height: 24px;\">&#8211; <a href=\"http:\/\/187.174.252.244\/operadoras\/oficina-operadora\/estructura-organica-y-atribuciones\/cuenca-del-papaloapan-estructura-organica-y-atribuciones\/\">Cosamaloapan<\/a><\/td> <\/tr> <tr style=\"height: 24px;\"> <td style=\"height: 24px;\">&#8211; <a href=\"http:\/\/187.174.252.244\/operadoras\/participacion-ciudadana\/reportatel-01800-277-2782\/panuco-reportatel-01800-277-2782\/\">P\u00e1nuco<\/a><\/td> <td style=\"height: 24px;\">&#8211; <a href=\"http:\/\/187.174.252.244\/operadoras\/participacion-ciudadana\/reportatel-01800-277-2782\/nogales-reportatel-01800-277-2782\/\">Nogales<\/a><\/td> <td style=\"height: 24px;\">&#8211; <a href=\"http:\/\/187.174.252.244\/operadoras\/participacion-ciudadana\/reportatel-01800-277-2782\/ixhuatlan-del-sureste-reportatel-01800-277-2782\/\">Ixhuatl\u00e1n del Sureste<\/a><\/td> <\/tr> <tr style=\"height: 24px;\"> <td style=\"height: 24px;\">&#8211; <a href=\"http:\/\/187.174.252.244\/operadoras\/participacion-ciudadana\/reportatel-01800-277-2782\/papantla-reportatel-01800-277-2782\/\">Papantla<\/a><\/td> <td style=\"height: 24px;\">&#8211; <a href=\"http:\/\/187.174.252.244\/operadoras\/participacion-ciudadana\/reportatel-01800-277-2782\/paso-del-macho-reportatel-01800-277-2782\/\">Paso del Macho<\/a><\/td> <td style=\"height: 24px;\">&#8211; <a href=\"http:\/\/187.174.252.244\/operadoras\/participacion-ciudadana\/reportatel-01800-277-2782\/jesus-carranza-reportatel-01800-277-2782\/\">Jes\u00fas Carranza<\/a><\/td> <\/tr> <tr style=\"height: 24px;\"> <td style=\"height: 24px;\">&#8211; <a href=\"http:\/\/187.174.252.244\/operadoras\/participacion-ciudadana\/reportatel-01800-277-2782\/platon-sanchez-reportatel-01800-277-2782\/\">Plat\u00f3n S\u00e1nchez<\/a><\/td> <td style=\"height: 24px;\">&#8211; <a href=\"http:\/\/187.174.252.244\/operadoras\/participacion-ciudadana\/reportatel-01800-277-2782\/penuela-reportatel-01800-277-2782\/\">Pe\u00f1uela<\/a><\/td> <td style=\"height: 24px;\">&#8211; <a href=\"http:\/\/187.174.252.244\/operadoras\/participacion-ciudadana\/reportatel-01800-277-2782\/jose-azueta-reportatel-01800-277-2782\/\">Jos\u00e9 Azueta<\/a><\/td> <\/tr> <tr style=\"height: 24px;\"> <td style=\"height: 24px;\">&#8211; <a href=\"http:\/\/187.174.252.244\/operadoras\/participacion-ciudadana\/reportatel-01800-277-2782\/poza-rica-reportatel-01800-277-2782\/\">Poza Rica<\/a><\/td> <td style=\"height: 24px;\">&#8211; <a href=\"http:\/\/187.174.252.244\/operadoras\/participacion-ciudadana\/reportatel-01800-277-2782\/perote-reportatel-01800-277-2782\/\">Perote<\/a><\/td> <td style=\"height: 24px;\">&#8211; <a href=\"http:\/\/187.174.252.244\/operadoras\/participacion-ciudadana\/reportatel-01800-277-2782\/juan-diaz-covarrubias-reportatel-01800-277-2782\/\">Juan D\u00edaz Covarrubias<\/a><\/td> <\/tr> <tr style=\"height: 24px;\"> <td style=\"height: 24px;\">&#8211; <a href=\"http:\/\/187.174.252.244\/operadoras\/participacion-ciudadana\/reportatel-01800-277-2782\/pueblo-viejo-reportatel-01800-277-2782\/\">Pueblo Viejo<\/a><\/td> <td style=\"height: 24px;\">&#8211; <a href=\"http:\/\/187.174.252.244\/operadoras\/participacion-ciudadana\/reportatel-01800-277-2782\/piedras-negras-reportatel-01800-277-2782\/\">Piedras Negras<\/a><\/td> <td style=\"height: 24px;\">&#8211; <a href=\"http:\/\/187.174.252.244\/operadoras\/participacion-ciudadana\/reportatel-01800-277-2782\/juan-rodriguez-clara-reportatel-01800-277-2782\/\">Juan Rodr\u00edguez Clara<\/a><\/td> <\/tr> <tr style=\"height: 24px;\"> <td style=\"height: 24px;\">&#8211; <a href=\"http:\/\/187.174.252.244\/operadoras\/participacion-ciudadana\/reportatel-01800-277-2782\/tantoyuca-reportatel-01800-277-2782\/\">Tantoyuca<\/a><\/td> <td style=\"height: 24px;\">&#8211; <a href=\"http:\/\/187.174.252.244\/operadoras\/participacion-ciudadana\/reportatel-01800-277-2782\/rio-blanco-reportatel-01800-277-2782\/\">R\u00edo Blanco<\/a><\/td> <td style=\"height: 24px;\">&#8211; <a href=\"http:\/\/187.174.252.244\/operadoras\/participacion-ciudadana\/reportatel-01800-277-2782\/las-choapas-reportatel-01800-277-2782\/\">Las Choapas<\/a><\/td> <\/tr> <tr style=\"height: 24px;\"> <td style=\"height: 24px;\">&#8211; <a href=\"http:\/\/187.174.252.244\/operadoras\/participacion-ciudadana\/reportatel-01800-277-2782\/tempoal-reportatel-01800-277-2782\/\">Tempoal<\/a><\/td> <td style=\"height: 24px;\">&#8211; <a href=\"http:\/\/187.174.252.244\/operadoras\/participacion-ciudadana\/reportatel-01800-277-2782\/riviera-veracruzana-reportatel-800-277-2782\/\">Riviera Veracruzana<\/a><\/td> <td style=\"height: 24px;\">&#8211; <a href=\"http:\/\/187.174.252.244\/operadoras\/participacion-ciudadana\/reportatel-01800-277-2782\/nanchital-reportatel-01800-277-2782\/\">Nanchital<\/a><\/td> <\/tr> <tr style=\"height: 24px;\"> <td style=\"height: 24px;\">&#8211; <a href=\"http:\/\/187.174.252.244\/operadoras\/participacion-ciudadana\/reportatel-01800-277-2782\/tepetzintla-reportatel-01800-277-2782\/\">Tepetzintla<\/a><\/td> <td style=\"height: 24px;\">&#8211; <a href=\"http:\/\/187.174.252.244\/operadoras\/participacion-ciudadana\/reportatel-01800-277-2782\/soledad-de-doblado-reportatel-01800-277-2782\/\">Soledad de Doblado<\/a><\/td> <td style=\"height: 24px;\">&#8211; <a href=\"http:\/\/187.174.252.244\/operadoras\/participacion-ciudadana\/reportatel-01800-277-2782\/otatitlan-reportatel-01800-277-2782\/\">Otatitl\u00e1n<\/a><\/td> <\/tr> <tr style=\"height: 24px;\"> <td style=\"height: 24px;\">&#8211; <a href=\"http:\/\/187.174.252.244\/operadoras\/participacion-ciudadana\/reportatel-01800-277-2782\/tuxpan-reportatel-01800-277-2782\/\">Tuxpan<\/a><\/td> <td style=\"height: 24px;\">&#8211; <a href=\"http:\/\/187.174.252.244\/operadoras\/participacion-ciudadana\/reportatel-01800-277-2782\/tezonapa-reportatel-01800-277-2782\/\">Tezonapa<\/a><\/td> <td style=\"height: 24px;\">&#8211; <a href=\"http:\/\/187.174.252.244\/operadoras\/participacion-ciudadana\/reportatel-01800-277-2782\/playa-vicente-reportatel-01800-277-2782\/\">Playa Vicente<\/a><\/td> <\/tr> <tr style=\"height: 24px;\"> <td style=\"height: 24px;\">&#8211; <a href=\"http:\/\/187.174.252.244\/operadoras\/participacion-ciudadana\/reportatel-01800-277-2782\/vega-de-alatorre-reportatel-01800-277-2782\/\">Vega de Alatorre<\/a><\/td> <td style=\"height: 24px;\">&#8211; <a href=\"http:\/\/187.174.252.244\/operadoras\/participacion-ciudadana\/reportatel-01800-277-2782\/tlaltetela-reportatel-01800-277-2782\/\">Tlaltetela<\/a><\/td> <td style=\"height: 24px;\">&#8211; <a href=\"http:\/\/187.174.252.244\/operadoras\/participacion-ciudadana\/reportatel-01800-277-2782\/saltabarranca-reportatel-01800-277-2782\/\">Saltabarranca<\/a><\/td> <\/tr> <tr style=\"height: 24px;\"> <td style=\"height: 24px;\"><\/td> <td style=\"height: 24px;\">&#8211; <a href=\"http:\/\/187.174.252.244\/operadoras\/participacion-ciudadana\/reportatel-01800-277-2782\/tlapacoyan-reportatel-01800-277-2782\/\">Tlapacoyan<\/a><\/td> <td style=\"height: 24px;\">&#8211; <a href=\"http:\/\/187.174.252.244\/operadoras\/participacion-ciudadana\/reportatel-01800-277-2782\/santiago-tuxtla-reportatel-01800-277-2782\/\">Santiago Tuxtla<\/a><\/td> <\/tr> <tr style=\"height: 24px;\"> <td style=\"height: 24px;\"><\/td> <td style=\"height: 24px;\">&#8211; <a href=\"http:\/\/187.174.252.244\/operadoras\/participacion-ciudadana\/reportatel-01800-277-2782\/tomatlan-reportatel-01800-277-2782\/\">Tomatl\u00e1n<\/a><\/td> <td style=\"height: 24px;\">&#8211; <a href=\"http:\/\/187.174.252.244\/operadoras\/participacion-ciudadana\/reportatel-01800-277-2782\/sayula-de-aleman-reportatel-01800-277-2782\/\">Sayula de Alem\u00e1n<\/a><\/td> <\/tr> <tr style=\"height: 24px;\"> <td style=\"height: 24px;\"><\/td> <td style=\"height: 24px;\">&#8211; <a href=\"http:\/\/187.174.252.244\/operadoras\/participacion-ciudadana\/reportatel-01800-277-2782\/xico-reportatel-01800-277-2782\/\">Xico<\/a><\/td> <td style=\"height: 24px;\">&#8211; <a href=\"http:\/\/187.174.252.244\/operadoras\/participacion-ciudadana\/reportatel-01800-277-2782\/tlacotalpan-reportatel-01800-277-2782\/\">Tlacotalpan<\/a><\/td> <\/tr> <tr style=\"height: 24px;\"> <td style=\"height: 24px;\"><\/td> <td style=\"height: 24px;\">&#8211; <a href=\"http:\/\/187.174.252.244\/operadoras\/participacion-ciudadana\/reportatel-01800-277-2782\/yanga-reportatel-01800-277-2782\/\">Yanga<\/a><\/td> <td style=\"height: 24px;\">&#8211; <a href=\"http:\/\/187.174.252.244\/operadoras\/participacion-ciudadana\/reportatel-01800-277-2782\/tres-valles-reportatel-01800-277-2782\/\">Tres Valles<\/a><\/td> <\/tr> <tr style=\"height: 24px;\"> <td style=\"height: 24px;\"><\/td> <td style=\"height: 24px;\"><\/td> <td style=\"height: 24px;\"><\/td> <\/tr> <tr style=\"height: 24px;\"> <td style=\"height: 24px;\"><\/td> <td style=\"height: 24px;\"><\/td> <td style=\"height: 24px;\"><\/td> <\/tr> <tr style=\"height: 24px;\"> <td style=\"height: 24px;\"><\/td> <td style=\"height: 24px;\"><\/td> <td style=\"height: 24px;\"><\/td> <\/tr> <tr style=\"height: 24px;\"> <td style=\"height: 24px;\"><\/td> <td style=\"height: 24px;\"><\/td> <td style=\"height: 24px;\"><\/td> <\/tr> <tr style=\"height: 24px;\"> <td style=\"height: 24px;\"><\/td> <td style=\"height: 24px;\"><\/td> <td style=\"height: 24px;\"><\/td> <\/tr> <\/tbody> <\/table> <p>&nbsp;<\/p> <p>&nbsp;<\/p> ","protected":false},"excerpt":{"rendered":"<p>ZONA NORTE ZONA CENTRO ZONA SUR &#8211; \u00c1lamo &#8211; Altotonga &#8211; Acayucan &#8211; Cerro Azul &#8211; Alvarado &#8211; Agua Dulce &#8211; Chicontepec &#8211; Chichicaxtle &#8211; \u00c1ngel R. Cabada &#8211; Coatzintla &#8211; Ciudad Mendoza &#8211; Carlos A. Carrillo &#8211; El Higo &#8211; Cuitl\u00e1huac &#8211; Catemaco &#8211; Emilio Carranza &#8211; Ixhuatl\u00e1n del Caf\u00e9 &#8211; Chacaltianguis &#8211; Guti\u00e9rrez [&hellip;]<\/p>\n","protected":false},"author":1,"featured_media":0,"parent":165,"menu_order":0,"comment_status":"closed","ping_status":"closed","template":"","meta":{"footnotes":""},"class_list":["post-481","page","type-page","status-publish","hentry"],"_links":{"self":[{"href":"http:\/\/187.174.252.244\/operadoras\/wp-json\/wp\/v2\/pages\/481"}],"collection":[{"href":"http:\/\/187.174.252.244\/operadoras\/wp-json\/wp\/v2\/pages"}],"about":[{"href":"http:\/\/187.174.252.244\/operadoras\/wp-json\/wp\/v2\/types\/page"}],"author":[{"embeddable":true,"href":"http:\/\/187.174.252.244\/operadoras\/wp-json\/wp\/v2\/users\/1"}],"replies":[{"embeddable":true,"href":"http:\/\/187.174.252.244\/operadoras\/wp-json\/wp\/v2\/comments?post=481"}],"version-history":[{"count":25,"href":"http:\/\/187.174.252.244\/operadoras\/wp-json\/wp\/v2\/pages\/481\/revisions"}],"predecessor-version":[{"id":66670,"href":"http:\/\/187.174.252.244\/operadoras\/wp-json\/wp\/v2\/pages\/481\/revisions\/66670"}],"up":[{"embeddable":true,"href":"http:\/\/187.174.252.244\/operadoras\/wp-json\/wp\/v2\/pages\/165"}],"wp:attachment":[{"href":"http:\/\/187.174.252.244\/operadoras\/wp-json\/wp\/v2\/media?parent=481"}],"curies":[{"name":"wp","href":"https:\/\/api.w.org\/{rel}","templated":true}]}}