{"id":48287,"date":"2022-11-17T13:00:54","date_gmt":"2022-11-17T19:00:54","guid":{"rendered":"http:\/\/187.174.252.244\/operadoras\/?page_id=48287"},"modified":"2024-06-03T17:09:31","modified_gmt":"2024-06-03T23:09:31","slug":"saltabarranca-fraccion-ix-1","status":"publish","type":"page","link":"http:\/\/187.174.252.244\/operadoras\/transparencia\/ley-general-y-ley-875\/saltabarranca-ley-general-y-ley-875-de-transparencia\/saltabarranca-fraccion-ix-1\/","title":{"rendered":"Saltabarranca &#8211; Fracci\u00f3n IX"},"content":{"rendered":"<p><strong>GASTOS DE REPRESENTACI\u00d3N\u00a0Y VI\u00c1TICOS<br \/> <\/strong><\/p> <p>&nbsp;<\/p> <p>Los gastos de representaci\u00f3n de vi\u00e1ticos.<\/p> <p>&nbsp;<\/p> <p><strong><span style=\"color: #000000;\">EJERCICIO 2023<\/span><\/strong><\/p> <p>&nbsp;<\/p> <div class=\"caja\"> <table width=\"636\"> <tbody> <tr> <td style=\"width: 140px;\"><strong><img loading=\"lazy\" decoding=\"async\" class=\"alignnone aligncenter\" src=\"http:\/\/187.174.252.244\/caev\/Image\/2018\/fecha3-ico.png\" alt=\"\" width=\"46\" height=\"50\" \/><\/strong><\/td> <td style=\"width: 140px;\"> <h4>Ejercicio:<\/h4> <\/td> <td style=\"width: 140px;\" colspan=\"3\"> <p>&nbsp;<\/p> <p>2023<\/td> <\/tr> <\/tbody> <\/table> <p>&nbsp;<\/p> <table style=\"height: 265px;\" width=\"701\"> <tbody> <tr style=\"height: 61px;\"> <td style=\"width: 104px; height: 61px;\"><img loading=\"lazy\" decoding=\"async\" class=\"aligncenter\" src=\"http:\/\/187.174.252.244\/caev\/Image\/2018\/trimestre-ico.png\" alt=\"\" width=\"53\" height=\"60\" \/><\/td> <td style=\"width: 209px; height: 61px;\"><img loading=\"lazy\" decoding=\"async\" class=\"aligncenter\" src=\"http:\/\/187.174.252.244\/caev\/Image\/2018\/usuario-ico.png\" alt=\"\" width=\"56\" height=\"60\" \/><\/td> <td style=\"width: 118px; height: 61px;\"><img loading=\"lazy\" decoding=\"async\" class=\"aligncenter\" src=\"http:\/\/187.174.252.244\/caev\/Image\/2018\/anio-ico.png\" alt=\"\" width=\"59\" height=\"60\" \/><\/td> <td style=\"width: 122px; height: 61px;\"><img loading=\"lazy\" decoding=\"async\" class=\"aligncenter\" src=\"http:\/\/187.174.252.244\/caev\/Image\/2018\/anio-ico.png\" alt=\"\" width=\"59\" height=\"60\" \/><\/td> <td style=\"width: 114px; height: 61px;\"><img loading=\"lazy\" decoding=\"async\" class=\"aligncenter\" src=\"http:\/\/187.174.252.244\/caev\/Image\/2018\/cloud-ico.png\" alt=\"\" width=\"57\" height=\"60\" \/><\/td> <\/tr> <tr style=\"height: 96px;\"> <td style=\"text-align: center; height: 96px; width: 104px;\"><span style=\"color: #000000;\"><strong>Trimestre<\/strong><em><br \/> <\/em><\/span><\/td> <td style=\"text-align: center; height: 96px; width: 209px;\"><span style=\"color: #000000;\"><strong>\u00c1rea Responsable<\/strong><\/span><\/td> <td style=\"text-align: center; height: 96px; width: 118px;\"><span style=\"color: #000000;\"><strong>Fecha de Validaci\u00f3n de la Informaci\u00f3n<\/strong><\/span><\/td> <td style=\"text-align: center; height: 96px; width: 122px;\"><span style=\"color: #000000;\"><strong>Fecha de Actualizaci\u00f3n de la Inf.<\/strong><\/span><\/td> <td style=\"text-align: center; height: 96px; width: 114px;\"><span style=\"color: #000000;\"><strong>Descargar Informaci\u00f3n<\/strong><\/span><\/td> <\/tr> <tr style=\"height: 24px;\"> <td style=\"height: 24px; width: 104px;\"><\/td> <td style=\"height: 24px; width: 209px;\"><\/td> <td style=\"height: 24px; width: 118px;\"><\/td> <td style=\"height: 24px; width: 122px;\"><\/td> <td style=\"height: 24px; width: 114px;\"><\/td> <\/tr> <tr style=\"height: 24px;\"> <td style=\"text-align: center; height: 24px; width: 104px;\">Primero<\/td> <td style=\"text-align: center; height: 24px; width: 209px;\"><span style=\"color: #000000;\">Oficina Comercial y Administrativa<\/span><\/td> <td style=\"text-align: center; height: 24px; width: 118px;\"><span style=\"color: #000000;\">05\/04\/2023<\/span><\/td> <td style=\"text-align: center; height: 24px; width: 122px;\"><span style=\"color: #000000;\">31\/03\/2023<\/span><\/td> <td style=\"height: 24px; width: 114px; text-align: center;\"><a href=\"http:\/\/187.174.252.244\/caev\/pdfs\/oficinas_operadoras\/Saltabarranca\/2023\/66-FORM9-23-1.xlsx\">descargar archivo<\/a><\/td> <\/tr> <tr style=\"height: 24px;\"> <td style=\"text-align: center; height: 24px; width: 104px;\">Segundo<\/td> <td style=\"text-align: center; height: 24px; width: 209px;\"><span style=\"color: #000000;\">Oficina Comercial y Administrativa<\/span><\/td> <td style=\"text-align: center; height: 24px; width: 118px;\"><span style=\"color: #000000;\">20\/07\/2023<\/span><\/td> <td style=\"text-align: center; height: 24px; width: 122px;\"><span style=\"color: #000000;\">30\/06\/2023<\/span><\/td> <td style=\"height: 24px; width: 114px; text-align: center;\"><a href=\"http:\/\/187.174.252.244\/caev\/pdfs\/oficinas_operadoras\/Saltabarranca\/2023\/66-FORM9-23-2.xlsx\">descargar archivo<\/a><\/td> <\/tr> <tr style=\"height: 24px;\"> <td style=\"text-align: center; height: 24px; width: 104px;\">Tercero<\/td> <td style=\"text-align: center; height: 24px; width: 209px;\"><span style=\"color: #000000;\">Oficina Comercial y Administrativa<\/span><\/td> <td style=\"text-align: center; height: 24px; width: 118px;\"><span style=\"color: #000000;\">09\/10\/2023<\/span><\/td> <td style=\"text-align: center; height: 24px; width: 122px;\"><span style=\"color: #000000;\">30\/09\/2023<\/span><\/td> <td style=\"height: 24px; width: 114px; text-align: center;\"><a href=\"http:\/\/187.174.252.244\/caev\/pdfs\/oficinas_operadoras\/Saltabarranca\/2023\/66-FORM9-23-3.xlsx\">descargar archivo<\/a><\/td> <\/tr> <tr style=\"height: 24px;\"> <td style=\"text-align: center; height: 24px; width: 104px;\">Cuarto<\/td> <td style=\"text-align: center; height: 24px; width: 209px;\"><span style=\"color: #000000;\">Oficina Comercial y Administrativa<\/span><\/td> <td style=\"text-align: center; height: 24px; width: 118px;\"><span style=\"color: #000000;\">30\/01\/2024<\/span><\/td> <td style=\"text-align: center; height: 24px; width: 122px;\"><span style=\"color: #000000;\">31\/12\/2023<\/span><\/td> <td style=\"height: 24px; width: 114px; text-align: center;\"><a href=\"http:\/\/187.174.252.244\/caev\/pdfs\/oficinas_operadoras\/Saltabarranca\/2023\/66-FORM9-23-4.xlsx\">descargar archivo<\/a><\/td> <\/tr> <\/tbody> <\/table> <\/div> <p>&nbsp;<\/p> <hr \/> <p><strong><span style=\"color: #000000;\">EJERCICIO 2022<\/span><\/strong><\/p> <p>&nbsp;<\/p> <div class=\"caja\"> <table width=\"636\"> <tbody> <tr> <td style=\"width: 140px;\"><strong><img loading=\"lazy\" decoding=\"async\" class=\"alignnone aligncenter\" src=\"http:\/\/187.174.252.244\/caev\/Image\/2018\/fecha3-ico.png\" alt=\"\" width=\"46\" height=\"50\" \/><\/strong><\/td> <td style=\"width: 140px;\"> <h4>Ejercicio:<\/h4> <\/td> <td style=\"width: 140px;\" colspan=\"3\"> <p>&nbsp;<\/p> <p>2022<\/td> <\/tr> <\/tbody> <\/table> <p>&nbsp;<\/p> <table style=\"height: 265px;\" width=\"701\"> <tbody> <tr style=\"height: 61px;\"> <td style=\"width: 104px; height: 61px;\"><img loading=\"lazy\" decoding=\"async\" class=\"aligncenter\" src=\"http:\/\/187.174.252.244\/caev\/Image\/2018\/trimestre-ico.png\" alt=\"\" width=\"53\" height=\"60\" \/><\/td> <td style=\"width: 209px; height: 61px;\"><img loading=\"lazy\" decoding=\"async\" class=\"aligncenter\" src=\"http:\/\/187.174.252.244\/caev\/Image\/2018\/usuario-ico.png\" alt=\"\" width=\"56\" height=\"60\" \/><\/td> <td style=\"width: 118px; height: 61px;\"><img loading=\"lazy\" decoding=\"async\" class=\"aligncenter\" src=\"http:\/\/187.174.252.244\/caev\/Image\/2018\/anio-ico.png\" alt=\"\" width=\"59\" height=\"60\" \/><\/td> <td style=\"width: 122px; height: 61px;\"><img loading=\"lazy\" decoding=\"async\" class=\"aligncenter\" src=\"http:\/\/187.174.252.244\/caev\/Image\/2018\/anio-ico.png\" alt=\"\" width=\"59\" height=\"60\" \/><\/td> <td style=\"width: 114px; height: 61px;\"><img loading=\"lazy\" decoding=\"async\" class=\"aligncenter\" src=\"http:\/\/187.174.252.244\/caev\/Image\/2018\/cloud-ico.png\" alt=\"\" width=\"57\" height=\"60\" \/><\/td> <\/tr> <tr style=\"height: 96px;\"> <td style=\"text-align: center; height: 96px; width: 104px;\"><span style=\"color: #000000;\"><strong>Trimestre<\/strong><em><br \/> <\/em><\/span><\/td> <td style=\"text-align: center; height: 96px; width: 209px;\"><span style=\"color: #000000;\"><strong>\u00c1rea Responsable<\/strong><\/span><\/td> <td style=\"text-align: center; height: 96px; width: 118px;\"><span style=\"color: #000000;\"><strong>Fecha de Validaci\u00f3n de la Informaci\u00f3n<\/strong><\/span><\/td> <td style=\"text-align: center; height: 96px; width: 122px;\"><span style=\"color: #000000;\"><strong>Fecha de Actualizaci\u00f3n de la Inf.<\/strong><\/span><\/td> <td style=\"text-align: center; height: 96px; width: 114px;\"><span style=\"color: #000000;\"><strong>Descargar Informaci\u00f3n<\/strong><\/span><\/td> <\/tr> <tr style=\"height: 24px;\"> <td style=\"height: 24px; width: 104px;\"><\/td> <td style=\"height: 24px; width: 209px;\"><\/td> <td style=\"height: 24px; width: 118px;\"><\/td> <td style=\"height: 24px; width: 122px;\"><\/td> <td style=\"height: 24px; width: 114px;\"><\/td> <\/tr> <tr style=\"height: 24px;\"> <td style=\"text-align: center; height: 24px; width: 104px;\">Primero<\/td> <td style=\"text-align: center; height: 24px; width: 209px;\"><span style=\"color: #000000;\">Oficina Comercial y Administrativa<\/span><\/td> <td style=\"text-align: center; height: 24px; width: 118px;\"><span style=\"color: #000000;\">13\/04\/2022<\/span><\/td> <td style=\"text-align: center; height: 24px; width: 122px;\"><span style=\"color: #000000;\">31\/03\/2022<\/span><\/td> <td style=\"height: 24px; width: 114px; text-align: center;\"><a href=\"http:\/\/187.174.252.244\/caev\/pdfs\/oficinas_operadoras\/Saltabarranca\/2022\/66-FORM9-22-1.xlsx\">descargar archivo<\/a><\/td> <\/tr> <tr style=\"height: 24px;\"> <td style=\"text-align: center; height: 24px; width: 104px;\"><\/td> <td style=\"text-align: center; height: 24px; width: 209px;\"><\/td> <td style=\"text-align: center; height: 24px; width: 118px;\"><\/td> <td style=\"text-align: center; height: 24px; width: 122px;\"><\/td> <td style=\"height: 24px; width: 114px; text-align: center;\"><\/td> <\/tr> <tr style=\"height: 24px;\"> <td style=\"text-align: center; height: 24px; width: 104px;\">Tercero<\/td> <td style=\"text-align: center; height: 24px; width: 209px;\"><span style=\"color: #000000;\">Oficina Comercial y Administrativa<\/span><\/td> <td style=\"text-align: center; height: 24px; width: 118px;\"><span style=\"color: #000000;\">25\/10\/2022<\/span><\/td> <td style=\"text-align: center; height: 24px; width: 122px;\"><span style=\"color: #000000;\">30\/09\/2022<\/span><\/td> <td style=\"height: 24px; width: 114px; text-align: center;\"><a href=\"http:\/\/187.174.252.244\/caev\/pdfs\/oficinas_operadoras\/Saltabarranca\/2022\/66-FORM9-22-3.xlsx\">descargar archivo<\/a><\/td> <\/tr> <tr style=\"height: 24px;\"> <td style=\"text-align: center; height: 24px; width: 104px;\">Cuarto<\/td> <td style=\"text-align: center; height: 24px; width: 209px;\"><span style=\"color: #000000;\">Oficina Comercial y Administrativa<\/span><\/td> <td style=\"text-align: center; height: 24px; width: 118px;\"><span style=\"color: #000000;\">11\/01\/2023<\/span><\/td> <td style=\"text-align: center; height: 24px; width: 122px;\"><span style=\"color: #000000;\">31\/12\/2022<\/span><\/td> <td style=\"height: 24px; width: 114px; text-align: center;\"><a href=\"http:\/\/187.174.252.244\/caev\/pdfs\/oficinas_operadoras\/Saltabarranca\/2022\/66-FORM9-22-4.xlsx\">descargar archivo<\/a><\/td> <\/tr> <\/tbody> <\/table> <\/div> <p>&nbsp;<\/p> <hr \/> <p><strong><span style=\"color: #000000;\">EJERCICIO 2021<\/span><\/strong><\/p> <p>&nbsp;<\/p> <div class=\"caja\"> <table width=\"636\"> <tbody> <tr> <td style=\"width: 140px;\"><strong><img loading=\"lazy\" decoding=\"async\" class=\"alignnone aligncenter\" src=\"http:\/\/187.174.252.244\/caev\/Image\/2018\/fecha3-ico.png\" alt=\"\" width=\"46\" height=\"50\" \/><\/strong><\/td> <td style=\"width: 140px;\"> <h4>Ejercicio:<\/h4> <\/td> <td style=\"width: 140px;\" colspan=\"3\"> <p>&nbsp;<\/p> <p>2021<\/td> <\/tr> <\/tbody> <\/table> <p>&nbsp;<\/p> <table style=\"height: 265px;\" width=\"701\"> <tbody> <tr style=\"height: 61px;\"> <td style=\"width: 104px; height: 61px;\"><img loading=\"lazy\" decoding=\"async\" class=\"aligncenter\" src=\"http:\/\/187.174.252.244\/caev\/Image\/2018\/trimestre-ico.png\" alt=\"\" width=\"53\" height=\"60\" \/><\/td> <td style=\"width: 209px; height: 61px;\"><img loading=\"lazy\" decoding=\"async\" class=\"aligncenter\" src=\"http:\/\/187.174.252.244\/caev\/Image\/2018\/usuario-ico.png\" alt=\"\" width=\"56\" height=\"60\" \/><\/td> <td style=\"width: 118px; height: 61px;\"><img loading=\"lazy\" decoding=\"async\" class=\"aligncenter\" src=\"http:\/\/187.174.252.244\/caev\/Image\/2018\/anio-ico.png\" alt=\"\" width=\"59\" height=\"60\" \/><\/td> <td style=\"width: 122px; height: 61px;\"><img loading=\"lazy\" decoding=\"async\" class=\"aligncenter\" src=\"http:\/\/187.174.252.244\/caev\/Image\/2018\/anio-ico.png\" alt=\"\" width=\"59\" height=\"60\" \/><\/td> <td style=\"width: 114px; height: 61px;\"><img loading=\"lazy\" decoding=\"async\" class=\"aligncenter\" src=\"http:\/\/187.174.252.244\/caev\/Image\/2018\/cloud-ico.png\" alt=\"\" width=\"57\" height=\"60\" \/><\/td> <\/tr> <tr style=\"height: 96px;\"> <td style=\"text-align: center; height: 96px; width: 104px;\"><span style=\"color: #000000;\"><strong>Trimestre<\/strong><em><br \/> <\/em><\/span><\/td> <td style=\"text-align: center; height: 96px; width: 209px;\"><span style=\"color: #000000;\"><strong>\u00c1rea Responsable<\/strong><\/span><\/td> <td style=\"text-align: center; height: 96px; width: 118px;\"><span style=\"color: #000000;\"><strong>Fecha de Validaci\u00f3n de la Informaci\u00f3n<\/strong><\/span><\/td> <td style=\"text-align: center; height: 96px; width: 122px;\"><span style=\"color: #000000;\"><strong>Fecha de Actualizaci\u00f3n de la Inf.<\/strong><\/span><\/td> <td style=\"text-align: center; height: 96px; width: 114px;\"><span style=\"color: #000000;\"><strong>Descargar Informaci\u00f3n<\/strong><\/span><\/td> <\/tr> <tr style=\"height: 24px;\"> <td style=\"height: 24px; width: 104px;\"><\/td> <td style=\"height: 24px; width: 209px;\"><\/td> <td style=\"height: 24px; width: 118px;\"><\/td> <td style=\"height: 24px; width: 122px;\"><\/td> <td style=\"height: 24px; width: 114px;\"><\/td> <\/tr> <tr style=\"height: 24px;\"> <td style=\"text-align: center; height: 24px; width: 104px;\">Primero<\/td> <td style=\"text-align: center; height: 24px; width: 209px;\"><span style=\"color: #000000;\">Oficina Comercial y Administrativa<\/span><\/td> <td style=\"text-align: center; height: 24px; width: 118px;\"><span style=\"color: #000000;\">20\/04\/2021<\/span><\/td> <td style=\"text-align: center; height: 24px; width: 122px;\"><span style=\"color: #000000;\">31\/03\/2021<\/span><\/td> <td style=\"height: 24px; width: 114px; text-align: center;\"><a href=\"http:\/\/187.174.252.244\/caev\/pdfs\/oficinas_operadoras\/Saltabarranca\/2021\/66-FORM9-21-1.xlsx\">descargar archivo<\/a><\/td> <\/tr> <tr style=\"height: 24px;\"> <td style=\"text-align: center; height: 24px; width: 104px;\"><\/td> <td style=\"text-align: center; height: 24px; width: 209px;\"><\/td> <td style=\"text-align: center; height: 24px; width: 118px;\"><\/td> <td style=\"text-align: center; height: 24px; width: 122px;\"><\/td> <td style=\"height: 24px; width: 114px; text-align: center;\"><\/td> <\/tr> <tr style=\"height: 24px;\"> <td style=\"text-align: center; height: 24px; width: 104px;\">Tercero<\/td> <td style=\"text-align: center; height: 24px; width: 209px;\"><span style=\"color: #000000;\">Oficina Comercial y Administrativa<\/span><\/td> <td style=\"text-align: center; height: 24px; width: 118px;\"><span style=\"color: #000000;\">08\/10\/2021<\/span><\/td> <td style=\"text-align: center; height: 24px; width: 122px;\"><span style=\"color: #000000;\">30\/09\/2021<\/span><\/td> <td style=\"height: 24px; width: 114px; text-align: center;\"><a href=\"http:\/\/187.174.252.244\/caev\/pdfs\/oficinas_operadoras\/Saltabarranca\/2021\/66-FORM9-21-3.xlsx\">descargar archivo<\/a><\/td> <\/tr> <tr style=\"height: 24px;\"> <td style=\"text-align: center; height: 24px; width: 104px;\"><\/td> <td style=\"text-align: center; height: 24px; width: 209px;\"><\/td> <td style=\"text-align: center; height: 24px; width: 118px;\"><\/td> <td style=\"text-align: center; height: 24px; width: 122px;\"><\/td> <td style=\"text-align: center; height: 24px; width: 114px;\"><\/td> <\/tr> <\/tbody> <\/table> <\/div> <p>&nbsp;<\/p> <div> <table width=\"520\"> <tbody> <tr> <td style=\"width: 100px;\"><a href=\"http:\/\/187.174.252.244\/operadoras\/transparencia\/ley-general-y-ley-875\/saltabarranca-ley-general-y-ley-875-de-transparencia\/saltabarranca-fraccion-ix\"><img loading=\"lazy\" decoding=\"async\" class=\"aligncenter\" src=\"http:\/\/187.174.252.244\/caev\/Image\/2018\/folder-ico.jpg\" alt=\"\" width=\"51\" height=\"44\" \/><\/a><\/td> <td><a href=\"http:\/\/187.174.252.244\/operadoras\/transparencia\/ley-general-y-ley-875\/saltabarranca-ley-general-y-ley-875-de-transparencia\/saltabarranca-fraccion-ix\">Ejercicio Actual<\/a><\/td> <\/tr> <\/tbody> <\/table> <\/div> <p>&nbsp;<\/p> <p style=\"text-align: center;\"><a href=\"http:\/\/187.174.252.244\/operadoras\/transparencia\/ley-general-y-ley-875\/saltabarranca-ley-general-y-ley-875-de-transparencia\/\"><img loading=\"lazy\" decoding=\"async\" class=\"alignnone size-medium\" src=\"http:\/\/187.174.252.244\/caev\/Oficinas_Operadoras\/Aarchivos\/home1.png\" width=\"36\" height=\"37\" \/><\/a> <a href=\"http:\/\/187.174.252.244\/operadoras\/transparencia\/ley-general-y-ley-875\/saltabarranca-ley-general-y-ley-875-de-transparencia\/\">regresar<\/a><\/p> ","protected":false},"excerpt":{"rendered":"<p>GASTOS DE REPRESENTACI\u00d3N\u00a0Y VI\u00c1TICOS &nbsp; Los gastos de representaci\u00f3n de vi\u00e1ticos. &nbsp; EJERCICIO 2023 &nbsp; Ejercicio: &nbsp; 2023 &nbsp; Trimestre \u00c1rea Responsable Fecha de Validaci\u00f3n de la Informaci\u00f3n Fecha de Actualizaci\u00f3n de la Inf. Descargar Informaci\u00f3n Primero Oficina Comercial y Administrativa 05\/04\/2023 31\/03\/2023 descargar archivo Segundo Oficina Comercial y Administrativa 20\/07\/2023 30\/06\/2023 descargar archivo Tercero [&hellip;]<\/p>\n","protected":false},"author":1,"featured_media":0,"parent":6762,"menu_order":0,"comment_status":"closed","ping_status":"closed","template":"","meta":{"footnotes":""},"class_list":["post-48287","page","type-page","status-publish","hentry"],"_links":{"self":[{"href":"http:\/\/187.174.252.244\/operadoras\/wp-json\/wp\/v2\/pages\/48287"}],"collection":[{"href":"http:\/\/187.174.252.244\/operadoras\/wp-json\/wp\/v2\/pages"}],"about":[{"href":"http:\/\/187.174.252.244\/operadoras\/wp-json\/wp\/v2\/types\/page"}],"author":[{"embeddable":true,"href":"http:\/\/187.174.252.244\/operadoras\/wp-json\/wp\/v2\/users\/1"}],"replies":[{"embeddable":true,"href":"http:\/\/187.174.252.244\/operadoras\/wp-json\/wp\/v2\/comments?post=48287"}],"version-history":[{"count":4,"href":"http:\/\/187.174.252.244\/operadoras\/wp-json\/wp\/v2\/pages\/48287\/revisions"}],"predecessor-version":[{"id":56886,"href":"http:\/\/187.174.252.244\/operadoras\/wp-json\/wp\/v2\/pages\/48287\/revisions\/56886"}],"up":[{"embeddable":true,"href":"http:\/\/187.174.252.244\/operadoras\/wp-json\/wp\/v2\/pages\/6762"}],"wp:attachment":[{"href":"http:\/\/187.174.252.244\/operadoras\/wp-json\/wp\/v2\/media?parent=48287"}],"curies":[{"name":"wp","href":"https:\/\/api.w.org\/{rel}","templated":true}]}}