{"id":510,"date":"2018-01-22T17:56:55","date_gmt":"2018-01-22T23:56:55","guid":{"rendered":"http:\/\/localhost\/?page_id=510"},"modified":"2018-05-17T16:37:09","modified_gmt":"2018-05-17T22:37:09","slug":"fraccion-ix","status":"publish","type":"page","link":"http:\/\/187.174.252.244\/operadoras\/transparencia\/ley-estatal-abrogada\/alamo-ley-estatal-abrogada\/fraccion-ix\/","title":{"rendered":"\u00c1lamo &#8211; Fracci\u00f3n IX."},"content":{"rendered":"<p><strong><span style=\"color: #000000;\">PRESUPUESTO ASIGNADO Y SU APLICACI\u00d3N<\/span><br \/> <\/strong><\/p> <p>&nbsp;<\/p> <table width=\"518\"> <tbody> <tr> <td><\/td> <td><span style=\"color: #000000;\"><strong>Ejercicio 2016<\/strong><\/span><\/td> <\/tr> <tr> <td style=\"width: 100px;\"><a href=\"http:\/\/187.174.252.244\/caev\/pdfs\/oficinas_operadoras\/AarchivosGenerales\/PRESUPUESTO%20OFICINAS%20OP%202016.pdf\" target=\"_blank\" rel=\"noopener\"><img loading=\"lazy\" decoding=\"async\" class=\"size-medium aligncenter\" src=\"http:\/\/187.174.252.244\/caev\/Oficinas_Operadoras\/Aarchivos\/folder.png\" width=\"44\" height=\"43\" \/><\/a><\/td> <td><a href=\"http:\/\/187.174.252.244\/caev\/pdfs\/oficinas_operadoras\/AarchivosGenerales\/PRESUPUESTO%20OFICINAS%20OP%202016.pdf\" target=\"_blank\" rel=\"noopener\">Presupuesto asignado y su aplicaci\u00f3n<\/a><\/td> <\/tr> <tr> <td><\/td> <td><\/td> <\/tr> <tr> <td><\/td> <td><span style=\"color: #000000;\"><strong>Ejercicio 2015<\/strong><\/span><\/td> <\/tr> <tr> <td><a href=\"http:\/\/187.174.252.244\/caev\/pdfs\/Presupuesto_asignado\/2015\/PRESUPUESTO%202015%20CAEV.pdf\" target=\"_blank\" rel=\"noopener\"><img loading=\"lazy\" decoding=\"async\" class=\"size-medium aligncenter\" src=\"http:\/\/187.174.252.244\/caev\/Oficinas_Operadoras\/Aarchivos\/folder.png\" width=\"44\" height=\"43\" \/><\/a><\/td> <td><a href=\"http:\/\/187.174.252.244\/caev\/pdfs\/Presupuesto_asignado\/2015\/PRESUPUESTO%202015%20CAEV.pdf\" target=\"_blank\" rel=\"noopener\">Presupuesto asignado y su aplicaci\u00f3n<\/a><\/td> <\/tr> <tr> <td><\/td> <td><\/td> <\/tr> <tr> <td><\/td> <td><span style=\"color: #000000;\"><strong>Ejercicio 2014<\/strong><\/span><\/td> <\/tr> <tr> <td><a href=\"http:\/\/187.174.252.244\/caev\/pdfs\/oficinas_operadoras\/AarchivosGenerales\/PRESUPUESTO%202014%20(TODAS%20LAS%20OFICINAS).pdf\" target=\"_blank\" rel=\"noopener\"><img loading=\"lazy\" decoding=\"async\" class=\"size-medium aligncenter\" src=\"http:\/\/187.174.252.244\/caev\/Oficinas_Operadoras\/Aarchivos\/folder.png\" width=\"44\" height=\"43\" \/><\/a><\/td> <td><a href=\"http:\/\/187.174.252.244\/caev\/pdfs\/oficinas_operadoras\/AarchivosGenerales\/PRESUPUESTO%202014%20(TODAS%20LAS%20OFICINAS).pdf\" target=\"_blank\" rel=\"noopener\">Presupuesto asignado y su aplicaci\u00f3n<\/a><\/td> <\/tr> <tr> <td><\/td> <td><\/td> <\/tr> <tr> <td><\/td> <td><span style=\"color: #000000;\"><strong>Ejercicio 2013<\/strong><\/span><\/td> <\/tr> <tr> <td><a href=\"http:\/\/187.174.252.244\/caev\/pdfs\/Presupuesto_asignado\/2013\/PRESUPUESTO%202013%20CAEV.pdf\" target=\"_blank\" rel=\"noopener\"><img loading=\"lazy\" decoding=\"async\" class=\"size-medium aligncenter\" src=\"http:\/\/187.174.252.244\/caev\/Oficinas_Operadoras\/Aarchivos\/folder.png\" width=\"44\" height=\"43\" \/><\/a><\/td> <td><a href=\"http:\/\/187.174.252.244\/caev\/pdfs\/Presupuesto_asignado\/2013\/PRESUPUESTO%202013%20CAEV.pdf\" target=\"_blank\" rel=\"noopener\">Presupuesto asignado y su aplicaci\u00f3n<\/a><\/td> <\/tr> <tr> <td><\/td> <td><\/td> <\/tr> <tr> <td><\/td> <td><span style=\"color: #000000;\"><strong>Ejercicio 2012<\/strong><\/span><\/td> <\/tr> <tr> <td><a href=\"http:\/\/187.174.252.244\/caev\/pdfs\/oficinas_operadoras\/AarchivosGenerales\/Solicitud%20autorizacion%20presupuesto%202012.pdf\" target=\"_blank\" rel=\"noopener\"><img loading=\"lazy\" decoding=\"async\" class=\"size-medium aligncenter\" src=\"http:\/\/187.174.252.244\/caev\/Oficinas_Operadoras\/Aarchivos\/folder.png\" width=\"44\" height=\"43\" \/><\/a><\/td> <td><a href=\"http:\/\/187.174.252.244\/caev\/pdfs\/oficinas_operadoras\/AarchivosGenerales\/Solicitud%20autorizacion%20presupuesto%202012.pdf\" target=\"_blank\" rel=\"noopener\">Presupuesto asignado y su aplicaci\u00f3n<\/a><\/td> <\/tr> <\/tbody> <\/table> <p>&nbsp;<\/p> <p>&nbsp;<\/p> <p>&nbsp;<\/p> <p>&nbsp;<\/p> <p>&nbsp;<\/p> <p style=\"text-align: center;\">\u00a0<a href=\"http:\/\/187.174.252.244\/operadoras\/transparencia\/ley-estatal-abrogada\/alamo-ley-estatal-abrogada\/\"><img loading=\"lazy\" decoding=\"async\" class=\"alignnone size-medium\" src=\"http:\/\/187.174.252.244\/caev\/Oficinas_Operadoras\/Aarchivos\/home1.png\" width=\"36\" height=\"37\" \/><\/a> <a href=\"http:\/\/187.174.252.244\/operadoras\/transparencia\/ley-estatal-abrogada\/alamo-ley-estatal-abrogada\/\">regresar<\/a><\/p> ","protected":false},"excerpt":{"rendered":"<p>PRESUPUESTO ASIGNADO Y SU APLICACI\u00d3N &nbsp; Ejercicio 2016 Presupuesto asignado y su aplicaci\u00f3n Ejercicio 2015 Presupuesto asignado y su aplicaci\u00f3n Ejercicio 2014 Presupuesto asignado y su aplicaci\u00f3n Ejercicio 2013 Presupuesto asignado y su aplicaci\u00f3n Ejercicio 2012 Presupuesto asignado y su aplicaci\u00f3n &nbsp; &nbsp; &nbsp; &nbsp; &nbsp; \u00a0 regresar<\/p>\n","protected":false},"author":1,"featured_media":0,"parent":646,"menu_order":0,"comment_status":"closed","ping_status":"closed","template":"","meta":{"footnotes":""},"class_list":["post-510","page","type-page","status-publish","hentry"],"_links":{"self":[{"href":"http:\/\/187.174.252.244\/operadoras\/wp-json\/wp\/v2\/pages\/510"}],"collection":[{"href":"http:\/\/187.174.252.244\/operadoras\/wp-json\/wp\/v2\/pages"}],"about":[{"href":"http:\/\/187.174.252.244\/operadoras\/wp-json\/wp\/v2\/types\/page"}],"author":[{"embeddable":true,"href":"http:\/\/187.174.252.244\/operadoras\/wp-json\/wp\/v2\/users\/1"}],"replies":[{"embeddable":true,"href":"http:\/\/187.174.252.244\/operadoras\/wp-json\/wp\/v2\/comments?post=510"}],"version-history":[{"count":6,"href":"http:\/\/187.174.252.244\/operadoras\/wp-json\/wp\/v2\/pages\/510\/revisions"}],"predecessor-version":[{"id":533,"href":"http:\/\/187.174.252.244\/operadoras\/wp-json\/wp\/v2\/pages\/510\/revisions\/533"}],"up":[{"embeddable":true,"href":"http:\/\/187.174.252.244\/operadoras\/wp-json\/wp\/v2\/pages\/646"}],"wp:attachment":[{"href":"http:\/\/187.174.252.244\/operadoras\/wp-json\/wp\/v2\/media?parent=510"}],"curies":[{"name":"wp","href":"https:\/\/api.w.org\/{rel}","templated":true}]}}