{"id":6362,"date":"2018-05-28T13:45:35","date_gmt":"2018-05-28T19:45:35","guid":{"rendered":"http:\/\/localhost\/?page_id=6362"},"modified":"2018-05-29T09:54:03","modified_gmt":"2018-05-29T15:54:03","slug":"platon-sanchez-fraccion-xvi","status":"publish","type":"page","link":"http:\/\/187.174.252.244\/operadoras\/transparencia\/ley-estatal-abrogada\/platon-sanchez-ley-estatal-abrogada\/platon-sanchez-fraccion-xvi\/","title":{"rendered":"Plat\u00f3n S\u00e1nchez &#8211; Fracci\u00f3n XVI."},"content":{"rendered":"<p><strong>INVENTARIO DE BIENES INMUEBLES<br \/> <\/strong><\/p> <p>&nbsp;<\/p> <table width=\"518\"> <tbody> <tr> <td><a href=\"http:\/\/187.174.252.244\/caev\/pdfs\/oficinas_operadoras\/PlatonSanchez\/Inventario%20bienes%20muebles.pdf\" target=\"_blank\" rel=\"noopener\"><img loading=\"lazy\" decoding=\"async\" class=\"size-medium aligncenter\" src=\"http:\/\/187.174.252.244\/caev\/Oficinas_Operadoras\/Aarchivos\/folder.png\" width=\"44\" height=\"43\" \/><\/a><\/td> <td><a href=\"http:\/\/187.174.252.244\/caev\/pdfs\/oficinas_operadoras\/PlatonSanchez\/Inventario%20bienes%20muebles.pdf\" target=\"_blank\" rel=\"noopener\">Inventario de bienes muebles<\/a><\/td> <\/tr> <tr> <td><\/td> <td><\/td> <\/tr> <tr> <td><img loading=\"lazy\" decoding=\"async\" class=\"size-medium aligncenter\" src=\"http:\/\/187.174.252.244\/caev\/Oficinas_Operadoras\/Aarchivos\/folder.png\" width=\"44\" height=\"43\" \/><\/td> <td>Inventario de bienes inmuebles<\/td> <\/tr> <\/tbody> <\/table> <p>&nbsp;<\/p> <p>&nbsp;<\/p> <p>&nbsp;<\/p> <p>&nbsp;<\/p> <p>&nbsp;<\/p> <p style=\"text-align: center;\">\u00a0<a href=\"http:\/\/187.174.252.244\/operadoras\/transparencia\/ley-estatal-abrogada\/platon-sanchez-ley-estatal-abrogada\/\"><img loading=\"lazy\" decoding=\"async\" class=\"alignnone size-medium\" src=\"http:\/\/187.174.252.244\/caev\/Oficinas_Operadoras\/Aarchivos\/home1.png\" width=\"36\" height=\"37\" \/><\/a> <a href=\"http:\/\/187.174.252.244\/operadoras\/transparencia\/ley-estatal-abrogada\/platon-sanchez-ley-estatal-abrogada\/\">regresar<\/a><\/p> ","protected":false},"excerpt":{"rendered":"<p>INVENTARIO DE BIENES INMUEBLES &nbsp; Inventario de bienes muebles Inventario de bienes inmuebles &nbsp; &nbsp; &nbsp; &nbsp; &nbsp; \u00a0 regresar<\/p>\n","protected":false},"author":1,"featured_media":0,"parent":4207,"menu_order":0,"comment_status":"closed","ping_status":"closed","template":"","meta":{"footnotes":""},"class_list":["post-6362","page","type-page","status-publish","hentry"],"_links":{"self":[{"href":"http:\/\/187.174.252.244\/operadoras\/wp-json\/wp\/v2\/pages\/6362"}],"collection":[{"href":"http:\/\/187.174.252.244\/operadoras\/wp-json\/wp\/v2\/pages"}],"about":[{"href":"http:\/\/187.174.252.244\/operadoras\/wp-json\/wp\/v2\/types\/page"}],"author":[{"embeddable":true,"href":"http:\/\/187.174.252.244\/operadoras\/wp-json\/wp\/v2\/users\/1"}],"replies":[{"embeddable":true,"href":"http:\/\/187.174.252.244\/operadoras\/wp-json\/wp\/v2\/comments?post=6362"}],"version-history":[{"count":3,"href":"http:\/\/187.174.252.244\/operadoras\/wp-json\/wp\/v2\/pages\/6362\/revisions"}],"predecessor-version":[{"id":6614,"href":"http:\/\/187.174.252.244\/operadoras\/wp-json\/wp\/v2\/pages\/6362\/revisions\/6614"}],"up":[{"embeddable":true,"href":"http:\/\/187.174.252.244\/operadoras\/wp-json\/wp\/v2\/pages\/4207"}],"wp:attachment":[{"href":"http:\/\/187.174.252.244\/operadoras\/wp-json\/wp\/v2\/media?parent=6362"}],"curies":[{"name":"wp","href":"https:\/\/api.w.org\/{rel}","templated":true}]}}