{"id":7420,"date":"2018-06-04T07:47:47","date_gmt":"2018-06-04T13:47:47","guid":{"rendered":"http:\/\/localhost\/?page_id=7420"},"modified":"2026-01-22T17:58:07","modified_gmt":"2026-01-22T23:58:07","slug":"ciudad-aleman-fraccion-iii","status":"publish","type":"page","link":"http:\/\/187.174.252.244\/operadoras\/transparencia\/ley-general-y-ley-875\/ciudad-aleman-ley-general-y-ley-875-de-transparencia\/ciudad-aleman-fraccion-iii\/","title":{"rendered":"Ciudad Alem\u00e1n &#8211; Fracci\u00f3n III"},"content":{"rendered":"<p><strong>LAS FACULTADES DE CADA \u00c1REA DE LA OFICINA OPERADORA<\/strong><\/p> <p>&nbsp;<\/p> <p>Las facultades de cada \u00e1rea.<\/p> <p>&nbsp;<\/p> <div class=\"caja\"> <table width=\"636\"> <tbody> <tr> <td style=\"width: 140px;\"><strong><img loading=\"lazy\" decoding=\"async\" class=\"alignnone aligncenter\" src=\"http:\/\/187.174.252.244\/caev\/Image\/2018\/fecha3-ico.png\" alt=\"\" width=\"46\" height=\"50\" \/><\/strong><\/td> <td style=\"width: 140px;\"> <h4>Ejercicio:<\/h4> <\/td> <td style=\"width: 140px;\" colspan=\"3\"> <p>&nbsp;<\/p> <p>2025<\/p> <\/td> <\/tr> <\/tbody> <\/table> <p>&nbsp;<\/p> <table style=\"width: 701px; height: 273px;\" width=\"700\"> <tbody> <tr style=\"height: 57px;\"> <td style=\"width: 107px; height: 57px;\"><img loading=\"lazy\" decoding=\"async\" class=\"aligncenter\" src=\"http:\/\/187.174.252.244\/caev\/Image\/2018\/trimestre-ico.png\" alt=\"\" width=\"53\" height=\"60\" \/><\/td> <td style=\"width: 215px; height: 57px;\"><img loading=\"lazy\" decoding=\"async\" class=\"aligncenter\" src=\"http:\/\/187.174.252.244\/caev\/Image\/2018\/usuario-ico.png\" alt=\"\" width=\"56\" height=\"60\" \/><\/td> <td style=\"width: 113px; height: 57px;\"><img loading=\"lazy\" decoding=\"async\" class=\"aligncenter\" src=\"http:\/\/187.174.252.244\/caev\/Image\/2018\/anio-ico.png\" alt=\"\" width=\"59\" height=\"60\" \/><\/td> <td style=\"width: 122px; height: 57px;\"><img loading=\"lazy\" decoding=\"async\" class=\"aligncenter\" src=\"http:\/\/187.174.252.244\/caev\/Image\/2018\/anio-ico.png\" alt=\"\" width=\"59\" height=\"60\" \/><\/td> <td style=\"width: 114px; height: 57px;\"><img loading=\"lazy\" decoding=\"async\" class=\"aligncenter\" src=\"http:\/\/187.174.252.244\/caev\/Image\/2018\/cloud-ico.png\" alt=\"\" width=\"57\" height=\"60\" \/><\/td> <\/tr> <tr style=\"height: 93px;\"> <td style=\"text-align: center; width: 107px; height: 93px;\"><span style=\"color: #000000;\"><strong>Trimestre<\/strong><em><br \/><\/em><\/span><\/td> <td style=\"text-align: center; width: 215px; height: 93px;\"><span style=\"color: #000000;\"><strong>\u00c1rea Responsable<\/strong><\/span><\/td> <td style=\"text-align: center; width: 113px; height: 93px;\"><span style=\"color: #000000;\"><strong>Fecha de Validaci\u00f3n de la Informaci\u00f3n<\/strong><\/span><\/td> <td style=\"text-align: center; width: 122px; height: 93px;\"><span style=\"color: #000000;\"><strong>Fecha de Actualizaci\u00f3n de la Inf.<\/strong><\/span><\/td> <td style=\"text-align: center; width: 114px; height: 93px;\"><span style=\"color: #000000;\"><strong>Descargar Informaci\u00f3n<\/strong><\/span><\/td> <\/tr> <tr style=\"height: 21px;\"> <td style=\"width: 107px; height: 21px;\">\u00a0<\/td> <td style=\"width: 215px; height: 21px;\">\u00a0<\/td> <td style=\"width: 113px; height: 21px;\">\u00a0<\/td> <td style=\"width: 122px; height: 21px;\">\u00a0<\/td> <td style=\"width: 114px; height: 21px;\">\u00a0<\/td> <\/tr> <tr style=\"height: 45px;\"> <td style=\"text-align: center; width: 107px; height: 45px;\"><span style=\"color: #000000;\">Primero<\/span><\/td> <td style=\"text-align: center; width: 215px; height: 45px;\"><span style=\"color: #000000;\">Oficina Comercial y Administrativa<\/span><\/td> <td style=\"text-align: center; width: 113px; height: 45px;\"><span style=\"color: #000000;\">31\/03\/2025<\/span><\/td> <td style=\"text-align: center; width: 122px; height: 45px;\"><span style=\"color: #000000;\">31\/03\/2025<\/span><\/td> <td style=\"text-align: center; width: 114px; height: 45px;\"><a href=\"http:\/\/187.174.252.244\/caev\/pdfs\/oficinas_operadoras\/CdAleman\/2025\/48-FORM3-25-1.xlsx\">descargar archivo<\/a><\/td> <\/tr> <tr style=\"height: 45px;\"> <td style=\"text-align: center; width: 107px; height: 45px;\"><span style=\"color: #000000;\">Segundo<\/span><\/td> <td style=\"text-align: center; width: 215px; height: 45px;\"><span style=\"color: #000000;\">Oficina Comercial y Administrativa<\/span><\/td> <td style=\"text-align: center; width: 113px; height: 45px;\"><span style=\"color: #000000;\">30\/06\/2025<\/span><\/td> <td style=\"text-align: center; width: 122px; height: 45px;\"><span style=\"color: #000000;\">30\/06\/2025<\/span><\/td> <td style=\"text-align: center; width: 114px; height: 45px;\"><a href=\"http:\/\/187.174.252.244\/caev\/pdfs\/oficinas_operadoras\/CdAleman\/2025\/48-FORM3-25-2.xlsx\">descargar archivo<\/a><\/td> <\/tr> <tr style=\"height: 45px;\"> <td style=\"text-align: center; width: 107px; height: 45px;\"><span style=\"color: #000000;\">Tercero<\/span><\/td> <td style=\"text-align: center; width: 215px; height: 45px;\"><span style=\"color: #000000;\">Oficina Comercial y Administrativa<\/span><\/td> <td style=\"text-align: center; width: 113px; height: 45px;\"><span style=\"color: #000000;\">30\/09\/2025<\/span><\/td> <td style=\"text-align: center; width: 122px; height: 45px;\"><span style=\"color: #000000;\">30\/09\/2025<\/span><\/td> <td style=\"text-align: center; width: 114px; height: 45px;\"><a href=\"http:\/\/187.174.252.244\/caev\/pdfs\/oficinas_operadoras\/CdAleman\/2025\/48-FORM3-25-3.xlsx\">descargar archivo<\/a><\/td> <\/tr> <tr style=\"height: 45px;\"> <td style=\"text-align: center; width: 107px; height: 45px;\"><span style=\"color: #000000;\">Cuarto<\/span><\/td> <td style=\"text-align: center; width: 215px; height: 45px;\"><span style=\"color: #000000;\">Oficina Comercial y Administrativa<\/span><\/td> <td style=\"text-align: center; width: 113px; height: 45px;\"><span style=\"color: #000000;\">31\/12\/2025<\/span><\/td> <td style=\"text-align: center; width: 122px; height: 45px;\"><span style=\"color: #000000;\">31\/12\/2025<\/span><\/td> <td style=\"text-align: center; width: 114px; height: 45px;\"><a href=\"http:\/\/187.174.252.244\/caev\/pdfs\/oficinas_operadoras\/CdAleman\/2025\/48-FORM3-25-4.xlsx\">descargar archivo<\/a><\/td> <\/tr> <\/tbody> <\/table> <\/div> <h4>\u00a0<\/h4> <h4>A\u00d1OS ANTERIORES<\/h4> <table width=\"520\"> <tbody> <tr> <td style=\"width: 100px;\"><a href=\"http:\/\/187.174.252.244\/operadoras\/transparencia\/ley-general-y-ley-875\/ciudad-aleman-ley-general-y-ley-875-de-transparencia\/ciudad-aleman-fraccion-iii-2\/\"><img loading=\"lazy\" decoding=\"async\" class=\"aligncenter\" src=\"http:\/\/187.174.252.244\/caev\/Image\/2018\/folder-ico.jpg\" alt=\"\" width=\"51\" height=\"44\" \/><\/a><\/td> <td>\u00a0<\/td> <\/tr> <\/tbody> <\/table> <p style=\"text-align: center;\"><a href=\"http:\/\/187.174.252.244\/operadoras\/transparencia\/ley-general-y-ley-875\/ciudad-aleman-ley-general-y-ley-875-de-transparencia\/\"><img loading=\"lazy\" decoding=\"async\" class=\"alignnone\" src=\"http:\/\/187.174.252.244\/caev\/Oficinas_Operadoras\/Aarchivos\/home1.png\" alt=\"\" width=\"36\" height=\"37\" \/><\/a> <a href=\"http:\/\/187.174.252.244\/operadoras\/transparencia\/ley-general-y-ley-875\/ciudad-aleman-ley-general-y-ley-875-de-transparencia\/\">regresar<\/a><\/p>   <p><\/p> ","protected":false},"excerpt":{"rendered":"<p>LAS FACULTADES DE CADA \u00c1REA DE LA OFICINA OPERADORA &nbsp; Las facultades de cada \u00e1rea. &nbsp; Ejercicio: &nbsp; 2025 &nbsp; Trimestre \u00c1rea Responsable Fecha de Validaci\u00f3n de la Informaci\u00f3n Fecha de Actualizaci\u00f3n de la Inf. Descargar Informaci\u00f3n \u00a0 \u00a0 \u00a0 \u00a0 \u00a0 Primero Oficina Comercial y Administrativa 31\/03\/2025 31\/03\/2025 descargar archivo Segundo Oficina Comercial y [&hellip;]<\/p>\n","protected":false},"author":1,"featured_media":0,"parent":6686,"menu_order":0,"comment_status":"closed","ping_status":"closed","template":"","meta":{"footnotes":""},"class_list":["post-7420","page","type-page","status-publish","hentry"],"_links":{"self":[{"href":"http:\/\/187.174.252.244\/operadoras\/wp-json\/wp\/v2\/pages\/7420"}],"collection":[{"href":"http:\/\/187.174.252.244\/operadoras\/wp-json\/wp\/v2\/pages"}],"about":[{"href":"http:\/\/187.174.252.244\/operadoras\/wp-json\/wp\/v2\/types\/page"}],"author":[{"embeddable":true,"href":"http:\/\/187.174.252.244\/operadoras\/wp-json\/wp\/v2\/users\/1"}],"replies":[{"embeddable":true,"href":"http:\/\/187.174.252.244\/operadoras\/wp-json\/wp\/v2\/comments?post=7420"}],"version-history":[{"count":20,"href":"http:\/\/187.174.252.244\/operadoras\/wp-json\/wp\/v2\/pages\/7420\/revisions"}],"predecessor-version":[{"id":66113,"href":"http:\/\/187.174.252.244\/operadoras\/wp-json\/wp\/v2\/pages\/7420\/revisions\/66113"}],"up":[{"embeddable":true,"href":"http:\/\/187.174.252.244\/operadoras\/wp-json\/wp\/v2\/pages\/6686"}],"wp:attachment":[{"href":"http:\/\/187.174.252.244\/operadoras\/wp-json\/wp\/v2\/media?parent=7420"}],"curies":[{"name":"wp","href":"https:\/\/api.w.org\/{rel}","templated":true}]}}