{"id":7528,"date":"2018-06-04T08:27:27","date_gmt":"2018-06-04T14:27:27","guid":{"rendered":"http:\/\/localhost\/?page_id=7528"},"modified":"2026-05-07T13:24:44","modified_gmt":"2026-05-07T19:24:44","slug":"yanga-fraccion-iii","status":"publish","type":"page","link":"http:\/\/187.174.252.244\/operadoras\/transparencia\/ley-general-y-ley-875\/yanga-ley-general-y-ley-875-de-transparencia\/yanga-fraccion-iii\/","title":{"rendered":"Yanga &#8211; Fracci\u00f3n III"},"content":{"rendered":"<p><strong>LAS FACULTADES DE CADA \u00c1REA DE LA OFICINA OPERADORA<\/strong><\/p> <p>&nbsp;<\/p> <p>Las facultades de cada \u00e1rea.<\/p> <p>&nbsp;<\/p> <div class=\"caja\"> <table width=\"636\"> <tbody> <tr> <td style=\"width: 140px;\"><strong><img loading=\"lazy\" decoding=\"async\" class=\"alignnone aligncenter\" src=\"http:\/\/187.174.252.244\/caev\/Image\/2018\/fecha3-ico.png\" alt=\"\" width=\"46\" height=\"50\" \/><\/strong><\/td> <td style=\"width: 140px;\"> <h4>Ejercicio:<\/h4> <\/td> <td style=\"width: 140px;\" colspan=\"3\"> <p>&nbsp;<\/p> <p>2026<\/td> <\/tr> <\/tbody> <\/table> <p>&nbsp;<\/p> <table style=\"height: 467px; width: 651px;\" width=\"700\"> <tbody> <tr style=\"height: 58px;\"> <td style=\"width: 99px; height: 58px;\"><img loading=\"lazy\" decoding=\"async\" class=\"aligncenter\" src=\"http:\/\/187.174.252.244\/caev\/Image\/2018\/trimestre-ico.png\" alt=\"\" width=\"53\" height=\"60\" \/><\/td> <td style=\"width: 196px; height: 58px;\"><img loading=\"lazy\" decoding=\"async\" class=\"aligncenter\" src=\"http:\/\/187.174.252.244\/caev\/Image\/2018\/usuario-ico.png\" alt=\"\" width=\"56\" height=\"60\" \/><\/td> <td style=\"width: 105px; height: 58px;\"><img loading=\"lazy\" decoding=\"async\" class=\"aligncenter\" src=\"http:\/\/187.174.252.244\/caev\/Image\/2018\/anio-ico.png\" alt=\"\" width=\"59\" height=\"60\" \/><\/td> <td style=\"width: 112px; height: 58px;\"><img loading=\"lazy\" decoding=\"async\" class=\"aligncenter\" src=\"http:\/\/187.174.252.244\/caev\/Image\/2018\/anio-ico.png\" alt=\"\" width=\"59\" height=\"60\" \/><\/td> <td style=\"width: 105px; height: 58px;\"><img loading=\"lazy\" decoding=\"async\" class=\"aligncenter\" src=\"http:\/\/187.174.252.244\/caev\/Image\/2018\/cloud-ico.png\" alt=\"\" width=\"57\" height=\"60\" \/><\/td> <\/tr> <tr style=\"height: 88px;\"> <td style=\"text-align: center; height: 88px; width: 99px;\"><span style=\"color: #000000;\"><strong>Trimestre<\/strong><em><br \/> <\/em><\/span><\/td> <td style=\"text-align: center; height: 88px; width: 196px;\"><span style=\"color: #000000;\"><strong>\u00c1rea Responsable<\/strong><\/span><\/td> <td style=\"text-align: center; height: 88px; width: 105px;\"><span style=\"color: #000000;\"><strong>Fecha de Validaci\u00f3n de la Informaci\u00f3n<\/strong><\/span><\/td> <td style=\"text-align: center; height: 88px; width: 112px;\"><span style=\"color: #000000;\"><strong>Fecha de Actualizaci\u00f3n de la Inf.<\/strong><\/span><\/td> <td style=\"text-align: center; height: 88px; width: 105px;\"><span style=\"color: #000000;\"><strong>Descargar Informaci\u00f3n<\/strong><\/span><\/td> <\/tr> <tr style=\"height: 20px;\"> <td style=\"height: 20px; width: 99px;\"><\/td> <td style=\"height: 20px; width: 196px;\"><\/td> <td style=\"height: 20px; width: 105px;\"><\/td> <td style=\"height: 20px; width: 112px;\"><\/td> <td style=\"height: 20px; width: 105px;\"><\/td> <\/tr> <tr style=\"height: 43px;\"> <td style=\"text-align: center; height: 43px; width: 99px;\">Primero<\/td> <td style=\"text-align: center; height: 43px; width: 196px;\"><span style=\"color: #000000;\">Oficina Comercial y Administrativa<\/span><\/td> <td style=\"text-align: center; height: 43px; width: 105px;\"><span style=\"color: #000000;\">31\/03\/2026<\/span><\/td> <td style=\"text-align: center; height: 43px; width: 112px;\"><span style=\"color: #000000;\">31\/03\/2026<\/span><\/td> <td style=\"height: 43px; text-align: center; width: 105px;\"><a href=\"http:\/\/187.174.252.244\/caev\/pdfs\/oficinas_operadoras\/Yanga\/2026\/42-FORM3-26-1.xlsx\">descargar archivo<\/a><\/td> <\/tr> <tr style=\"height: 43px;\"> <td style=\"text-align: center; height: 43px; width: 99px;\"><\/td> <td style=\"text-align: center; height: 43px; width: 196px;\"><\/td> <td style=\"text-align: center; height: 43px; width: 105px;\"><\/td> <td style=\"text-align: center; height: 43px; width: 112px;\"><\/td> <td style=\"height: 43px; text-align: center; width: 105px;\"><\/td> <\/tr> <tr style=\"height: 43px;\"> <td style=\"text-align: center; height: 43px; width: 99px;\"><\/td> <td style=\"text-align: center; height: 43px; width: 196px;\"><\/td> <td style=\"text-align: center; height: 43px; width: 105px;\"><\/td> <td style=\"text-align: center; height: 43px; width: 112px;\"><\/td> <td style=\"height: 43px; text-align: center; width: 105px;\"><\/td> <\/tr> <tr style=\"height: 43px;\"> <td style=\"text-align: center; height: 43px; width: 99px;\"><\/td> <td style=\"text-align: center; height: 43px; width: 196px;\"><\/td> <td style=\"text-align: center; height: 43px; width: 105px;\"><\/td> <td style=\"text-align: center; height: 43px; width: 112px;\"><\/td> <td style=\"height: 43px; text-align: center; width: 105px;\"><\/td> <\/tr> <tr> <td style=\"text-align: center; width: 99px;\"><\/td> <td style=\"text-align: center; width: 196px;\"><span style=\"color: #000000;\">\u00a0<\/span><\/td> <td style=\"text-align: center; width: 105px;\"><span style=\"color: #000000;\">\u00a0<\/span><\/td> <td style=\"text-align: center; width: 112px;\"><span style=\"color: #000000;\">\u00a0<\/span><\/td> <td style=\"text-align: center; width: 105px;\"><\/td> <\/tr> <\/tbody> <\/table> <\/div> <h4><\/h4> <h4>A\u00d1OS ANTERIORES<\/h4> <table width=\"520\"> <tbody> <tr> <td style=\"width: 100px;\"><a href=\"http:\/\/187.174.252.244\/operadoras\/transparencia\/ley-general-y-ley-875\/yanga-ley-general-y-ley-875-de-transparencia\/yanga-fraccion-iii-1\"><img loading=\"lazy\" decoding=\"async\" class=\"aligncenter\" src=\"http:\/\/187.174.252.244\/caev\/Image\/2018\/folder-ico.jpg\" alt=\"\" width=\"51\" height=\"44\" \/><\/a><\/td> <td><\/td> <\/tr> <\/tbody> <\/table> <p>&nbsp;<\/p> <p>&nbsp;<\/p> <p style=\"text-align: center;\"><a href=\"http:\/\/187.174.252.244\/operadoras\/transparencia\/ley-general-y-ley-875\/yanga-ley-general-y-ley-875-de-transparencia\/\"><img loading=\"lazy\" decoding=\"async\" class=\"alignnone size-medium\" src=\"http:\/\/187.174.252.244\/caev\/Oficinas_Operadoras\/Aarchivos\/home1.png\" width=\"36\" height=\"37\" \/><\/a> <a href=\"http:\/\/187.174.252.244\/operadoras\/transparencia\/ley-general-y-ley-875\/yanga-ley-general-y-ley-875-de-transparencia\/\">regresar<\/a><\/p> ","protected":false},"excerpt":{"rendered":"<p>LAS FACULTADES DE CADA \u00c1REA DE LA OFICINA OPERADORA &nbsp; Las facultades de cada \u00e1rea. &nbsp; Ejercicio: &nbsp; 2026 &nbsp; Trimestre \u00c1rea Responsable Fecha de Validaci\u00f3n de la Informaci\u00f3n Fecha de Actualizaci\u00f3n de la Inf. Descargar Informaci\u00f3n Primero Oficina Comercial y Administrativa 31\/03\/2026 31\/03\/2026 descargar archivo \u00a0 \u00a0 \u00a0 A\u00d1OS ANTERIORES &nbsp; &nbsp; regresar<\/p>\n","protected":false},"author":1,"featured_media":0,"parent":6794,"menu_order":0,"comment_status":"closed","ping_status":"closed","template":"","meta":{"footnotes":""},"class_list":["post-7528","page","type-page","status-publish","hentry"],"_links":{"self":[{"href":"http:\/\/187.174.252.244\/operadoras\/wp-json\/wp\/v2\/pages\/7528"}],"collection":[{"href":"http:\/\/187.174.252.244\/operadoras\/wp-json\/wp\/v2\/pages"}],"about":[{"href":"http:\/\/187.174.252.244\/operadoras\/wp-json\/wp\/v2\/types\/page"}],"author":[{"embeddable":true,"href":"http:\/\/187.174.252.244\/operadoras\/wp-json\/wp\/v2\/users\/1"}],"replies":[{"embeddable":true,"href":"http:\/\/187.174.252.244\/operadoras\/wp-json\/wp\/v2\/comments?post=7528"}],"version-history":[{"count":28,"href":"http:\/\/187.174.252.244\/operadoras\/wp-json\/wp\/v2\/pages\/7528\/revisions"}],"predecessor-version":[{"id":67803,"href":"http:\/\/187.174.252.244\/operadoras\/wp-json\/wp\/v2\/pages\/7528\/revisions\/67803"}],"up":[{"embeddable":true,"href":"http:\/\/187.174.252.244\/operadoras\/wp-json\/wp\/v2\/pages\/6794"}],"wp:attachment":[{"href":"http:\/\/187.174.252.244\/operadoras\/wp-json\/wp\/v2\/media?parent=7528"}],"curies":[{"name":"wp","href":"https:\/\/api.w.org\/{rel}","templated":true}]}}