{"id":7866,"date":"2018-06-05T15:29:21","date_gmt":"2018-06-05T21:29:21","guid":{"rendered":"http:\/\/localhost\/?page_id=7866"},"modified":"2025-01-16T09:08:33","modified_gmt":"2025-01-16T15:08:33","slug":"saltabarranca-fraccion-ii-a","status":"publish","type":"page","link":"http:\/\/187.174.252.244\/operadoras\/transparencia\/ley-general-y-ley-875\/saltabarranca-ley-general-y-ley-875-de-transparencia\/saltabarranca-fraccion-ii-a\/","title":{"rendered":"Saltabarranca &#8211; Fracci\u00f3n II-A"},"content":{"rendered":"<p><strong>ESTRUCTURA ORG\u00c1NICA<\/strong><\/p> <p>&nbsp;<\/p> <p>La estructura org\u00e1nica.<\/p> <p>&nbsp;<\/p> <div class=\"caja\"> <table width=\"636\"> <tbody> <tr> <td style=\"width: 140px;\"><strong><img loading=\"lazy\" decoding=\"async\" class=\"alignnone aligncenter\" src=\"http:\/\/187.174.252.244\/caev\/Image\/2018\/fecha3-ico.png\" alt=\"\" width=\"46\" height=\"50\" \/><\/strong><\/td> <td style=\"width: 140px;\"> <h4>Ejercicio:<\/h4> <\/td> <td style=\"width: 140px;\" colspan=\"3\"> <p>&nbsp;<\/p> <p>2024<\/td> <\/tr> <\/tbody> <\/table> <p>&nbsp;<\/p> <table style=\"height: 265px;\" width=\"701\"> <tbody> <tr style=\"height: 61px;\"> <td style=\"width: 104px; height: 61px;\"><img loading=\"lazy\" decoding=\"async\" class=\"aligncenter\" src=\"http:\/\/187.174.252.244\/caev\/Image\/2018\/trimestre-ico.png\" alt=\"\" width=\"53\" height=\"60\" \/><\/td> <td style=\"width: 209px; height: 61px;\"><img loading=\"lazy\" decoding=\"async\" class=\"aligncenter\" src=\"http:\/\/187.174.252.244\/caev\/Image\/2018\/usuario-ico.png\" alt=\"\" width=\"56\" height=\"60\" \/><\/td> <td style=\"width: 118px; height: 61px;\"><img loading=\"lazy\" decoding=\"async\" class=\"aligncenter\" src=\"http:\/\/187.174.252.244\/caev\/Image\/2018\/anio-ico.png\" alt=\"\" width=\"59\" height=\"60\" \/><\/td> <td style=\"width: 122px; height: 61px;\"><img loading=\"lazy\" decoding=\"async\" class=\"aligncenter\" src=\"http:\/\/187.174.252.244\/caev\/Image\/2018\/anio-ico.png\" alt=\"\" width=\"59\" height=\"60\" \/><\/td> <td style=\"width: 114px; height: 61px;\"><img loading=\"lazy\" decoding=\"async\" class=\"aligncenter\" src=\"http:\/\/187.174.252.244\/caev\/Image\/2018\/cloud-ico.png\" alt=\"\" width=\"57\" height=\"60\" \/><\/td> <\/tr> <tr style=\"height: 96px;\"> <td style=\"text-align: center; height: 96px; width: 104px;\"><span style=\"color: #000000;\"><strong>Trimestre<\/strong><em><br \/> <\/em><\/span><\/td> <td style=\"text-align: center; height: 96px; width: 209px;\"><span style=\"color: #000000;\"><strong>\u00c1rea Responsable<\/strong><\/span><\/td> <td style=\"text-align: center; height: 96px; width: 118px;\"><span style=\"color: #000000;\"><strong>Fecha de Validaci\u00f3n de la Informaci\u00f3n<\/strong><\/span><\/td> <td style=\"text-align: center; height: 96px; width: 122px;\"><span style=\"color: #000000;\"><strong>Fecha de Actualizaci\u00f3n de la Inf.<\/strong><\/span><\/td> <td style=\"text-align: center; height: 96px; width: 114px;\"><span style=\"color: #000000;\"><strong>Descargar Informaci\u00f3n<\/strong><\/span><\/td> <\/tr> <tr style=\"height: 24px;\"> <td style=\"height: 24px; width: 104px;\"><\/td> <td style=\"height: 24px; width: 209px;\"><\/td> <td style=\"height: 24px; width: 118px;\"><\/td> <td style=\"height: 24px; width: 122px;\"><\/td> <td style=\"height: 24px; width: 114px;\"><\/td> <\/tr> <tr style=\"height: 24px;\"> <td style=\"text-align: center; height: 24px; width: 104px;\">Primero<\/td> <td style=\"text-align: center; height: 24px; width: 209px;\"><span style=\"color: #000000;\">Oficina Comercial y Administrativa<\/span><\/td> <td style=\"text-align: center; height: 24px; width: 118px;\"><span style=\"color: #000000;\">31\/03\/2024<\/span><\/td> <td style=\"text-align: center; height: 24px; width: 122px;\"><span style=\"color: #000000;\">31\/03\/2024<\/span><\/td> <td style=\"height: 24px; width: 114px; text-align: center;\"><a href=\"http:\/\/187.174.252.244\/caev\/pdfs\/oficinas_operadoras\/Saltabarranca\/2024\/66-FORM2A-24-1.xlsx\">descargar archivo<\/a><\/td> <\/tr> <tr style=\"height: 24px;\"> <td style=\"text-align: center; height: 24px; width: 104px;\">Segundo<\/td> <td style=\"text-align: center; height: 24px; width: 209px;\"><span style=\"color: #000000;\">Oficina Comercial y Administrativa<\/span><\/td> <td style=\"text-align: center; height: 24px; width: 118px;\"><span style=\"color: #000000;\">30\/06\/2024<\/span><\/td> <td style=\"text-align: center; height: 24px; width: 122px;\"><span style=\"color: #000000;\">30<\/span><span style=\"color: #000000;\">\/06\/2024<\/span><\/td> <td style=\"height: 24px; width: 114px; text-align: center;\"><a href=\"http:\/\/187.174.252.244\/caev\/pdfs\/oficinas_operadoras\/Saltabarranca\/2024\/66-FORM2A-24-2.xlsx\">descargar archivo<\/a><\/td> <\/tr> <tr style=\"height: 24px;\"> <td style=\"text-align: center; height: 24px; width: 104px;\">Tercero<\/td> <td style=\"text-align: center; height: 24px; width: 209px;\"><span style=\"color: #000000;\">Oficina Comercial y Administrativa<\/span><\/td> <td style=\"text-align: center; height: 24px; width: 118px;\"><span style=\"color: #000000;\">30\/09\/2024<\/span><\/td> <td style=\"text-align: center; height: 24px; width: 122px;\"><span style=\"color: #000000;\">30<\/span><span style=\"color: #000000;\">\/09\/2024<\/span><\/td> <td style=\"height: 24px; width: 114px; text-align: center;\"><a href=\"http:\/\/187.174.252.244\/caev\/pdfs\/oficinas_operadoras\/Saltabarranca\/2024\/66-FORM2A-24-3.xlsx\">descargar archivo<\/a><\/td> <\/tr> <tr style=\"height: 24px;\"> <td style=\"text-align: center; height: 24px; width: 104px;\">Cuarto<\/td> <td style=\"text-align: center; height: 24px; width: 209px;\"><span style=\"color: #000000;\">Oficina Comercial y Administrativa<\/span><\/td> <td style=\"text-align: center; height: 24px; width: 118px;\"><span style=\"color: #000000;\">31\/12\/2024<\/span><\/td> <td style=\"text-align: center; height: 24px; width: 122px;\"><span style=\"color: #000000;\">31\/12\/2024<\/span><\/td> <td style=\"height: 24px; width: 114px; text-align: center;\"><a href=\"http:\/\/187.174.252.244\/caev\/pdfs\/oficinas_operadoras\/Saltabarranca\/2024\/66-FORM2A-24-4.xlsx\">descargar archivo<\/a><\/td> <\/tr> <\/tbody> <\/table> <\/div> <p>&nbsp;<\/p> <h4>A\u00d1OS ANTERIORES<\/h4> <table width=\"520\"> <tbody> <tr> <td style=\"width: 100px;\"><a href=\"http:\/\/187.174.252.244\/operadoras\/transparencia\/ley-general-y-ley-875\/saltabarranca-ley-general-y-ley-875-de-transparencia\/saltabarranca-fraccion-ii-a-1\/\"><img loading=\"lazy\" decoding=\"async\" class=\"aligncenter\" src=\"http:\/\/187.174.252.244\/caev\/Image\/2018\/folder-ico.jpg\" alt=\"\" width=\"51\" height=\"44\" \/><\/a><\/td> <td><\/td> <\/tr> <\/tbody> <\/table> <p>&nbsp;<\/p> <p style=\"text-align: center;\"><a href=\"http:\/\/187.174.252.244\/operadoras\/transparencia\/ley-general-y-ley-875\/saltabarranca-ley-general-y-ley-875-de-transparencia\/\"><img loading=\"lazy\" decoding=\"async\" class=\"alignnone size-medium\" src=\"http:\/\/187.174.252.244\/caev\/Oficinas_Operadoras\/Aarchivos\/home1.png\" width=\"36\" height=\"37\" \/><\/a> <a href=\"http:\/\/187.174.252.244\/operadoras\/transparencia\/ley-general-y-ley-875\/saltabarranca-ley-general-y-ley-875-de-transparencia\/\">regresar<\/a><\/p> ","protected":false},"excerpt":{"rendered":"<p>ESTRUCTURA ORG\u00c1NICA &nbsp; La estructura org\u00e1nica. &nbsp; Ejercicio: &nbsp; 2024 &nbsp; Trimestre \u00c1rea Responsable Fecha de Validaci\u00f3n de la Informaci\u00f3n Fecha de Actualizaci\u00f3n de la Inf. Descargar Informaci\u00f3n Primero Oficina Comercial y Administrativa 31\/03\/2024 31\/03\/2024 descargar archivo Segundo Oficina Comercial y Administrativa 30\/06\/2024 30\/06\/2024 descargar archivo Tercero Oficina Comercial y Administrativa 30\/09\/2024 30\/09\/2024 descargar archivo [&hellip;]<\/p>\n","protected":false},"author":1,"featured_media":0,"parent":6762,"menu_order":0,"comment_status":"closed","ping_status":"closed","template":"","meta":{"footnotes":""},"class_list":["post-7866","page","type-page","status-publish","hentry"],"_links":{"self":[{"href":"http:\/\/187.174.252.244\/operadoras\/wp-json\/wp\/v2\/pages\/7866"}],"collection":[{"href":"http:\/\/187.174.252.244\/operadoras\/wp-json\/wp\/v2\/pages"}],"about":[{"href":"http:\/\/187.174.252.244\/operadoras\/wp-json\/wp\/v2\/types\/page"}],"author":[{"embeddable":true,"href":"http:\/\/187.174.252.244\/operadoras\/wp-json\/wp\/v2\/users\/1"}],"replies":[{"embeddable":true,"href":"http:\/\/187.174.252.244\/operadoras\/wp-json\/wp\/v2\/comments?post=7866"}],"version-history":[{"count":17,"href":"http:\/\/187.174.252.244\/operadoras\/wp-json\/wp\/v2\/pages\/7866\/revisions"}],"predecessor-version":[{"id":61151,"href":"http:\/\/187.174.252.244\/operadoras\/wp-json\/wp\/v2\/pages\/7866\/revisions\/61151"}],"up":[{"embeddable":true,"href":"http:\/\/187.174.252.244\/operadoras\/wp-json\/wp\/v2\/pages\/6762"}],"wp:attachment":[{"href":"http:\/\/187.174.252.244\/operadoras\/wp-json\/wp\/v2\/media?parent=7866"}],"curies":[{"name":"wp","href":"https:\/\/api.w.org\/{rel}","templated":true}]}}