{"id":8564,"date":"2018-06-07T12:27:08","date_gmt":"2018-06-07T18:27:08","guid":{"rendered":"http:\/\/localhost\/?page_id=8564"},"modified":"2024-01-30T15:15:56","modified_gmt":"2024-01-30T21:15:56","slug":"naranjos-amatlan-fraccion-vii","status":"publish","type":"page","link":"http:\/\/187.174.252.244\/operadoras\/transparencia\/ley-general-y-ley-875\/naranjos-amatlan-ley-general-y-ley-875-de-transparencia\/naranjos-amatlan-fraccion-vii\/","title":{"rendered":"Naranjos Amatl\u00e1n &#8211; Fracci\u00f3n VII"},"content":{"rendered":"<p><strong>EL DIRECTORIO DE SERVIDORES P\u00daBLICOS, A PARTIR DEL NIVEL DE JEFE DE DEPARTAMENTO O SU EQUIVALENTE<br \/> <\/strong><\/p> <p>&nbsp;<\/p> <p>El directorio de todos los Servidores P\u00fablicos, a partir del nivel de jefe de departamento o su equivalente, o de menor nivel, cuando se brinde atenci\u00f3n al p\u00fablico; manejen o apliquen recursos p\u00fablicos; realicen actos de autoridad o presten servicios profesionales bajo el r\u00e9gimen de confianza u honorarios y personal de base. El directorio deber\u00e1 incluir, al menos el nombre, cargo o nombramiento asignado, nivel del puesto en la estructura org\u00e1nica, fecha de alta en el cargo, n\u00famero telef\u00f3nico, domicilio para recibir correspondencia y direcci\u00f3n de correo electr\u00f3nico oficiales.<\/p> <p>&nbsp;<\/p> <div class=\"caja\"> <table width=\"636\"> <tbody> <tr> <td style=\"width: 140px;\"><strong><img loading=\"lazy\" decoding=\"async\" class=\"alignnone aligncenter\" src=\"http:\/\/187.174.252.244\/caev\/Image\/2018\/fecha3-ico.png\" alt=\"\" width=\"46\" height=\"50\" \/><\/strong><\/td> <td style=\"width: 140px;\"> <h4>Ejercicio:<\/h4> <\/td> <td style=\"width: 140px;\" colspan=\"3\"> <p>&nbsp;<\/p> <p>2023<\/td> <\/tr> <\/tbody> <\/table> <p>&nbsp;<\/p> <table style=\"height: 314px; width: 700px;\" width=\"700\"> <tbody> <tr style=\"height: 61px;\"> <td style=\"width: 97px; height: 61px;\"><img loading=\"lazy\" decoding=\"async\" class=\"aligncenter\" src=\"http:\/\/187.174.252.244\/caev\/Image\/2018\/trimestre-ico.png\" alt=\"\" width=\"53\" height=\"60\" \/><\/td> <td style=\"width: 187px; height: 61px;\"><img loading=\"lazy\" decoding=\"async\" class=\"aligncenter\" src=\"http:\/\/187.174.252.244\/caev\/Image\/2018\/usuario-ico.png\" alt=\"\" width=\"56\" height=\"60\" \/><\/td> <td style=\"width: 115px; height: 61px;\"><img loading=\"lazy\" decoding=\"async\" class=\"aligncenter\" src=\"http:\/\/187.174.252.244\/caev\/Image\/2018\/anio-ico.png\" alt=\"\" width=\"59\" height=\"60\" \/><\/td> <td style=\"width: 119px; height: 61px;\"><img loading=\"lazy\" decoding=\"async\" class=\"aligncenter\" src=\"http:\/\/187.174.252.244\/caev\/Image\/2018\/anio-ico.png\" alt=\"\" width=\"59\" height=\"60\" \/><\/td> <td style=\"width: 113px; height: 61px;\"><img loading=\"lazy\" decoding=\"async\" class=\"aligncenter\" src=\"http:\/\/187.174.252.244\/caev\/Image\/2018\/cloud-ico.png\" alt=\"\" width=\"57\" height=\"60\" \/><\/td> <\/tr> <tr style=\"height: 96px;\"> <td style=\"text-align: center; height: 96px; width: 97px;\"><span style=\"color: #000000;\"><strong>Trimestre<\/strong><em><br \/> <\/em><\/span><\/td> <td style=\"text-align: center; height: 96px; width: 187px;\"><span style=\"color: #000000;\"><strong>\u00c1rea Responsable<\/strong><\/span><\/td> <td style=\"text-align: center; height: 96px; width: 115px;\"><span style=\"color: #000000;\"><strong>Fecha de Validaci\u00f3n de la Informaci\u00f3n<\/strong><\/span><\/td> <td style=\"text-align: center; height: 96px; width: 119px;\"><span style=\"color: #000000;\"><strong>Fecha de Actualizaci\u00f3n de la Inf.<\/strong><\/span><\/td> <td style=\"text-align: center; height: 96px; width: 113px;\"><span style=\"color: #000000;\"><strong>Descargar Informaci\u00f3n<\/strong><\/span><\/td> <\/tr> <tr style=\"height: 24px;\"> <td style=\"height: 24px; width: 97px;\"><\/td> <td style=\"height: 24px; width: 187px;\"><\/td> <td style=\"height: 24px; width: 115px;\"><\/td> <td style=\"height: 24px; width: 119px;\"><\/td> <td style=\"height: 24px; width: 113px;\"><\/td> <\/tr> <tr style=\"height: 48px;\"> <td style=\"text-align: center; height: 48px; width: 97px;\"><span style=\"color: #000000;\">Primero<\/span><\/td> <td style=\"text-align: center; height: 48px; width: 187px;\"><span style=\"color: #000000;\">Oficina Comercial y Administrativa<\/span><\/td> <td style=\"text-align: center; height: 48px; width: 115px;\"><span style=\"color: #000000;\">10\/04\/2023<\/span><\/td> <td style=\"text-align: center; height: 48px; width: 119px;\"><span style=\"color: #000000;\">31\/03\/2023<\/span><\/td> <td style=\"text-align: center; height: 48px; width: 113px;\"><a href=\"http:\/\/187.174.252.244\/caev\/pdfs\/oficinas_operadoras\/Naranjos\/2023\/8-FORM7-23-1.xlsx\">descargar archivo<\/a><\/td> <\/tr> <tr style=\"height: 48px;\"> <td style=\"text-align: center; height: 48px; width: 97px;\"><span style=\"color: #000000;\">Segundo<\/span><\/td> <td style=\"text-align: center; height: 48px; width: 187px;\"><span style=\"color: #000000;\">Oficina Comercial y Administrativa<\/span><\/td> <td style=\"text-align: center; height: 48px; width: 115px;\"><span style=\"color: #000000;\">13\/07\/2023<\/span><\/td> <td style=\"text-align: center; height: 48px; width: 119px;\"><span style=\"color: #000000;\">30\/06\/2023<\/span><\/td> <td style=\"text-align: center; height: 48px; width: 113px;\"><a href=\"http:\/\/187.174.252.244\/caev\/pdfs\/oficinas_operadoras\/Naranjos\/2023\/8-FORM7-23-2.xlsx\">descargar archivo<\/a><\/td> <\/tr> <tr style=\"height: 48px;\"> <td style=\"text-align: center; height: 48px; width: 97px;\"><span style=\"color: #000000;\">Tercero<\/span><\/td> <td style=\"text-align: center; height: 48px; width: 187px;\"><span style=\"color: #000000;\">Oficina Comercial y Administrativa<\/span><\/td> <td style=\"text-align: center; height: 48px; width: 115px;\"><span style=\"color: #000000;\">05\/10\/2023<\/span><\/td> <td style=\"text-align: center; height: 48px; width: 119px;\"><span style=\"color: #000000;\">30\/09\/2023<\/span><\/td> <td style=\"text-align: center; height: 48px; width: 113px;\"><a href=\"http:\/\/187.174.252.244\/caev\/pdfs\/oficinas_operadoras\/Naranjos\/2023\/8-FORM7-23-3.xlsx\">descargar archivo<\/a><\/td> <\/tr> <tr style=\"height: 48px;\"> <td style=\"text-align: center; height: 48px; width: 97px;\"><span style=\"color: #000000;\">Cuarto<\/span><\/td> <td style=\"text-align: center; height: 48px; width: 187px;\"><span style=\"color: #000000;\">Oficina Comercial y Administrativa<\/span><\/td> <td style=\"text-align: center; height: 48px; width: 115px;\"><span style=\"color: #000000;\">17\/01\/2024<\/span><\/td> <td style=\"text-align: center; height: 48px; width: 119px;\"><span style=\"color: #000000;\">31\/12\/2023<\/span><\/td> <td style=\"text-align: center; height: 48px; width: 113px;\"><a href=\"http:\/\/187.174.252.244\/caev\/pdfs\/oficinas_operadoras\/Naranjos\/2023\/8-FORM7-23-4.xlsx\">descargar archivo<\/a><\/td> <\/tr> <\/tbody> <\/table> <\/div> <p>&nbsp;<\/p> <h4>A\u00d1OS ANTERIORES<\/h4> <table width=\"520\"> <tbody> <tr> <td style=\"width: 100px;\"><a href=\"http:\/\/187.174.252.244\/operadoras\/transparencia\/ley-general-y-ley-875\/naranjos-amatlan-ley-general-y-ley-875-de-transparencia\/naranjos-amatlan-fraccion-vii-1\/\"><img loading=\"lazy\" decoding=\"async\" class=\"aligncenter\" src=\"http:\/\/187.174.252.244\/caev\/Image\/2018\/folder-ico.jpg\" alt=\"\" width=\"51\" height=\"44\" \/><\/a><\/td> <td><\/td> <\/tr> <\/tbody> <\/table> <p style=\"text-align: center;\"><a href=\"http:\/\/187.174.252.244\/operadoras\/transparencia\/ley-general-y-ley-875\/naranjos-amatlan-ley-general-y-ley-875-de-transparencia\/\"><img loading=\"lazy\" decoding=\"async\" class=\"alignnone size-medium\" src=\"http:\/\/187.174.252.244\/caev\/Oficinas_Operadoras\/Aarchivos\/home1.png\" width=\"36\" height=\"37\" \/><\/a> <a href=\"http:\/\/187.174.252.244\/operadoras\/transparencia\/ley-general-y-ley-875\/naranjos-amatlan-ley-general-y-ley-875-de-transparencia\/\">regresar<\/a><\/p> ","protected":false},"excerpt":{"rendered":"<p>EL DIRECTORIO DE SERVIDORES P\u00daBLICOS, A PARTIR DEL NIVEL DE JEFE DE DEPARTAMENTO O SU EQUIVALENTE &nbsp; El directorio de todos los Servidores P\u00fablicos, a partir del nivel de jefe de departamento o su equivalente, o de menor nivel, cuando se brinde atenci\u00f3n al p\u00fablico; manejen o apliquen recursos p\u00fablicos; realicen actos de autoridad o [&hellip;]<\/p>\n","protected":false},"author":1,"featured_media":0,"parent":6734,"menu_order":0,"comment_status":"closed","ping_status":"closed","template":"","meta":{"footnotes":""},"class_list":["post-8564","page","type-page","status-publish","hentry"],"_links":{"self":[{"href":"http:\/\/187.174.252.244\/operadoras\/wp-json\/wp\/v2\/pages\/8564"}],"collection":[{"href":"http:\/\/187.174.252.244\/operadoras\/wp-json\/wp\/v2\/pages"}],"about":[{"href":"http:\/\/187.174.252.244\/operadoras\/wp-json\/wp\/v2\/types\/page"}],"author":[{"embeddable":true,"href":"http:\/\/187.174.252.244\/operadoras\/wp-json\/wp\/v2\/users\/1"}],"replies":[{"embeddable":true,"href":"http:\/\/187.174.252.244\/operadoras\/wp-json\/wp\/v2\/comments?post=8564"}],"version-history":[{"count":25,"href":"http:\/\/187.174.252.244\/operadoras\/wp-json\/wp\/v2\/pages\/8564\/revisions"}],"predecessor-version":[{"id":54808,"href":"http:\/\/187.174.252.244\/operadoras\/wp-json\/wp\/v2\/pages\/8564\/revisions\/54808"}],"up":[{"embeddable":true,"href":"http:\/\/187.174.252.244\/operadoras\/wp-json\/wp\/v2\/pages\/6734"}],"wp:attachment":[{"href":"http:\/\/187.174.252.244\/operadoras\/wp-json\/wp\/v2\/media?parent=8564"}],"curies":[{"name":"wp","href":"https:\/\/api.w.org\/{rel}","templated":true}]}}