{"id":8894,"date":"2018-06-11T12:45:25","date_gmt":"2018-06-11T18:45:25","guid":{"rendered":"http:\/\/localhost\/?page_id=8894"},"modified":"2020-09-03T12:58:46","modified_gmt":"2020-09-03T18:58:46","slug":"acayucan-fraccion-viii","status":"publish","type":"page","link":"http:\/\/187.174.252.244\/operadoras\/transparencia\/ley-general-y-ley-875\/acayucan-ley-general-y-ley-875-de-transparencia\/acayucan-fraccion-viii\/","title":{"rendered":"Acayucan &#8211; Fracci\u00f3n VIII"},"content":{"rendered":"<p><strong>REMUNERACI\u00d3N BRUTA Y NETA<\/strong><\/p> <p>&nbsp;<\/p> <p>La remuneraci\u00f3n bruta y neta de todos los servidores p\u00fablicos de base, confianza y supernumerarios, de todas las percepciones, incluyendo sueldos, prestaciones, gratificaciones, primas, comisiones, dietas, bonos, est\u00edmulos, ingresos y sistemas de compensaci\u00f3n, se\u00f1alando la periodicidad de dicha remuneraci\u00f3n.<\/p> <div class=\"caja\"> <p>&nbsp;<\/p> <div class=\"caja\"> <table width=\"636\"> <tbody> <tr> <td style=\"width: 140px;\"><strong><img loading=\"lazy\" decoding=\"async\" class=\"alignnone aligncenter\" src=\"http:\/\/187.174.252.244\/caev\/Image\/2018\/fecha3-ico.png\" alt=\"\" width=\"46\" height=\"50\" \/><\/strong><\/td> <td style=\"width: 140px;\"> <h4>Ejercicio:<\/h4> <\/td> <td style=\"width: 140px;\" colspan=\"3\"> <p>&nbsp;<\/p> <p>2020<\/td> <\/tr> <\/tbody> <\/table> <p>&nbsp;<\/p> <table style=\"width: 700px; height: 420px;\" width=\"700\"> <tbody> <tr style=\"height: 63px;\"> <td style=\"width: 107px; height: 63px;\"><img loading=\"lazy\" decoding=\"async\" class=\"aligncenter\" src=\"http:\/\/187.174.252.244\/caev\/Image\/2018\/trimestre-ico.png\" alt=\"\" width=\"53\" height=\"60\" \/><\/td> <td style=\"width: 214px; height: 63px;\"><img loading=\"lazy\" decoding=\"async\" class=\"aligncenter\" src=\"http:\/\/187.174.252.244\/caev\/Image\/2018\/usuario-ico.png\" alt=\"\" width=\"56\" height=\"60\" \/><\/td> <td style=\"width: 112px; height: 63px;\"><img loading=\"lazy\" decoding=\"async\" class=\"aligncenter\" src=\"http:\/\/187.174.252.244\/caev\/Image\/2018\/anio-ico.png\" alt=\"\" width=\"59\" height=\"60\" \/><\/td> <td style=\"width: 120px; height: 63px;\"><img loading=\"lazy\" decoding=\"async\" class=\"aligncenter\" src=\"http:\/\/187.174.252.244\/caev\/Image\/2018\/anio-ico.png\" alt=\"\" width=\"59\" height=\"60\" \/><\/td> <td style=\"width: 113px; height: 63px;\"><img loading=\"lazy\" decoding=\"async\" class=\"aligncenter\" src=\"http:\/\/187.174.252.244\/caev\/Image\/2018\/cloud-ico.png\" alt=\"\" width=\"57\" height=\"60\" \/><\/td> <\/tr> <tr style=\"height: 98px;\"> <td style=\"text-align: center; width: 107px; height: 98px;\"><span style=\"color: #000000;\"><strong>Trimestre<\/strong><em><br \/> <\/em><\/span><\/td> <td style=\"text-align: center; width: 214px; height: 98px;\"><span style=\"color: #000000;\"><strong>\u00c1rea Responsable<\/strong><\/span><\/td> <td style=\"text-align: center; width: 112px; height: 98px;\"><span style=\"color: #000000;\"><strong>Fecha de Validaci\u00f3n de la Informaci\u00f3n<\/strong><\/span><\/td> <td style=\"text-align: center; width: 120px; height: 98px;\"><span style=\"color: #000000;\"><strong>Fecha de Actualizaci\u00f3n de la Inf.<\/strong><\/span><\/td> <td style=\"text-align: center; width: 113px; height: 98px;\"><span style=\"color: #000000;\"><strong>Descargar Informaci\u00f3n<\/strong><\/span><\/td> <\/tr> <tr style=\"height: 26px;\"> <td style=\"text-align: center; width: 107px; height: 26px;\"><\/td> <td style=\"text-align: center; width: 214px; height: 26px;\"><\/td> <td style=\"text-align: center; width: 112px; height: 26px;\"><\/td> <td style=\"text-align: center; width: 120px; height: 26px;\"><\/td> <td style=\"width: 113px; height: 26px;\"><\/td> <\/tr> <tr style=\"height: 74px;\"> <td style=\"text-align: center; width: 107px; height: 74px;\"><\/td> <td style=\"text-align: center; width: 214px; height: 74px;\"><\/td> <td style=\"text-align: center; width: 112px; height: 74px;\"><\/td> <td style=\"text-align: center; width: 120px; height: 74px;\"><\/td> <td style=\"text-align: center; width: 113px; height: 74px;\"><\/td> <\/tr> <tr style=\"height: 26px;\"> <td style=\"width: 107px; height: 26px; text-align: center;\">Segundo<\/td> <td style=\"width: 214px; height: 26px; text-align: center;\"><span style=\"color: #000000;\">Subdirecci\u00f3n Administrativa,<\/span><br \/> <span style=\"color: #000000;\">Recursos Humanos, Departamento de Finanzas<\/span><br \/> <span style=\"color: #000000;\">Enlace de Transparencia<\/span><\/td> <td style=\"width: 112px; height: 26px; text-align: center;\"><span style=\"color: #000000;\">23\/07\/2020<\/span><\/td> <td style=\"width: 120px; height: 26px; text-align: center;\"><span style=\"color: #000000;\">30\/06\/2020<\/span><\/td> <td style=\"width: 113px; height: 26px; text-align: center;\"><a href=\"http:\/\/187.174.252.244\/caev\/pdfs\/oficinas_operadoras\/Acayucan\/2020\/43-FORM8-20-2.xlsx\">descargar archivo<\/a><\/td> <\/tr> <tr style=\"height: 26px;\"> <td style=\"text-align: center; width: 107px; height: 26px;\"><\/td> <td style=\"text-align: center; width: 214px; height: 26px;\"><\/td> <td style=\"text-align: center; width: 112px; height: 26px;\"><\/td> <td style=\"text-align: center; width: 120px; height: 26px;\"><\/td> <td style=\"text-align: center; width: 113px; height: 26px;\"><\/td> <\/tr> <tr style=\"height: 26px;\"> <td style=\"text-align: center; width: 107px; height: 26px;\"><\/td> <td style=\"text-align: center; width: 214px; height: 26px;\"><\/td> <td style=\"text-align: center; width: 112px; height: 26px;\"><\/td> <td style=\"text-align: center; width: 120px; height: 26px;\"><\/td> <td style=\"text-align: center; width: 113px; height: 26px;\"><\/td> <\/tr> <\/tbody> <\/table> <p>&nbsp;<\/p> <\/div> <\/div> <h4>A\u00d1OS ANTERIORES<\/h4> <table width=\"520\"> <tbody> <tr> <td style=\"width: 100px;\"><a href=\"http:\/\/187.174.252.244\/operadoras\/transparencia\/ley-general-y-ley-875\/acayucan-ley-general-y-ley-875-de-transparencia\/acayucan-fraccion-viii-1\/\"><img loading=\"lazy\" decoding=\"async\" class=\"aligncenter\" src=\"http:\/\/187.174.252.244\/caev\/Image\/2018\/folder-ico.jpg\" alt=\"\" width=\"51\" height=\"44\" \/><\/a><\/td> <td><\/td> <\/tr> <\/tbody> <\/table> <p style=\"text-align: center;\"><a href=\"http:\/\/187.174.252.244\/operadoras\/transparencia\/ley-general-y-ley-875\/acayucan-ley-general-y-ley-875-de-transparencia\/\"><img loading=\"lazy\" decoding=\"async\" class=\"alignnone size-medium\" src=\"http:\/\/187.174.252.244\/caev\/Oficinas_Operadoras\/Aarchivos\/home1.png\" width=\"36\" height=\"37\" \/><\/a> <a href=\"http:\/\/187.174.252.244\/operadoras\/transparencia\/ley-general-y-ley-875\/acayucan-ley-general-y-ley-875-de-transparencia\/\">regresar<\/a><\/p> ","protected":false},"excerpt":{"rendered":"<p>REMUNERACI\u00d3N BRUTA Y NETA &nbsp; La remuneraci\u00f3n bruta y neta de todos los servidores p\u00fablicos de base, confianza y supernumerarios, de todas las percepciones, incluyendo sueldos, prestaciones, gratificaciones, primas, comisiones, dietas, bonos, est\u00edmulos, ingresos y sistemas de compensaci\u00f3n, se\u00f1alando la periodicidad de dicha remuneraci\u00f3n. &nbsp; Ejercicio: &nbsp; 2020 &nbsp; Trimestre \u00c1rea Responsable Fecha de Validaci\u00f3n [&hellip;]<\/p>\n","protected":false},"author":1,"featured_media":0,"parent":6660,"menu_order":0,"comment_status":"closed","ping_status":"closed","template":"","meta":{"footnotes":""},"class_list":["post-8894","page","type-page","status-publish","hentry"],"_links":{"self":[{"href":"http:\/\/187.174.252.244\/operadoras\/wp-json\/wp\/v2\/pages\/8894"}],"collection":[{"href":"http:\/\/187.174.252.244\/operadoras\/wp-json\/wp\/v2\/pages"}],"about":[{"href":"http:\/\/187.174.252.244\/operadoras\/wp-json\/wp\/v2\/types\/page"}],"author":[{"embeddable":true,"href":"http:\/\/187.174.252.244\/operadoras\/wp-json\/wp\/v2\/users\/1"}],"replies":[{"embeddable":true,"href":"http:\/\/187.174.252.244\/operadoras\/wp-json\/wp\/v2\/comments?post=8894"}],"version-history":[{"count":16,"href":"http:\/\/187.174.252.244\/operadoras\/wp-json\/wp\/v2\/pages\/8894\/revisions"}],"predecessor-version":[{"id":34787,"href":"http:\/\/187.174.252.244\/operadoras\/wp-json\/wp\/v2\/pages\/8894\/revisions\/34787"}],"up":[{"embeddable":true,"href":"http:\/\/187.174.252.244\/operadoras\/wp-json\/wp\/v2\/pages\/6660"}],"wp:attachment":[{"href":"http:\/\/187.174.252.244\/operadoras\/wp-json\/wp\/v2\/media?parent=8894"}],"curies":[{"name":"wp","href":"https:\/\/api.w.org\/{rel}","templated":true}]}}