{"id":8932,"date":"2018-06-11T15:42:38","date_gmt":"2018-06-11T21:42:38","guid":{"rendered":"http:\/\/localhost\/?page_id=8932"},"modified":"2020-02-17T10:04:18","modified_gmt":"2020-02-17T16:04:18","slug":"cuenca-del-papaloapan-fraccion-viii","status":"publish","type":"page","link":"http:\/\/187.174.252.244\/operadoras\/transparencia\/ley-general-y-ley-875\/cuenca-del-papaloapan-ley-general-y-ley-875-de-transparencia\/cuenca-del-papaloapan-fraccion-viii\/","title":{"rendered":"Cosamaloapan &#8211; Fracci\u00f3n VIII"},"content":{"rendered":"<p><strong>REMUNERACI\u00d3N BRUTA Y NETA<\/strong><\/p> <p>&nbsp;<\/p> <p>La remuneraci\u00f3n bruta y neta de todos los servidores p\u00fablicos de base, confianza y supernumerarios, de todas las percepciones, incluyendo sueldos, prestaciones, gratificaciones, primas, comisiones, dietas, bonos, est\u00edmulos, ingresos y sistemas de compensaci\u00f3n, se\u00f1alando la periodicidad de dicha remuneraci\u00f3n.<\/p> <p>&nbsp;<\/p> <div class=\"caja\"> <table width=\"636\"> <tbody> <tr> <td style=\"width: 140px;\"><strong><img loading=\"lazy\" decoding=\"async\" class=\"alignnone aligncenter\" src=\"http:\/\/187.174.252.244\/caev\/Image\/2018\/fecha3-ico.png\" alt=\"\" width=\"46\" height=\"50\" \/><\/strong><\/td> <td style=\"width: 140px;\"> <h4>Ejercicio:<\/h4> <\/td> <td style=\"width: 140px;\" colspan=\"3\"> <p>&nbsp;<\/p> <p>2019<\/td> <\/tr> <\/tbody> <\/table> <p>&nbsp;<\/p> <table style=\"width: 699px; height: 292px;\" width=\"700\"> <tbody> <tr style=\"height: 61px;\"> <td style=\"width: 105.563px; height: 61px;\"><img loading=\"lazy\" decoding=\"async\" class=\"aligncenter\" src=\"http:\/\/187.174.252.244\/caev\/Image\/2018\/trimestre-ico.png\" alt=\"\" width=\"53\" height=\"60\" \/><\/td> <td style=\"width: 215.063px; height: 61px;\"><img loading=\"lazy\" decoding=\"async\" class=\"aligncenter\" src=\"http:\/\/187.174.252.244\/caev\/Image\/2018\/usuario-ico.png\" alt=\"\" width=\"56\" height=\"60\" \/><\/td> <td style=\"width: 113.063px; height: 61px;\"><img loading=\"lazy\" decoding=\"async\" class=\"aligncenter\" src=\"http:\/\/187.174.252.244\/caev\/Image\/2018\/anio-ico.png\" alt=\"\" width=\"59\" height=\"60\" \/><\/td> <td style=\"width: 120.563px; height: 61px;\"><img loading=\"lazy\" decoding=\"async\" class=\"aligncenter\" src=\"http:\/\/187.174.252.244\/caev\/Image\/2018\/anio-ico.png\" alt=\"\" width=\"59\" height=\"60\" \/><\/td> <td style=\"width: 116.063px; height: 61px;\"><img loading=\"lazy\" decoding=\"async\" class=\"aligncenter\" src=\"http:\/\/187.174.252.244\/caev\/Image\/2018\/cloud-ico.png\" alt=\"\" width=\"57\" height=\"60\" \/><\/td> <\/tr> <tr style=\"height: 96px;\"> <td style=\"text-align: center; width: 105.563px; height: 96px;\"><span style=\"color: #000000;\"><strong>Trimestre<\/strong><em><br \/> <\/em><\/span><\/td> <td style=\"text-align: center; width: 215.063px; height: 96px;\"><span style=\"color: #000000;\"><strong>\u00c1rea Responsable<\/strong><\/span><\/td> <td style=\"text-align: center; width: 113.063px; height: 96px;\"><span style=\"color: #000000;\"><strong>Fecha de Validaci\u00f3n de la Informaci\u00f3n<\/strong><\/span><\/td> <td style=\"text-align: center; width: 120.563px; height: 96px;\"><span style=\"color: #000000;\"><strong>Fecha de Actualizaci\u00f3n de la Inf.<\/strong><\/span><\/td> <td style=\"text-align: center; width: 116.063px; height: 96px;\"><span style=\"color: #000000;\"><strong>Descargar Informaci\u00f3n<\/strong><\/span><\/td> <\/tr> <tr style=\"height: 24px;\"> <td style=\"width: 105.563px; height: 24px;\"><\/td> <td style=\"width: 215.063px; height: 24px;\"><\/td> <td style=\"width: 113.063px; height: 24px;\"><\/td> <td style=\"width: 120.563px; height: 24px;\"><\/td> <td style=\"width: 116.063px; height: 24px;\"><\/td> <\/tr> <tr style=\"height: 48px;\"> <td style=\"text-align: center; width: 105.563px; height: 48px;\"><span style=\"color: #000000;\">Primero<\/span><\/td> <td style=\"text-align: center; width: 215.063px; height: 48px;\"><span style=\"color: #000000;\">Secci\u00f3n de Contabilidad y Control de Presupuestal<\/span><\/td> <td style=\"text-align: center; width: 113.063px; height: 48px;\"><span style=\"color: #000000;\">02\/04\/2019<\/span><\/td> <td style=\"text-align: center; width: 120.563px; height: 48px;\"><span style=\"color: #000000;\">04\/04\/2019<\/span><\/td> <td style=\"text-align: center; width: 116.063px; height: 48px;\"><a href=\"http:\/\/187.174.252.244\/caev\/pdfs\/oficinas_operadoras\/Cuenca\/2019\/51-FORM8-19-1.xlsx\">descargar archivo<\/a><\/td> <\/tr> <tr> <td style=\"width: 105.563px; text-align: center;\">Segundo<\/td> <td style=\"width: 215.063px; text-align: center;\"><span style=\"color: #000000;\">Secci\u00f3n de Contabilidad y Control Presupuestal<\/span><\/td> <td style=\"width: 113.063px; text-align: center;\"><span style=\"color: #000000;\">01\/07\/2019<\/span><\/td> <td style=\"width: 120.563px; text-align: center;\"><span style=\"color: #000000;\">30\/06\/2019<\/span><\/td> <td style=\"width: 116.063px; text-align: center;\"><a href=\"http:\/\/187.174.252.244\/caev\/pdfs\/oficinas_operadoras\/Cuenca\/2019\/51-FORM8-19-2.xls\">descargar archivo<\/a><\/td> <\/tr> <tr style=\"height: 24px;\"> <td style=\"width: 105.563px; text-align: center; height: 24px;\"><\/td> <td style=\"width: 215.063px; text-align: center; height: 24px;\"><\/td> <td style=\"width: 113.063px; text-align: center; height: 24px;\"><\/td> <td style=\"width: 120.563px; text-align: center; height: 24px;\"><\/td> <td style=\"width: 116.063px; text-align: center; height: 24px;\"><\/td> <\/tr> <tr style=\"height: 24px;\"> <td style=\"width: 105.563px; text-align: center; height: 24px;\"><\/td> <td style=\"width: 215.063px; text-align: center; height: 24px;\"><\/td> <td style=\"width: 113.063px; text-align: center; height: 24px;\"><\/td> <td style=\"width: 120.563px; text-align: center; height: 24px;\"><\/td> <td style=\"width: 116.063px; text-align: center; height: 24px;\"><\/td> <\/tr> <\/tbody> <\/table> <\/div> <p>&nbsp;<\/p> <h4>A\u00d1OS ANTERIORES<\/h4> <table width=\"520\"> <tbody> <tr> <td style=\"width: 100px;\"><a href=\"http:\/\/187.174.252.244\/operadoras\/transparencia\/ley-general-y-ley-875\/cuenca-del-papaloapan-ley-general-y-ley-875-de-transparencia\/cuenca-del-papaloapan-fraccion-viii-1\/\"><img loading=\"lazy\" decoding=\"async\" class=\"aligncenter\" src=\"http:\/\/187.174.252.244\/caev\/Image\/2018\/folder-ico.jpg\" alt=\"\" width=\"51\" height=\"44\" \/><\/a><\/td> <td><\/td> <\/tr> <\/tbody> <\/table> <p style=\"text-align: center;\"><a href=\"http:\/\/187.174.252.244\/operadoras\/transparencia\/ley-general-y-ley-875\/cuenca-del-papaloapan-ley-general-y-ley-875-de-transparencia\/\"><img loading=\"lazy\" decoding=\"async\" class=\"alignnone size-medium\" src=\"http:\/\/187.174.252.244\/caev\/Oficinas_Operadoras\/Aarchivos\/home1.png\" width=\"36\" height=\"37\" \/><\/a> <a href=\"http:\/\/187.174.252.244\/operadoras\/transparencia\/ley-general-y-ley-875\/cuenca-del-papaloapan-ley-general-y-ley-875-de-transparencia\/\">regresar<\/a><\/p> ","protected":false},"excerpt":{"rendered":"<p>REMUNERACI\u00d3N BRUTA Y NETA &nbsp; La remuneraci\u00f3n bruta y neta de todos los servidores p\u00fablicos de base, confianza y supernumerarios, de todas las percepciones, incluyendo sueldos, prestaciones, gratificaciones, primas, comisiones, dietas, bonos, est\u00edmulos, ingresos y sistemas de compensaci\u00f3n, se\u00f1alando la periodicidad de dicha remuneraci\u00f3n. &nbsp; Ejercicio: &nbsp; 2019 &nbsp; Trimestre \u00c1rea Responsable Fecha de Validaci\u00f3n [&hellip;]<\/p>\n","protected":false},"author":1,"featured_media":0,"parent":6696,"menu_order":0,"comment_status":"closed","ping_status":"closed","template":"","meta":{"footnotes":""},"class_list":["post-8932","page","type-page","status-publish","hentry"],"_links":{"self":[{"href":"http:\/\/187.174.252.244\/operadoras\/wp-json\/wp\/v2\/pages\/8932"}],"collection":[{"href":"http:\/\/187.174.252.244\/operadoras\/wp-json\/wp\/v2\/pages"}],"about":[{"href":"http:\/\/187.174.252.244\/operadoras\/wp-json\/wp\/v2\/types\/page"}],"author":[{"embeddable":true,"href":"http:\/\/187.174.252.244\/operadoras\/wp-json\/wp\/v2\/users\/1"}],"replies":[{"embeddable":true,"href":"http:\/\/187.174.252.244\/operadoras\/wp-json\/wp\/v2\/comments?post=8932"}],"version-history":[{"count":11,"href":"http:\/\/187.174.252.244\/operadoras\/wp-json\/wp\/v2\/pages\/8932\/revisions"}],"predecessor-version":[{"id":33427,"href":"http:\/\/187.174.252.244\/operadoras\/wp-json\/wp\/v2\/pages\/8932\/revisions\/33427"}],"up":[{"embeddable":true,"href":"http:\/\/187.174.252.244\/operadoras\/wp-json\/wp\/v2\/pages\/6696"}],"wp:attachment":[{"href":"http:\/\/187.174.252.244\/operadoras\/wp-json\/wp\/v2\/media?parent=8932"}],"curies":[{"name":"wp","href":"https:\/\/api.w.org\/{rel}","templated":true}]}}