{"id":8942,"date":"2018-06-11T15:44:20","date_gmt":"2018-06-11T21:44:20","guid":{"rendered":"http:\/\/localhost\/?page_id=8942"},"modified":"2021-07-05T10:34:14","modified_gmt":"2021-07-05T16:34:14","slug":"isla-fraccion-viii","status":"publish","type":"page","link":"http:\/\/187.174.252.244\/operadoras\/transparencia\/ley-general-y-ley-875\/isla-ley-general-y-ley-875-de-transparencia\/isla-fraccion-viii\/","title":{"rendered":"Isla &#8211; Fracci\u00f3n VIII"},"content":{"rendered":"<p><strong>REMUNERACI\u00d3N BRUTA Y NETA<\/strong><\/p> <p>&nbsp;<\/p> <p>La remuneraci\u00f3n bruta y neta de todos los servidores p\u00fablicos de base, confianza y supernumerarios, de todas las percepciones, incluyendo sueldos, prestaciones, gratificaciones, primas, comisiones, dietas, bonos, est\u00edmulos, ingresos y sistemas de compensaci\u00f3n, se\u00f1alando la periodicidad de dicha remuneraci\u00f3n.<\/p> <p>&nbsp;<\/p> <div class=\"caja\"> <table width=\"636\"> <tbody> <tr> <td style=\"width: 140px;\"><strong><img loading=\"lazy\" decoding=\"async\" class=\"alignnone aligncenter\" src=\"http:\/\/187.174.252.244\/caev\/Image\/2018\/fecha3-ico.png\" alt=\"\" width=\"46\" height=\"50\" \/><\/strong><\/td> <td style=\"width: 140px;\"> <h4>Ejercicio:<\/h4> <\/td> <td style=\"width: 140px;\" colspan=\"3\"> <p>&nbsp;<\/p> <p>2020<\/td> <\/tr> <\/tbody> <\/table> <p>&nbsp;<\/p> <table style=\"height: 373px;\" width=\"700\"> <tbody> <tr style=\"height: 61px;\"> <td style=\"width: 100px; height: 61px;\"><img loading=\"lazy\" decoding=\"async\" class=\"aligncenter\" src=\"http:\/\/187.174.252.244\/caev\/Image\/2018\/trimestre-ico.png\" alt=\"\" width=\"53\" height=\"60\" \/><\/td> <td style=\"width: 200px; height: 61px;\"><img loading=\"lazy\" decoding=\"async\" class=\"aligncenter\" src=\"http:\/\/187.174.252.244\/caev\/Image\/2018\/usuario-ico.png\" alt=\"\" width=\"56\" height=\"60\" \/><\/td> <td style=\"width: 100px; height: 61px;\"><img loading=\"lazy\" decoding=\"async\" class=\"aligncenter\" src=\"http:\/\/187.174.252.244\/caev\/Image\/2018\/anio-ico.png\" alt=\"\" width=\"59\" height=\"60\" \/><\/td> <td style=\"width: 100px; height: 61px;\"><img loading=\"lazy\" decoding=\"async\" class=\"aligncenter\" src=\"http:\/\/187.174.252.244\/caev\/Image\/2018\/anio-ico.png\" alt=\"\" width=\"59\" height=\"60\" \/><\/td> <td style=\"width: 100px; height: 61px;\"><img loading=\"lazy\" decoding=\"async\" class=\"aligncenter\" src=\"http:\/\/187.174.252.244\/caev\/Image\/2018\/cloud-ico.png\" alt=\"\" width=\"57\" height=\"60\" \/><\/td> <\/tr> <tr style=\"height: 96px;\"> <td style=\"text-align: center; height: 96px; width: 100px;\"><span style=\"color: #000000;\"><strong>Trimestre<\/strong><em><br \/> <\/em><\/span><\/td> <td style=\"text-align: center; height: 96px; width: 200px;\"><span style=\"color: #000000;\"><strong>\u00c1rea Responsable<\/strong><\/span><\/td> <td style=\"text-align: center; height: 96px; width: 100px;\"><span style=\"color: #000000;\"><strong>Fecha de Validaci\u00f3n de la Informaci\u00f3n<\/strong><\/span><\/td> <td style=\"text-align: center; height: 96px; width: 100px;\"><span style=\"color: #000000;\"><strong>Fecha de Actualizaci\u00f3n de la Inf.<\/strong><\/span><\/td> <td style=\"text-align: center; height: 96px; width: 100px;\"><span style=\"color: #000000;\"><strong>Descargar Informaci\u00f3n<\/strong><\/span><\/td> <\/tr> <tr style=\"height: 24px;\"> <td style=\"height: 24px; width: 100px;\"><\/td> <td style=\"height: 24px; width: 200px;\"><\/td> <td style=\"height: 24px; width: 100px;\"><\/td> <td style=\"height: 24px; width: 100px;\"><\/td> <td style=\"height: 24px; width: 100px;\"><\/td> <\/tr> <tr style=\"height: 48px;\"> <td style=\"text-align: center; height: 48px; width: 100px;\"><span style=\"color: #000000;\">Primero<\/span><\/td> <td style=\"text-align: center; height: 48px; width: 200px;\"><span style=\"color: #000000;\">Oficina de Recursos Humanos<\/span><\/td> <td style=\"text-align: center; height: 48px; width: 100px;\"><span style=\"color: #000000;\">20\/04\/2020<\/span><\/td> <td style=\"text-align: center; height: 48px; width: 100px;\"><span style=\"color: #000000;\">31\/03\/2020<\/span><\/td> <td style=\"text-align: center; height: 48px; width: 100px;\"><a href=\"http:\/\/187.174.252.244\/caev\/pdfs\/oficinas_operadoras\/Isla\/2020\/56-FORM8-20-1.xlsx\">descargar archivo<\/a><\/td> <\/tr> <tr style=\"height: 48px;\"> <td style=\"text-align: center; height: 48px; width: 100px;\"><span style=\"color: #000000;\">Segundo<\/span><\/td> <td style=\"text-align: center; height: 48px; width: 200px;\"><span style=\"color: #000000;\">Oficina de Recursos Humanos<\/span><\/td> <td style=\"text-align: center; height: 48px; width: 100px;\"><span style=\"color: #000000;\">30\/07\/2020<\/span><\/td> <td style=\"text-align: center; height: 48px; width: 100px;\"><span style=\"color: #000000;\">30\/06\/2020<\/span><\/td> <td style=\"text-align: center; height: 48px; width: 100px;\"><a href=\"http:\/\/187.174.252.244\/caev\/pdfs\/oficinas_operadoras\/Isla\/2020\/56-FORM8-20-2.xlsx\">descargar archivo<\/a><\/td> <\/tr> <tr style=\"height: 48px;\"> <td style=\"text-align: center; height: 48px; width: 100px;\"><span style=\"color: #000000;\">Tercero<\/span><\/td> <td style=\"text-align: center; height: 48px; width: 200px;\"><span style=\"color: #000000;\">Oficina de Recursos Humanos<\/span><\/td> <td style=\"text-align: center; height: 48px; width: 100px;\"><span style=\"color: #000000;\">30\/10\/2020<\/span><\/td> <td style=\"text-align: center; height: 48px; width: 100px;\"><span style=\"color: #000000;\">30\/09\/2020<\/span><\/td> <td style=\"text-align: center; height: 48px; width: 100px;\"><a href=\"http:\/\/187.174.252.244\/caev\/pdfs\/oficinas_operadoras\/Isla\/2020\/56-FORM8-20-3.xlsx\">descargar archivo<\/a><\/td> <\/tr> <tr> <td style=\"width: 100px; text-align: center;\"><span style=\"color: #000000;\">Cuarto<\/span><\/td> <td style=\"width: 200px; text-align: center;\"><span style=\"color: #000000;\">Oficina de Recursos Humanos<\/span><\/td> <td style=\"width: 100px; text-align: center;\"><span style=\"color: #000000;\">29\/01\/2021<\/span><\/td> <td style=\"width: 100px; text-align: center;\"><span style=\"color: #000000;\">31\/12\/2020<\/span><\/td> <td style=\"width: 100px; text-align: center;\"><a href=\"http:\/\/187.174.252.244\/caev\/pdfs\/oficinas_operadoras\/Isla\/2020\/56-FORM8-20-4.xlsx\">descargar archivo<\/a><\/td> <\/tr> <tr> <td style=\"width: 100px;\"><\/td> <td style=\"width: 200px;\"><\/td> <td style=\"width: 100px;\"><\/td> <td style=\"width: 100px;\"><\/td> <td style=\"width: 100px;\"><\/td> <\/tr> <tr style=\"height: 24px;\"> <td style=\"text-align: center; height: 24px; width: 100px;\"><span style=\"color: #000000;\">\u00a0<\/span><\/td> <td style=\"text-align: center; height: 24px; width: 200px;\"><span style=\"color: #000000;\">\u00a0<\/span><\/td> <td style=\"text-align: center; height: 24px; width: 100px;\"><span style=\"color: #000000;\">\u00a0<\/span><\/td> <td style=\"text-align: center; height: 24px; width: 100px;\"><span style=\"color: #000000;\">\u00a0<\/span><\/td> <td style=\"text-align: center; height: 24px; width: 100px;\"><\/td> <\/tr> <tr style=\"height: 24px;\"> <td style=\"text-align: center; height: 24px; width: 100px;\"><\/td> <td style=\"text-align: center; height: 24px; width: 200px;\"><\/td> <td style=\"text-align: center; height: 24px; width: 100px;\"><\/td> <td style=\"text-align: center; height: 24px; width: 100px;\"><\/td> <td style=\"text-align: center; height: 24px; width: 100px;\"><\/td> <\/tr> <\/tbody> <\/table> <\/div> <h4><\/h4> <h4>A\u00d1OS ANTERIORES<\/h4> <table width=\"520\"> <tbody> <tr> <td style=\"width: 100px;\"><a href=\"http:\/\/187.174.252.244\/operadoras\/transparencia\/ley-general-y-ley-875\/isla-ley-general-y-ley-875-de-transparencia\/isla-fraccion-viii-1\/\"><img loading=\"lazy\" decoding=\"async\" class=\"aligncenter\" src=\"http:\/\/187.174.252.244\/caev\/Image\/2018\/folder-ico.jpg\" alt=\"\" width=\"51\" height=\"44\" \/><\/a><\/td> <td><\/td> <\/tr> <\/tbody> <\/table> <p>&nbsp;<\/p> <p style=\"text-align: center;\"><a href=\"http:\/\/187.174.252.244\/operadoras\/transparencia\/ley-general-y-ley-875\/isla-ley-general-y-ley-875-de-transparencia\/\"><img loading=\"lazy\" decoding=\"async\" class=\"alignnone size-medium\" src=\"http:\/\/187.174.252.244\/caev\/Oficinas_Operadoras\/Aarchivos\/home1.png\" width=\"36\" height=\"37\" \/><\/a> <a href=\"http:\/\/187.174.252.244\/operadoras\/transparencia\/ley-general-y-ley-875\/isla-ley-general-y-ley-875-de-transparencia\/\">regresar<\/a><\/p> ","protected":false},"excerpt":{"rendered":"<p>REMUNERACI\u00d3N BRUTA Y NETA &nbsp; La remuneraci\u00f3n bruta y neta de todos los servidores p\u00fablicos de base, confianza y supernumerarios, de todas las percepciones, incluyendo sueldos, prestaciones, gratificaciones, primas, comisiones, dietas, bonos, est\u00edmulos, ingresos y sistemas de compensaci\u00f3n, se\u00f1alando la periodicidad de dicha remuneraci\u00f3n. &nbsp; Ejercicio: &nbsp; 2020 &nbsp; Trimestre \u00c1rea Responsable Fecha de Validaci\u00f3n [&hellip;]<\/p>\n","protected":false},"author":1,"featured_media":0,"parent":6706,"menu_order":0,"comment_status":"closed","ping_status":"closed","template":"","meta":{"footnotes":""},"class_list":["post-8942","page","type-page","status-publish","hentry"],"_links":{"self":[{"href":"http:\/\/187.174.252.244\/operadoras\/wp-json\/wp\/v2\/pages\/8942"}],"collection":[{"href":"http:\/\/187.174.252.244\/operadoras\/wp-json\/wp\/v2\/pages"}],"about":[{"href":"http:\/\/187.174.252.244\/operadoras\/wp-json\/wp\/v2\/types\/page"}],"author":[{"embeddable":true,"href":"http:\/\/187.174.252.244\/operadoras\/wp-json\/wp\/v2\/users\/1"}],"replies":[{"embeddable":true,"href":"http:\/\/187.174.252.244\/operadoras\/wp-json\/wp\/v2\/comments?post=8942"}],"version-history":[{"count":10,"href":"http:\/\/187.174.252.244\/operadoras\/wp-json\/wp\/v2\/pages\/8942\/revisions"}],"predecessor-version":[{"id":39546,"href":"http:\/\/187.174.252.244\/operadoras\/wp-json\/wp\/v2\/pages\/8942\/revisions\/39546"}],"up":[{"embeddable":true,"href":"http:\/\/187.174.252.244\/operadoras\/wp-json\/wp\/v2\/pages\/6706"}],"wp:attachment":[{"href":"http:\/\/187.174.252.244\/operadoras\/wp-json\/wp\/v2\/media?parent=8942"}],"curies":[{"name":"wp","href":"https:\/\/api.w.org\/{rel}","templated":true}]}}