{"id":8986,"date":"2018-06-11T15:54:26","date_gmt":"2018-06-11T21:54:26","guid":{"rendered":"http:\/\/localhost\/?page_id=8986"},"modified":"2020-07-29T12:58:31","modified_gmt":"2020-07-29T18:58:31","slug":"piedras-negras-fraccion-viii","status":"publish","type":"page","link":"http:\/\/187.174.252.244\/operadoras\/transparencia\/ley-general-y-ley-875\/piedras-negras-ley-general-y-ley-875-de-transparencia\/piedras-negras-fraccion-viii\/","title":{"rendered":"Piedras Negras &#8211; Fracci\u00f3n VIII"},"content":{"rendered":"<p><strong>REMUNERACI\u00d3N BRUTA Y NETA<\/strong><\/p> <p>&nbsp;<\/p> <p>La remuneraci\u00f3n bruta y neta de todos los servidores p\u00fablicos de base, confianza y supernumerarios, de todas las percepciones, incluyendo sueldos, prestaciones, gratificaciones, primas, comisiones, dietas, bonos, est\u00edmulos, ingresos y sistemas de compensaci\u00f3n, se\u00f1alando la periodicidad de dicha remuneraci\u00f3n.<\/p> <p>&nbsp;<\/p> <div class=\"caja\"> <table width=\"636\"> <tbody> <tr> <td style=\"width: 140px;\"><strong><img loading=\"lazy\" decoding=\"async\" class=\"alignnone aligncenter\" src=\"http:\/\/187.174.252.244\/caev\/Image\/2018\/fecha3-ico.png\" alt=\"\" width=\"46\" height=\"50\" \/><\/strong><\/td> <td style=\"width: 140px;\"> <h4>Ejercicio:<\/h4> <\/td> <td style=\"width: 140px;\" colspan=\"3\"> <p>&nbsp;<\/p> <p>2020<\/td> <\/tr> <\/tbody> <\/table> <p>&nbsp;<\/p> <table style=\"width: 699px; height: 240px;\" width=\"700\"> <tbody> <tr> <td style=\"width: 107.063px;\"><img loading=\"lazy\" decoding=\"async\" class=\"aligncenter\" src=\"http:\/\/187.174.252.244\/caev\/Image\/2018\/trimestre-ico.png\" alt=\"\" width=\"53\" height=\"60\" \/><\/td> <td style=\"width: 215.063px;\"><img loading=\"lazy\" decoding=\"async\" class=\"aligncenter\" src=\"http:\/\/187.174.252.244\/caev\/Image\/2018\/usuario-ico.png\" alt=\"\" width=\"56\" height=\"60\" \/><\/td> <td style=\"width: 111.563px;\"><img loading=\"lazy\" decoding=\"async\" class=\"aligncenter\" src=\"http:\/\/187.174.252.244\/caev\/Image\/2018\/anio-ico.png\" alt=\"\" width=\"59\" height=\"60\" \/><\/td> <td style=\"width: 122.063px;\"><img loading=\"lazy\" decoding=\"async\" class=\"aligncenter\" src=\"http:\/\/187.174.252.244\/caev\/Image\/2018\/anio-ico.png\" alt=\"\" width=\"59\" height=\"60\" \/><\/td> <td style=\"width: 114.563px;\"><img loading=\"lazy\" decoding=\"async\" class=\"aligncenter\" src=\"http:\/\/187.174.252.244\/caev\/Image\/2018\/cloud-ico.png\" alt=\"\" width=\"57\" height=\"60\" \/><\/td> <\/tr> <tr> <td style=\"text-align: center; width: 107.063px;\"><span style=\"color: #000000;\"><strong>Trimestre<\/strong><em><br \/> <\/em><\/span><\/td> <td style=\"text-align: center; width: 215.063px;\"><span style=\"color: #000000;\"><strong>\u00c1rea Responsable<\/strong><\/span><\/td> <td style=\"text-align: center; width: 111.563px;\"><span style=\"color: #000000;\"><strong>Fecha de Validaci\u00f3n de la Informaci\u00f3n<\/strong><\/span><\/td> <td style=\"text-align: center; width: 122.063px;\"><span style=\"color: #000000;\"><strong>Fecha de Actualizaci\u00f3n de la Inf.<\/strong><\/span><\/td> <td style=\"text-align: center; width: 114.563px;\"><span style=\"color: #000000;\"><strong>Descargar Informaci\u00f3n<\/strong><\/span><\/td> <\/tr> <tr> <td style=\"width: 107.063px;\"><\/td> <td style=\"width: 215.063px;\"><\/td> <td style=\"width: 111.563px;\"><\/td> <td style=\"width: 122.063px;\"><\/td> <td style=\"width: 114.563px;\"><\/td> <\/tr> <tr> <td style=\"text-align: center; width: 107.063px;\"><\/td> <td style=\"text-align: center; width: 215.063px;\"><\/td> <td style=\"text-align: center; width: 111.563px;\"><\/td> <td style=\"text-align: center; width: 122.063px;\"><\/td> <td style=\"text-align: center; width: 114.563px;\"><\/td> <\/tr> <tr> <td style=\"text-align: center; width: 107.063px;\"><span style=\"color: #000000;\">Segundo<\/span><\/td> <td style=\"text-align: center; width: 215.063px;\"><span style=\"color: #000000;\">Oficina Comercial y Administrativa<\/span><\/td> <td style=\"text-align: center; width: 111.563px;\"><span style=\"color: #000000;\">27\/07\/2020<\/span><\/td> <td style=\"text-align: center; width: 122.063px;\"><span style=\"color: #000000;\">30\/06\/2020<\/span><\/td> <td style=\"text-align: center; width: 114.563px;\"><a href=\"http:\/\/187.174.252.244\/caev\/pdfs\/oficinas_operadoras\/PiedrasNegras\/2020\/33-FORM8-20-2.xlsx\">descargar archivo<\/a><\/td> <\/tr> <tr> <td style=\"text-align: center; width: 107.063px;\"><\/td> <td style=\"text-align: center; width: 215.063px;\"><\/td> <td style=\"text-align: center; width: 111.563px;\"><\/td> <td style=\"text-align: center; width: 122.063px;\"><\/td> <td style=\"text-align: center; width: 114.563px;\"><\/td> <\/tr> <tr> <td style=\"text-align: center; width: 107.063px;\"><\/td> <td style=\"text-align: center; width: 215.063px;\"><\/td> <td style=\"text-align: center; width: 111.563px;\"><\/td> <td style=\"text-align: center; width: 122.063px;\"><\/td> <td style=\"text-align: center; width: 114.563px;\"><\/td> <\/tr> <\/tbody> <\/table> <\/div> <h4><\/h4> <h4>A\u00d1OS ANTERIORES<\/h4> <table width=\"520\"> <tbody> <tr> <td style=\"width: 100px;\"><a href=\"http:\/\/187.174.252.244\/operadoras\/transparencia\/ley-general-y-ley-875\/piedras-negras-ley-general-y-ley-875-de-transparencia\/piedras-negras-fraccion-viii-1\/\"><img loading=\"lazy\" decoding=\"async\" class=\"aligncenter\" src=\"http:\/\/187.174.252.244\/caev\/Image\/2018\/folder-ico.jpg\" alt=\"\" width=\"51\" height=\"44\" \/><\/a><\/td> <td><\/td> <\/tr> <\/tbody> <\/table> <p style=\"text-align: center;\"><a href=\"http:\/\/187.174.252.244\/operadoras\/transparencia\/ley-general-y-ley-875\/piedras-negras-ley-general-y-ley-875-de-transparencia\/\"><img loading=\"lazy\" decoding=\"async\" class=\"alignnone size-medium\" src=\"http:\/\/187.174.252.244\/caev\/Oficinas_Operadoras\/Aarchivos\/home1.png\" width=\"36\" height=\"37\" \/><\/a> <a href=\"http:\/\/187.174.252.244\/operadoras\/transparencia\/ley-general-y-ley-875\/piedras-negras-ley-general-y-ley-875-de-transparencia\/\">regresar<\/a><\/p> ","protected":false},"excerpt":{"rendered":"<p>REMUNERACI\u00d3N BRUTA Y NETA &nbsp; La remuneraci\u00f3n bruta y neta de todos los servidores p\u00fablicos de base, confianza y supernumerarios, de todas las percepciones, incluyendo sueldos, prestaciones, gratificaciones, primas, comisiones, dietas, bonos, est\u00edmulos, ingresos y sistemas de compensaci\u00f3n, se\u00f1alando la periodicidad de dicha remuneraci\u00f3n. &nbsp; Ejercicio: &nbsp; 2020 &nbsp; Trimestre \u00c1rea Responsable Fecha de Validaci\u00f3n [&hellip;]<\/p>\n","protected":false},"author":1,"featured_media":0,"parent":6750,"menu_order":0,"comment_status":"closed","ping_status":"closed","template":"","meta":{"footnotes":""},"class_list":["post-8986","page","type-page","status-publish","hentry"],"_links":{"self":[{"href":"http:\/\/187.174.252.244\/operadoras\/wp-json\/wp\/v2\/pages\/8986"}],"collection":[{"href":"http:\/\/187.174.252.244\/operadoras\/wp-json\/wp\/v2\/pages"}],"about":[{"href":"http:\/\/187.174.252.244\/operadoras\/wp-json\/wp\/v2\/types\/page"}],"author":[{"embeddable":true,"href":"http:\/\/187.174.252.244\/operadoras\/wp-json\/wp\/v2\/users\/1"}],"replies":[{"embeddable":true,"href":"http:\/\/187.174.252.244\/operadoras\/wp-json\/wp\/v2\/comments?post=8986"}],"version-history":[{"count":11,"href":"http:\/\/187.174.252.244\/operadoras\/wp-json\/wp\/v2\/pages\/8986\/revisions"}],"predecessor-version":[{"id":33620,"href":"http:\/\/187.174.252.244\/operadoras\/wp-json\/wp\/v2\/pages\/8986\/revisions\/33620"}],"up":[{"embeddable":true,"href":"http:\/\/187.174.252.244\/operadoras\/wp-json\/wp\/v2\/pages\/6750"}],"wp:attachment":[{"href":"http:\/\/187.174.252.244\/operadoras\/wp-json\/wp\/v2\/media?parent=8986"}],"curies":[{"name":"wp","href":"https:\/\/api.w.org\/{rel}","templated":true}]}}