{"id":90,"date":"2018-01-17T14:50:47","date_gmt":"2018-01-17T20:50:47","guid":{"rendered":"http:\/\/localhost\/?page_id=90"},"modified":"2024-01-09T09:34:32","modified_gmt":"2024-01-09T15:34:32","slug":"inicio","status":"publish","type":"page","link":"http:\/\/187.174.252.244\/operadoras\/","title":{"rendered":"Oficinas Operadoras CAEV"},"content":{"rendered":"<p>&nbsp;<\/p> <p>&nbsp;<\/p> <table style=\"height: 260px;\" width=\"679\"> <tbody> <tr> <td style=\"width: 250px;\"><a href=\"http:\/\/187.174.252.244\/operadoras\/oficina-operadora\/\"><img loading=\"lazy\" decoding=\"async\" class=\"alignnone \" src=\"http:\/\/187.174.252.244\/caev\/Oficinas_Operadoras\/Aarchivos\/sec_caev.png\" width=\"214\" height=\"112\" \/><\/a><\/td> <td style=\"width: 250px;\"><a href=\"http:\/\/187.174.252.244\/operadoras\/servicios\/\"><img loading=\"lazy\" decoding=\"async\" class=\"alignnone \" src=\"http:\/\/187.174.252.244\/caev\/Oficinas_Operadoras\/Aarchivos\/sec_servicios.png\" width=\"214\" height=\"108\" \/><\/a><\/td> <td style=\"width: 250px;\"><a href=\"http:\/\/187.174.252.244\/operadoras\/difusion\/\"><img loading=\"lazy\" decoding=\"async\" class=\"alignnone size-medium\" src=\"http:\/\/187.174.252.244\/caev\/Oficinas_Operadoras\/Aarchivos\/sec_difusion.png\" width=\"243\" height=\"122\" \/><\/a><\/td> <\/tr> <tr> <td> <h3><a href=\"http:\/\/187.174.252.244\/operadoras\/oficina-operadora\/\"><span style=\"color: #333399;\"><strong><span style=\"color: #333333;\">Oficina Operadora<\/span><\/strong><\/span><\/a><\/h3> <\/td> <td> <h3><a href=\"http:\/\/187.174.252.244\/operadoras\/servicios\/\"><span style=\"color: #333399;\"><strong><span style=\"color: #333333;\">Servicios<\/span><\/strong><\/span><\/a><\/h3> <\/td> <td> <h3><a href=\"http:\/\/187.174.252.244\/operadoras\/difusion\/\"><span style=\"color: #333399;\"><strong><span style=\"color: #333333;\">Difusi\u00f3n<\/span><\/strong><\/span><\/a><\/h3> <\/td> <\/tr> <tr> <td style=\"vertical-align: top;\"><span style=\"font-size: small; color: #000000;\">En esta secci\u00f3n podr\u00e1s encontrar informaci\u00f3n esencial sobre la estructura y organizaci\u00f3n tales como directorio de funcionarios, organigrama general y ubicaci\u00f3n de la oficina operadora.<\/span><\/td> <td style=\"vertical-align: top;\"><span style=\"font-size: small; color: #000000;\">En esta secci\u00f3n se muestran los servicios que ofrece la oficina operadora tales como las tarifas, los requisitos para la contrataci\u00f3n, costos de los servicios, cobertura y las solicitudes de los servicios.<\/span><\/td> <td style=\"vertical-align: top;\"><span style=\"font-size: small; color: #000000;\">Boletines, comunicados de prensa y publicaciones.<\/span><\/td> <\/tr> <tr> <td><\/td> <td><\/td> <td><\/td> <\/tr> <tr> <td><a href=\"http:\/\/www.caev.gob.mx\/difusion\/avisos-de-privacidad\/\"><img loading=\"lazy\" decoding=\"async\" class=\"alignnone \" src=\"http:\/\/187.174.252.244\/caev\/Oficinas_Operadoras\/Aarchivos\/sec_datos_person.png\" width=\"211\" height=\"105\" \/><\/a><\/td> <td><a href=\"http:\/\/187.174.252.244\/operadoras\/transparencia\/\"><img loading=\"lazy\" decoding=\"async\" class=\"alignnone size-medium\" src=\"http:\/\/187.174.252.244\/caev\/Oficinas_Operadoras\/Aarchivos\/sec_trans.png\" width=\"210\" height=\"107\" \/><\/a><\/td> <td><a href=\"http:\/\/www.caev.gob.mx\/procedimientos-de-transparencia\/\"><img loading=\"lazy\" decoding=\"async\" class=\"alignnone \" src=\"http:\/\/187.174.252.244\/caev\/Oficinas_Operadoras\/Aarchivos\/sec_proced_transp.png\" width=\"207\" height=\"108\" \/><\/a><\/td> <\/tr> <tr> <td> <h3><a href=\"http:\/\/www.caev.gob.mx\/difusion\/avisos-de-privacidad\/\"><strong><span style=\"color: #333399;\"><span style=\"color: #333333;\">Avisos de Privacidad<\/span><\/span><\/strong><\/a><\/h3> <\/td> <td> <h3><a href=\"http:\/\/187.174.252.244\/operadoras\/transparencia\/\"><strong><span style=\"color: #333399;\"><span style=\"color: #333333;\">Transparencia<\/span><\/span><\/strong><\/a><\/h3> <\/td> <td> <h3><a href=\"http:\/\/www.caev.gob.mx\/procedimientos-de-transparencia\/\"><strong><span style=\"color: #333399;\"><span style=\"color: #333333;\">Procedimientos de Transparencia<\/span><\/span><\/strong><\/a><\/h3> <\/td> <\/tr> <tr> <td style=\"vertical-align: top;\"><span style=\"font-size: small; color: #000000;\">Listado de los sistemas de datos personales utilizados en la Comisi\u00f3n del Agua del Estado de Veracruz.<\/span><\/td> <td style=\"vertical-align: top;\"><span style=\"font-size: small; color: #000000;\">Garantizar el derecho de acceso a la informaci\u00f3n p\u00fablica.<\/span><\/td> <td style=\"vertical-align: top;\"><span style=\"font-size: small; color: #000000;\">Mecanismos para realizar procedimientos en la Comisi\u00f3n del Agua del Estado de Veracruz.<\/span><\/td> <\/tr> <tr> <td><\/td> <td><\/td> <td><\/td> <\/tr> <tr> <td><a href=\"http:\/\/www.caev.gob.mx\/archivo\"><img loading=\"lazy\" decoding=\"async\" class=\"alignnone \" src=\"http:\/\/187.174.252.244\/caev\/Image\/archivo2.jpg\" width=\"208\" height=\"109\" \/><\/a><\/td> <td><a href=\"http:\/\/187.174.252.244\/operadoras\/participacion-ciudadana\/\"><img loading=\"lazy\" decoding=\"async\" class=\"alignnone \" src=\"http:\/\/187.174.252.244\/caev\/Oficinas_Operadoras\/Aarchivos\/sec_particip_ciud.png\" width=\"208\" height=\"105\" \/><\/a><\/td> <td><\/td> <\/tr> <tr> <td> <h3><a href=\"http:\/\/www.caev.gob.mx\/archivo\"><span style=\"color: #333399;\"><strong><span style=\"color: #333333;\">Archivo<\/span><\/strong><\/span><\/a><\/h3> <\/td> <td> <h3><a href=\"http:\/\/187.174.252.244\/operadoras\/participacion-ciudadana\/\"><strong><span style=\"color: #000000;\">Participaci\u00f3n Ciudadana<\/span><\/strong><\/a><\/h3> <\/td> <td><\/td> <\/tr> <tr> <td style=\"vertical-align: top;\"><span style=\"font-size: small; color: #000000;\">Para consolidar el Sistema Institucional de Archivos de esta Comisi\u00f3n, es necesario establecer los procesos, m\u00e9todos y las buenas pr\u00e1cticas archiv\u00edsticas para el adecuado tratamiento de los documentos generados y\/o recibidos en el ejercicio de sus funciones y atribuciones.<\/span><\/td> <td style=\"vertical-align: top;\"><span style=\"font-size: small; color: #000000;\">Espacio para manifestar y ofrecer propuestas acerca de las acciones de la oficina operadora.<\/span><\/td> <td><\/td> <\/tr> <\/tbody> <\/table> <p>&nbsp;<\/p> <p>&nbsp;<\/p> <p>&nbsp;<\/p> <p><a href=\"http:\/\/www.caev.gob.mx\/difusion\/avisos-de-privacidad\/\"><span style=\"color: #333333;\">Conoce las pol\u00edticas de privacidad\u200b<\/span><\/a><\/p> ","protected":false},"excerpt":{"rendered":"<p>&nbsp; &nbsp; Oficina Operadora Servicios Difusi\u00f3n En esta secci\u00f3n podr\u00e1s encontrar informaci\u00f3n esencial sobre la estructura y organizaci\u00f3n tales como directorio de funcionarios, organigrama general y ubicaci\u00f3n de la oficina operadora. En esta secci\u00f3n se muestran los servicios que ofrece la oficina operadora tales como las tarifas, los requisitos para la contrataci\u00f3n, costos de los [&hellip;]<\/p>\n","protected":false},"author":1,"featured_media":0,"parent":0,"menu_order":0,"comment_status":"closed","ping_status":"closed","template":"","meta":{"footnotes":""},"class_list":["post-90","page","type-page","status-publish","hentry"],"_links":{"self":[{"href":"http:\/\/187.174.252.244\/operadoras\/wp-json\/wp\/v2\/pages\/90"}],"collection":[{"href":"http:\/\/187.174.252.244\/operadoras\/wp-json\/wp\/v2\/pages"}],"about":[{"href":"http:\/\/187.174.252.244\/operadoras\/wp-json\/wp\/v2\/types\/page"}],"author":[{"embeddable":true,"href":"http:\/\/187.174.252.244\/operadoras\/wp-json\/wp\/v2\/users\/1"}],"replies":[{"embeddable":true,"href":"http:\/\/187.174.252.244\/operadoras\/wp-json\/wp\/v2\/comments?post=90"}],"version-history":[{"count":69,"href":"http:\/\/187.174.252.244\/operadoras\/wp-json\/wp\/v2\/pages\/90\/revisions"}],"predecessor-version":[{"id":54524,"href":"http:\/\/187.174.252.244\/operadoras\/wp-json\/wp\/v2\/pages\/90\/revisions\/54524"}],"wp:attachment":[{"href":"http:\/\/187.174.252.244\/operadoras\/wp-json\/wp\/v2\/media?parent=90"}],"curies":[{"name":"wp","href":"https:\/\/api.w.org\/{rel}","templated":true}]}}