{"id":9309,"date":"2018-06-12T15:32:07","date_gmt":"2018-06-12T21:32:07","guid":{"rendered":"http:\/\/localhost\/?page_id=9309"},"modified":"2025-04-01T10:18:22","modified_gmt":"2025-04-01T16:18:22","slug":"carlos-a-carrillo-fraccion-ix","status":"publish","type":"page","link":"http:\/\/187.174.252.244\/operadoras\/transparencia\/ley-general-y-ley-875\/carlos-a-carrillo-ley-general-y-ley-875-de-transparencia\/carlos-a-carrillo-fraccion-ix\/","title":{"rendered":"Carlos A. Carrillo &#8211; Fracci\u00f3n IX"},"content":{"rendered":"<p><strong>GASTOS DE REPRESENTACI\u00d3N Y VI\u00c1TICOS<\/strong><\/p> <p>&nbsp;<\/p> <p>Los gastos de representaci\u00f3n de vi\u00e1ticos.<\/p> <p>&nbsp;<\/p> <div class=\"caja\"> <table width=\"636\"> <tbody> <tr> <td style=\"width: 140px;\"><strong><img loading=\"lazy\" decoding=\"async\" class=\"alignnone aligncenter\" src=\"http:\/\/187.174.252.244\/caev\/Image\/2018\/fecha3-ico.png\" alt=\"\" width=\"46\" height=\"50\" \/><\/strong><\/td> <td style=\"width: 140px;\"> <h4>Ejercicio:<\/h4> <\/td> <td style=\"width: 140px;\" colspan=\"3\"> <p>&nbsp;<\/p> <p>2024<\/td> <\/tr> <\/tbody> <\/table> <p>&nbsp;<\/p> <table style=\"height: 325px;\" width=\"701\"> <tbody> <tr style=\"height: 61px;\"> <td style=\"width: 103px; height: 61px;\"><img loading=\"lazy\" decoding=\"async\" class=\"aligncenter\" src=\"http:\/\/187.174.252.244\/caev\/Image\/2018\/trimestre-ico.png\" alt=\"\" width=\"53\" height=\"60\" \/><\/td> <td style=\"width: 209px; height: 61px;\"><img loading=\"lazy\" decoding=\"async\" class=\"aligncenter\" src=\"http:\/\/187.174.252.244\/caev\/Image\/2018\/usuario-ico.png\" alt=\"\" width=\"56\" height=\"60\" \/><\/td> <td style=\"width: 118px; height: 61px;\"><img loading=\"lazy\" decoding=\"async\" class=\"aligncenter\" src=\"http:\/\/187.174.252.244\/caev\/Image\/2018\/anio-ico.png\" alt=\"\" width=\"59\" height=\"60\" \/><\/td> <td style=\"width: 122px; height: 61px;\"><img loading=\"lazy\" decoding=\"async\" class=\"aligncenter\" src=\"http:\/\/187.174.252.244\/caev\/Image\/2018\/anio-ico.png\" alt=\"\" width=\"59\" height=\"60\" \/><\/td> <td style=\"width: 115px; height: 61px;\"><img loading=\"lazy\" decoding=\"async\" class=\"aligncenter\" src=\"http:\/\/187.174.252.244\/caev\/Image\/2018\/cloud-ico.png\" alt=\"\" width=\"57\" height=\"60\" \/><\/td> <\/tr> <tr style=\"height: 96px;\"> <td style=\"text-align: center; height: 96px; width: 103px;\"><span style=\"color: #000000;\"><strong>Trimestre<\/strong><em><br \/> <\/em><\/span><\/td> <td style=\"text-align: center; height: 96px; width: 209px;\"><span style=\"color: #000000;\"><strong>\u00c1rea Responsable<\/strong><\/span><\/td> <td style=\"text-align: center; height: 96px; width: 118px;\"><span style=\"color: #000000;\"><strong>Fecha de Validaci\u00f3n de la Informaci\u00f3n<\/strong><\/span><\/td> <td style=\"text-align: center; height: 96px; width: 122px;\"><span style=\"color: #000000;\"><strong>Fecha de Actualizaci\u00f3n de la Inf.<\/strong><\/span><\/td> <td style=\"text-align: center; height: 96px; width: 115px;\"><span style=\"color: #000000;\"><strong>Descargar Informaci\u00f3n<\/strong><\/span><\/td> <\/tr> <tr style=\"height: 24px;\"> <td style=\"height: 24px; width: 103px;\"><\/td> <td style=\"height: 24px; width: 209px;\"><\/td> <td style=\"height: 24px; width: 118px;\"><\/td> <td style=\"height: 24px; width: 122px;\"><\/td> <td style=\"height: 24px; width: 115px;\"><\/td> <\/tr> <tr style=\"height: 48px;\"> <td style=\"text-align: center; height: 48px; width: 103px;\"><span style=\"color: #000000;\">Primero<\/span><\/td> <td style=\"text-align: center; height: 48px; width: 209px;\"><span style=\"color: #000000;\">Oficina Comercial y Administrativa<\/span><\/td> <td style=\"text-align: center; height: 48px; width: 118px;\"><span style=\"color: #000000;\">31\/03\/2024<\/span><\/td> <td style=\"text-align: center; height: 48px; width: 122px;\"><span style=\"color: #000000;\">31\/03\/2024<\/span><\/td> <td style=\"text-align: center; height: 48px; width: 115px;\"><a href=\"http:\/\/187.174.252.244\/caev\/pdfs\/oficinas_operadoras\/CarlosACarrillo\/2024\/46-FORM9-24-1.xlsx\">descargar archivo<\/a><\/td> <\/tr> <tr style=\"height: 48px;\"> <td style=\"text-align: center; height: 48px; width: 103px;\"><span style=\"color: #000000;\">Segundo<\/span><\/td> <td style=\"text-align: center; height: 48px; width: 209px;\"><span style=\"color: #000000;\">Oficina Comercial y Administrativa<\/span><\/td> <td style=\"text-align: center; height: 48px; width: 118px;\"><span style=\"color: #000000;\">30\/06\/2024<\/span><\/td> <td style=\"text-align: center; height: 48px; width: 122px;\"><span style=\"color: #000000;\">30\/06\/2024<\/span><\/td> <td style=\"text-align: center; height: 48px; width: 115px;\"><a href=\"http:\/\/187.174.252.244\/caev\/pdfs\/oficinas_operadoras\/CarlosACarrillo\/2024\/46-FORM9-24-2.xlsx\">descargar archivo<\/a><\/td> <\/tr> <tr style=\"height: 48px;\"> <td style=\"text-align: center; height: 48px; width: 103px;\"><span style=\"color: #000000;\">Tercero<\/span><\/td> <td style=\"text-align: center; height: 48px; width: 209px;\"><span style=\"color: #000000;\">Oficina Comercial y Administrativa<\/span><\/td> <td style=\"text-align: center; height: 48px; width: 118px;\"><span style=\"color: #000000;\">30\/09\/2024<\/span><\/td> <td style=\"text-align: center; height: 48px; width: 122px;\"><span style=\"color: #000000;\">30\/09\/2024<\/span><\/td> <td style=\"text-align: center; height: 48px; width: 115px;\"><a href=\"http:\/\/187.174.252.244\/caev\/pdfs\/oficinas_operadoras\/CarlosACarrillo\/2024\/46-FORM9-24-3.xlsx\">descargar archivo<\/a><\/td> <\/tr> <tr style=\"height: 48px;\"> <td style=\"text-align: center; height: 48px; width: 103px;\"><span style=\"color: #000000;\">Cuarto<\/span><\/td> <td style=\"text-align: center; height: 48px; width: 209px;\"><span style=\"color: #000000;\">Oficina Comercial y Administrativa<\/span><\/td> <td style=\"text-align: center; height: 48px; width: 118px;\"><span style=\"color: #000000;\">31\/12\/2024<\/span><\/td> <td style=\"text-align: center; height: 48px; width: 122px;\"><span style=\"color: #000000;\">31\/12\/2024<\/span><\/td> <td style=\"text-align: center; height: 48px; width: 115px;\"><a href=\"http:\/\/187.174.252.244\/caev\/pdfs\/oficinas_operadoras\/CarlosACarrillo\/2024\/46-FORM9-24-4.xlsx\">descargar archivo<\/a><\/td> <\/tr> <\/tbody> <\/table> <\/div> <h4><\/h4> <h4>A\u00d1OS ANTERIORES<\/h4> <table width=\"520\"> <tbody> <tr> <td style=\"width: 100px;\"><a href=\"http:\/\/187.174.252.244\/operadoras\/transparencia\/ley-general-y-ley-875\/carlos-a-carrillo-ley-general-y-ley-875-de-transparencia\/carlos-a-carrillo-fraccion-ix-1\/\"><img loading=\"lazy\" decoding=\"async\" class=\"aligncenter\" src=\"http:\/\/187.174.252.244\/caev\/Image\/2018\/folder-ico.jpg\" alt=\"\" width=\"51\" height=\"44\" \/><\/a><\/td> <td><\/td> <\/tr> <\/tbody> <\/table> <p style=\"text-align: center;\"><a href=\"http:\/\/187.174.252.244\/operadoras\/transparencia\/ley-general-y-ley-875\/carlos-a-carrillo-ley-general-y-ley-875-de-transparencia\/\"><img loading=\"lazy\" decoding=\"async\" class=\"alignnone size-medium\" src=\"http:\/\/187.174.252.244\/caev\/Oficinas_Operadoras\/Aarchivos\/home1.png\" width=\"36\" height=\"37\" \/><\/a> <a href=\"http:\/\/187.174.252.244\/operadoras\/transparencia\/ley-general-y-ley-875\/carlos-a-carrillo-ley-general-y-ley-875-de-transparencia\/\">regresar<\/a><\/p> ","protected":false},"excerpt":{"rendered":"<p>GASTOS DE REPRESENTACI\u00d3N Y VI\u00c1TICOS &nbsp; Los gastos de representaci\u00f3n de vi\u00e1ticos. &nbsp; Ejercicio: &nbsp; 2024 &nbsp; Trimestre \u00c1rea Responsable Fecha de Validaci\u00f3n de la Informaci\u00f3n Fecha de Actualizaci\u00f3n de la Inf. Descargar Informaci\u00f3n Primero Oficina Comercial y Administrativa 31\/03\/2024 31\/03\/2024 descargar archivo Segundo Oficina Comercial y Administrativa 30\/06\/2024 30\/06\/2024 descargar archivo Tercero Oficina Comercial [&hellip;]<\/p>\n","protected":false},"author":1,"featured_media":0,"parent":6670,"menu_order":0,"comment_status":"closed","ping_status":"closed","template":"","meta":{"footnotes":""},"class_list":["post-9309","page","type-page","status-publish","hentry"],"_links":{"self":[{"href":"http:\/\/187.174.252.244\/operadoras\/wp-json\/wp\/v2\/pages\/9309"}],"collection":[{"href":"http:\/\/187.174.252.244\/operadoras\/wp-json\/wp\/v2\/pages"}],"about":[{"href":"http:\/\/187.174.252.244\/operadoras\/wp-json\/wp\/v2\/types\/page"}],"author":[{"embeddable":true,"href":"http:\/\/187.174.252.244\/operadoras\/wp-json\/wp\/v2\/users\/1"}],"replies":[{"embeddable":true,"href":"http:\/\/187.174.252.244\/operadoras\/wp-json\/wp\/v2\/comments?post=9309"}],"version-history":[{"count":20,"href":"http:\/\/187.174.252.244\/operadoras\/wp-json\/wp\/v2\/pages\/9309\/revisions"}],"predecessor-version":[{"id":62680,"href":"http:\/\/187.174.252.244\/operadoras\/wp-json\/wp\/v2\/pages\/9309\/revisions\/62680"}],"up":[{"embeddable":true,"href":"http:\/\/187.174.252.244\/operadoras\/wp-json\/wp\/v2\/pages\/6670"}],"wp:attachment":[{"href":"http:\/\/187.174.252.244\/operadoras\/wp-json\/wp\/v2\/media?parent=9309"}],"curies":[{"name":"wp","href":"https:\/\/api.w.org\/{rel}","templated":true}]}}