{"id":9323,"date":"2018-06-12T15:35:04","date_gmt":"2018-06-12T21:35:04","guid":{"rendered":"http:\/\/localhost\/?page_id=9323"},"modified":"2025-07-04T14:33:05","modified_gmt":"2025-07-04T20:33:05","slug":"chinameca-fraccion-ix","status":"publish","type":"page","link":"http:\/\/187.174.252.244\/operadoras\/transparencia\/ley-general-y-ley-875\/chinameca-ley-general-y-ley-875-de-transparencia\/chinameca-fraccion-ix\/","title":{"rendered":"Chinameca &#8211; Fracci\u00f3n IX"},"content":{"rendered":"<p><strong>GASTOS DE REPRESENTACI\u00d3N Y VI\u00c1TICOS<\/strong><\/p> <p>&nbsp;<\/p> <p>Los gastos de representaci\u00f3n de vi\u00e1ticos.<\/p> <p>&nbsp;<\/p> <div class=\"caja\"> <table width=\"636\"> <tbody> <tr> <td style=\"width: 140px;\"><strong><img loading=\"lazy\" decoding=\"async\" class=\"alignnone aligncenter\" src=\"http:\/\/187.174.252.244\/caev\/Image\/2018\/fecha3-ico.png\" alt=\"\" width=\"46\" height=\"50\" \/><\/strong><\/td> <td style=\"width: 140px;\"> <h4>Ejercicio:<\/h4> <\/td> <td style=\"width: 140px;\" colspan=\"3\"> <p>&nbsp;<\/p> <p>2025<\/td> <\/tr> <\/tbody> <\/table> <p>&nbsp;<\/p> <table style=\"height: 286px;\" width=\"701\"> <tbody> <tr style=\"height: 61px;\"> <td style=\"width: 104px; height: 61px;\"><img loading=\"lazy\" decoding=\"async\" class=\"aligncenter\" src=\"http:\/\/187.174.252.244\/caev\/Image\/2018\/trimestre-ico.png\" alt=\"\" width=\"53\" height=\"60\" \/><\/td> <td style=\"width: 208px; height: 61px;\"><img loading=\"lazy\" decoding=\"async\" class=\"aligncenter\" src=\"http:\/\/187.174.252.244\/caev\/Image\/2018\/usuario-ico.png\" alt=\"\" width=\"56\" height=\"60\" \/><\/td> <td style=\"width: 118px; height: 61px;\"><img loading=\"lazy\" decoding=\"async\" class=\"aligncenter\" src=\"http:\/\/187.174.252.244\/caev\/Image\/2018\/anio-ico.png\" alt=\"\" width=\"59\" height=\"60\" \/><\/td> <td style=\"width: 123px; height: 61px;\"><img loading=\"lazy\" decoding=\"async\" class=\"aligncenter\" src=\"http:\/\/187.174.252.244\/caev\/Image\/2018\/anio-ico.png\" alt=\"\" width=\"59\" height=\"60\" \/><\/td> <td style=\"width: 114px; height: 61px;\"><img loading=\"lazy\" decoding=\"async\" class=\"aligncenter\" src=\"http:\/\/187.174.252.244\/caev\/Image\/2018\/cloud-ico.png\" alt=\"\" width=\"57\" height=\"60\" \/><\/td> <\/tr> <tr style=\"height: 96px;\"> <td style=\"text-align: center; height: 96px; width: 104px;\"><span style=\"color: #000000;\"><strong>Trimestre<\/strong><em><br \/> <\/em><\/span><\/td> <td style=\"text-align: center; height: 96px; width: 208px;\"><span style=\"color: #000000;\"><strong>\u00c1rea Responsable<\/strong><\/span><\/td> <td style=\"text-align: center; height: 96px; width: 118px;\"><span style=\"color: #000000;\"><strong>Fecha de Validaci\u00f3n de la Informaci\u00f3n<\/strong><\/span><\/td> <td style=\"text-align: center; height: 96px; width: 123px;\"><span style=\"color: #000000;\"><strong>Fecha de Actualizaci\u00f3n de la Inf.<\/strong><\/span><\/td> <td style=\"text-align: center; height: 96px; width: 114px;\"><span style=\"color: #000000;\"><strong>Descargar Informaci\u00f3n<\/strong><\/span><\/td> <\/tr> <tr style=\"height: 24px;\"> <td style=\"height: 24px; width: 104px;\"><\/td> <td style=\"height: 24px; width: 208px;\"><\/td> <td style=\"height: 24px; width: 118px;\"><\/td> <td style=\"height: 24px; width: 123px;\"><\/td> <td style=\"height: 24px; width: 114px;\"><\/td> <\/tr> <tr style=\"height: 24px;\"> <td style=\"text-align: center; height: 24px; width: 104px;\">Primero<\/td> <td style=\"text-align: center; height: 24px; width: 208px;\"><span style=\"color: #000000;\">Oficina Comercial y<\/span><br \/> <span style=\"color: #000000;\">Administrativa<\/span><\/td> <td style=\"text-align: center; height: 24px; width: 118px;\"><span style=\"color: #000000;\">31\/03\/2025<\/span><\/td> <td style=\"text-align: center; height: 24px; width: 123px;\"><span style=\"color: #000000;\">31\/03\/2025<\/span><\/td> <td style=\"height: 24px; width: 114px; text-align: center;\"><a href=\"http:\/\/187.174.252.244\/caev\/pdfs\/oficinas_operadoras\/Chinameca\/2025\/53-FORM9-25-1.xlsx\">descargar archivo<\/a><\/td> <\/tr> <tr style=\"height: 24px;\"> <td style=\"text-align: center; height: 24px; width: 104px;\"><\/td> <td style=\"text-align: center; height: 24px; width: 208px;\"><\/td> <td style=\"text-align: center; height: 24px; width: 118px;\"><\/td> <td style=\"text-align: center; height: 24px; width: 123px;\"><\/td> <td style=\"height: 24px; width: 114px; text-align: center;\"><\/td> <\/tr> <tr style=\"height: 24px;\"> <td style=\"text-align: center; height: 24px; width: 104px;\"><\/td> <td style=\"text-align: center; height: 24px; width: 208px;\"><\/td> <td style=\"text-align: center; height: 24px; width: 118px;\"><\/td> <td style=\"text-align: center; height: 24px; width: 123px;\"><\/td> <td style=\"height: 24px; width: 114px; text-align: center;\"><\/td> <\/tr> <tr style=\"height: 24px;\"> <td style=\"text-align: center; height: 24px; width: 104px;\"><\/td> <td style=\"text-align: center; height: 24px; width: 208px;\"><\/td> <td style=\"text-align: center; height: 24px; width: 118px;\"><\/td> <td style=\"text-align: center; height: 24px; width: 123px;\"><\/td> <td style=\"height: 24px; width: 114px; text-align: center;\"><\/td> <\/tr> <\/tbody> <\/table> <\/div> <h4><\/h4> <h4>A\u00d1OS ANTERIORES<\/h4> <table width=\"520\"> <tbody> <tr> <td style=\"width: 100px;\"><a href=\"http:\/\/187.174.252.244\/operadoras\/transparencia\/ley-general-y-ley-875\/chinameca-ley-general-y-ley-875-de-transparencia\/chinameca-fraccion-ix-1\/\"><img loading=\"lazy\" decoding=\"async\" class=\"aligncenter\" src=\"http:\/\/187.174.252.244\/caev\/Image\/2018\/folder-ico.jpg\" alt=\"\" width=\"51\" height=\"44\" \/><\/a><\/td> <td><\/td> <\/tr> <\/tbody> <\/table> <p style=\"text-align: center;\"><a href=\"http:\/\/187.174.252.244\/operadoras\/transparencia\/ley-general-y-ley-875\/chinameca-ley-general-y-ley-875-de-transparencia\/\"><img loading=\"lazy\" decoding=\"async\" class=\"alignnone size-medium\" src=\"http:\/\/187.174.252.244\/caev\/Oficinas_Operadoras\/Aarchivos\/home1.png\" width=\"36\" height=\"37\" \/><\/a> <a href=\"http:\/\/187.174.252.244\/operadoras\/transparencia\/ley-general-y-ley-875\/chinameca-ley-general-y-ley-875-de-transparencia\/\">regresar<\/a><\/p> ","protected":false},"excerpt":{"rendered":"<p>GASTOS DE REPRESENTACI\u00d3N Y VI\u00c1TICOS &nbsp; Los gastos de representaci\u00f3n de vi\u00e1ticos. &nbsp; Ejercicio: &nbsp; 2025 &nbsp; Trimestre \u00c1rea Responsable Fecha de Validaci\u00f3n de la Informaci\u00f3n Fecha de Actualizaci\u00f3n de la Inf. Descargar Informaci\u00f3n Primero Oficina Comercial y Administrativa 31\/03\/2025 31\/03\/2025 descargar archivo A\u00d1OS ANTERIORES regresar<\/p>\n","protected":false},"author":1,"featured_media":0,"parent":6684,"menu_order":0,"comment_status":"closed","ping_status":"closed","template":"","meta":{"footnotes":""},"class_list":["post-9323","page","type-page","status-publish","hentry"],"_links":{"self":[{"href":"http:\/\/187.174.252.244\/operadoras\/wp-json\/wp\/v2\/pages\/9323"}],"collection":[{"href":"http:\/\/187.174.252.244\/operadoras\/wp-json\/wp\/v2\/pages"}],"about":[{"href":"http:\/\/187.174.252.244\/operadoras\/wp-json\/wp\/v2\/types\/page"}],"author":[{"embeddable":true,"href":"http:\/\/187.174.252.244\/operadoras\/wp-json\/wp\/v2\/users\/1"}],"replies":[{"embeddable":true,"href":"http:\/\/187.174.252.244\/operadoras\/wp-json\/wp\/v2\/comments?post=9323"}],"version-history":[{"count":28,"href":"http:\/\/187.174.252.244\/operadoras\/wp-json\/wp\/v2\/pages\/9323\/revisions"}],"predecessor-version":[{"id":64153,"href":"http:\/\/187.174.252.244\/operadoras\/wp-json\/wp\/v2\/pages\/9323\/revisions\/64153"}],"up":[{"embeddable":true,"href":"http:\/\/187.174.252.244\/operadoras\/wp-json\/wp\/v2\/pages\/6684"}],"wp:attachment":[{"href":"http:\/\/187.174.252.244\/operadoras\/wp-json\/wp\/v2\/media?parent=9323"}],"curies":[{"name":"wp","href":"https:\/\/api.w.org\/{rel}","templated":true}]}}