{"id":9325,"date":"2018-06-12T15:35:26","date_gmt":"2018-06-12T21:35:26","guid":{"rendered":"http:\/\/localhost\/?page_id=9325"},"modified":"2025-05-09T14:01:56","modified_gmt":"2025-05-09T20:01:56","slug":"ciudad-aleman-fraccion-ix","status":"publish","type":"page","link":"http:\/\/187.174.252.244\/operadoras\/transparencia\/ley-general-y-ley-875\/ciudad-aleman-ley-general-y-ley-875-de-transparencia\/ciudad-aleman-fraccion-ix\/","title":{"rendered":"Ciudad Alem\u00e1n &#8211; Fracci\u00f3n IX"},"content":{"rendered":"<p><strong>GASTOS DE REPRESENTACI\u00d3N Y VI\u00c1TICOS<\/strong><\/p> <p>&nbsp;<\/p> <p>Los gastos de representaci\u00f3n de vi\u00e1ticos.<\/p> <p>&nbsp;<\/p> <div class=\"caja\"> <table width=\"636\"> <tbody> <tr> <td style=\"width: 140px;\"><strong><img loading=\"lazy\" decoding=\"async\" class=\"alignnone aligncenter\" src=\"http:\/\/187.174.252.244\/caev\/Image\/2018\/fecha3-ico.png\" alt=\"\" width=\"46\" height=\"50\" \/><\/strong><\/td> <td style=\"width: 140px;\"> <h4>Ejercicio:<\/h4> <\/td> <td style=\"width: 140px;\" colspan=\"3\"> <p>&nbsp;<\/p> <p>2025<\/td> <\/tr> <\/tbody> <\/table> <p>&nbsp;<\/p> <table style=\"width: 701px; height: 273px;\" width=\"700\"> <tbody> <tr style=\"height: 57px;\"> <td style=\"width: 107px; height: 57px;\"><img loading=\"lazy\" decoding=\"async\" class=\"aligncenter\" src=\"http:\/\/187.174.252.244\/caev\/Image\/2018\/trimestre-ico.png\" alt=\"\" width=\"53\" height=\"60\" \/><\/td> <td style=\"width: 215px; height: 57px;\"><img loading=\"lazy\" decoding=\"async\" class=\"aligncenter\" src=\"http:\/\/187.174.252.244\/caev\/Image\/2018\/usuario-ico.png\" alt=\"\" width=\"56\" height=\"60\" \/><\/td> <td style=\"width: 113px; height: 57px;\"><img loading=\"lazy\" decoding=\"async\" class=\"aligncenter\" src=\"http:\/\/187.174.252.244\/caev\/Image\/2018\/anio-ico.png\" alt=\"\" width=\"59\" height=\"60\" \/><\/td> <td style=\"width: 122px; height: 57px;\"><img loading=\"lazy\" decoding=\"async\" class=\"aligncenter\" src=\"http:\/\/187.174.252.244\/caev\/Image\/2018\/anio-ico.png\" alt=\"\" width=\"59\" height=\"60\" \/><\/td> <td style=\"width: 114px; height: 57px;\"><img loading=\"lazy\" decoding=\"async\" class=\"aligncenter\" src=\"http:\/\/187.174.252.244\/caev\/Image\/2018\/cloud-ico.png\" alt=\"\" width=\"57\" height=\"60\" \/><\/td> <\/tr> <tr style=\"height: 93px;\"> <td style=\"text-align: center; width: 107px; height: 93px;\"><span style=\"color: #000000;\"><strong>Trimestre<\/strong><em><br \/> <\/em><\/span><\/td> <td style=\"text-align: center; width: 215px; height: 93px;\"><span style=\"color: #000000;\"><strong>\u00c1rea Responsable<\/strong><\/span><\/td> <td style=\"text-align: center; width: 113px; height: 93px;\"><span style=\"color: #000000;\"><strong>Fecha de Validaci\u00f3n de la Informaci\u00f3n<\/strong><\/span><\/td> <td style=\"text-align: center; width: 122px; height: 93px;\"><span style=\"color: #000000;\"><strong>Fecha de Actualizaci\u00f3n de la Inf.<\/strong><\/span><\/td> <td style=\"text-align: center; width: 114px; height: 93px;\"><span style=\"color: #000000;\"><strong>Descargar Informaci\u00f3n<\/strong><\/span><\/td> <\/tr> <tr style=\"height: 21px;\"> <td style=\"width: 107px; height: 21px;\"><\/td> <td style=\"width: 215px; height: 21px;\"><\/td> <td style=\"width: 113px; height: 21px;\"><\/td> <td style=\"width: 122px; height: 21px;\"><\/td> <td style=\"width: 114px; height: 21px;\"><\/td> <\/tr> <tr style=\"height: 45px;\"> <td style=\"text-align: center; width: 107px; height: 45px;\"><span style=\"color: #000000;\">Primero<\/span><\/td> <td style=\"text-align: center; width: 215px; height: 45px;\"><span style=\"color: #000000;\">OficinaComercial y Administrativa<\/span><\/td> <td style=\"text-align: center; width: 113px; height: 45px;\"><span style=\"color: #000000;\">31\/03\/2025<\/span><\/td> <td style=\"text-align: center; width: 122px; height: 45px;\"><span style=\"color: #000000;\">31\/03\/2025<\/span><\/td> <td style=\"text-align: center; width: 114px; height: 45px;\"><a href=\"http:\/\/187.174.252.244\/caev\/pdfs\/oficinas_operadoras\/CdAleman\/2025\/48-FORM9-25-1.xlsx\">descargar archivo<\/a><\/td> <\/tr> <tr style=\"height: 45px;\"> <td style=\"text-align: center; width: 107px; height: 45px;\"><\/td> <td style=\"text-align: center; width: 215px; height: 45px;\"><\/td> <td style=\"text-align: center; width: 113px; height: 45px;\"><\/td> <td style=\"text-align: center; width: 122px; height: 45px;\"><\/td> <td style=\"text-align: center; width: 114px; height: 45px;\"><\/td> <\/tr> <tr style=\"height: 45px;\"> <td style=\"text-align: center; width: 107px; height: 45px;\"><\/td> <td style=\"text-align: center; width: 215px; height: 45px;\"><\/td> <td style=\"text-align: center; width: 113px; height: 45px;\"><\/td> <td style=\"text-align: center; width: 122px; height: 45px;\"><\/td> <td style=\"text-align: center; width: 114px; height: 45px;\"><\/td> <\/tr> <tr style=\"height: 45px;\"> <td style=\"text-align: center; width: 107px; height: 45px;\"><\/td> <td style=\"text-align: center; width: 215px; height: 45px;\"><\/td> <td style=\"text-align: center; width: 113px; height: 45px;\"><\/td> <td style=\"text-align: center; width: 122px; height: 45px;\"><\/td> <td style=\"text-align: center; width: 114px; height: 45px;\"><\/td> <\/tr> <\/tbody> <\/table> <\/div> <h4><\/h4> <h4>A\u00d1OS ANTERIORES<\/h4> <table width=\"520\"> <tbody> <tr> <td style=\"width: 100px;\"><a href=\"http:\/\/187.174.252.244\/operadoras\/transparencia\/ley-general-y-ley-875\/ciudad-aleman-ley-general-y-ley-875-de-transparencia\/ciudad-aleman-fraccion-ix-1\/\"><img loading=\"lazy\" decoding=\"async\" class=\"aligncenter\" src=\"http:\/\/187.174.252.244\/caev\/Image\/2018\/folder-ico.jpg\" alt=\"\" width=\"51\" height=\"44\" \/><\/a><\/td> <td><\/td> <\/tr> <\/tbody> <\/table> <p>&nbsp;<\/p> <p>&nbsp;<\/p> <p style=\"text-align: center;\"><a href=\"http:\/\/187.174.252.244\/operadoras\/transparencia\/ley-general-y-ley-875\/ciudad-aleman-ley-general-y-ley-875-de-transparencia\/\"><img loading=\"lazy\" decoding=\"async\" class=\"alignnone size-medium\" src=\"http:\/\/187.174.252.244\/caev\/Oficinas_Operadoras\/Aarchivos\/home1.png\" width=\"36\" height=\"37\" \/><\/a> <a href=\"http:\/\/187.174.252.244\/operadoras\/transparencia\/ley-general-y-ley-875\/ciudad-aleman-ley-general-y-ley-875-de-transparencia\/\">regresar<\/a><\/p> ","protected":false},"excerpt":{"rendered":"<p>GASTOS DE REPRESENTACI\u00d3N Y VI\u00c1TICOS &nbsp; Los gastos de representaci\u00f3n de vi\u00e1ticos. &nbsp; Ejercicio: &nbsp; 2025 &nbsp; Trimestre \u00c1rea Responsable Fecha de Validaci\u00f3n de la Informaci\u00f3n Fecha de Actualizaci\u00f3n de la Inf. Descargar Informaci\u00f3n Primero OficinaComercial y Administrativa 31\/03\/2025 31\/03\/2025 descargar archivo A\u00d1OS ANTERIORES &nbsp; &nbsp; regresar<\/p>\n","protected":false},"author":1,"featured_media":0,"parent":6686,"menu_order":0,"comment_status":"closed","ping_status":"closed","template":"","meta":{"footnotes":""},"class_list":["post-9325","page","type-page","status-publish","hentry"],"_links":{"self":[{"href":"http:\/\/187.174.252.244\/operadoras\/wp-json\/wp\/v2\/pages\/9325"}],"collection":[{"href":"http:\/\/187.174.252.244\/operadoras\/wp-json\/wp\/v2\/pages"}],"about":[{"href":"http:\/\/187.174.252.244\/operadoras\/wp-json\/wp\/v2\/types\/page"}],"author":[{"embeddable":true,"href":"http:\/\/187.174.252.244\/operadoras\/wp-json\/wp\/v2\/users\/1"}],"replies":[{"embeddable":true,"href":"http:\/\/187.174.252.244\/operadoras\/wp-json\/wp\/v2\/comments?post=9325"}],"version-history":[{"count":27,"href":"http:\/\/187.174.252.244\/operadoras\/wp-json\/wp\/v2\/pages\/9325\/revisions"}],"predecessor-version":[{"id":63274,"href":"http:\/\/187.174.252.244\/operadoras\/wp-json\/wp\/v2\/pages\/9325\/revisions\/63274"}],"up":[{"embeddable":true,"href":"http:\/\/187.174.252.244\/operadoras\/wp-json\/wp\/v2\/pages\/6686"}],"wp:attachment":[{"href":"http:\/\/187.174.252.244\/operadoras\/wp-json\/wp\/v2\/media?parent=9325"}],"curies":[{"name":"wp","href":"https:\/\/api.w.org\/{rel}","templated":true}]}}