{"id":9757,"date":"2018-06-18T13:34:26","date_gmt":"2018-06-18T19:34:26","guid":{"rendered":"http:\/\/localhost\/?page_id=9757"},"modified":"2021-07-20T11:32:36","modified_gmt":"2021-07-20T17:32:36","slug":"nogales-fraccion-ix-a","status":"publish","type":"page","link":"http:\/\/187.174.252.244\/operadoras\/transparencia\/ley-general-y-ley-875\/nogales-ley-general-y-ley-875-de-transparencia\/nogales-fraccion-ix-a\/","title":{"rendered":"Nogales &#8211; Fracci\u00f3n IX-A"},"content":{"rendered":"<p><strong>GASTOS POR CONCEPTOS DE VI\u00c1TICOS<\/strong><\/p> <p>&nbsp;<\/p> <p>Los gastos por conceptos de vi\u00e1ticos.<\/p> <p>&nbsp;<\/p> <div class=\"caja\"> <table style=\"height: 429px;\" width=\"603\"> <tbody> <tr style=\"height: 98px;\"> <td style=\"width: 150px; height: 98px;\"><strong><img loading=\"lazy\" decoding=\"async\" class=\"alignnone wp-image-38889 aligncenter\" src=\"http:\/\/187.174.252.244\/operadoras\/wp-content\/uploads\/2021\/06\/fecha2-296x300.jpg\" alt=\"\" width=\"53\" height=\"54\" srcset=\"http:\/\/187.174.252.244\/operadoras\/wp-content\/uploads\/2021\/06\/fecha2-296x300.jpg 296w, http:\/\/187.174.252.244\/operadoras\/wp-content\/uploads\/2021\/06\/fecha2-150x150.jpg 150w, http:\/\/187.174.252.244\/operadoras\/wp-content\/uploads\/2021\/06\/fecha2.jpg 617w\" sizes=\"(max-width: 53px) 100vw, 53px\" \/><\/strong><\/td> <td style=\"width: 200px; height: 98px;\"> <h4><img loading=\"lazy\" decoding=\"async\" class=\"wp-image-38891 aligncenter\" src=\"http:\/\/187.174.252.244\/operadoras\/wp-content\/uploads\/2021\/06\/trimestres.png\" alt=\"\" width=\"49\" height=\"57\" \/><\/h4> <\/td> <td style=\"width: 231px; height: 98px;\" colspan=\"3\"><img loading=\"lazy\" decoding=\"async\" class=\"wp-image-38890 aligncenter\" src=\"http:\/\/187.174.252.244\/operadoras\/wp-content\/uploads\/2021\/06\/nube-simbolo-descarga_318-49889-300x300.jpg\" alt=\"\" width=\"61\" height=\"61\" srcset=\"http:\/\/187.174.252.244\/operadoras\/wp-content\/uploads\/2021\/06\/nube-simbolo-descarga_318-49889-300x300.jpg 300w, http:\/\/187.174.252.244\/operadoras\/wp-content\/uploads\/2021\/06\/nube-simbolo-descarga_318-49889-150x150.jpg 150w, http:\/\/187.174.252.244\/operadoras\/wp-content\/uploads\/2021\/06\/nube-simbolo-descarga_318-49889.jpg 626w\" sizes=\"(max-width: 61px) 100vw, 61px\" \/><\/td> <\/tr> <tr style=\"height: 66px;\"> <td style=\"text-align: center; height: 66px; width: 150px;\"><span style=\"color: #000000;\"><strong>A\u00f1o<br \/> <\/strong><\/span><\/td> <td style=\"text-align: center; height: 66px; width: 200px;\"><span style=\"color: #000000;\"><strong>Trimestre<\/strong><\/span><\/td> <td style=\"text-align: center; height: 66px; width: 231px;\" colspan=\"3\"><span style=\"color: #000000;\"><strong>Descargar Informaci\u00f3n<\/strong><\/span><\/td> <\/tr> <tr style=\"height: 56px;\"> <td style=\"text-align: center; height: 56px; width: 150px;\"><span style=\"color: #000000;\">2016 &#8211; 2017<\/span><\/td> <td style=\"text-align: center; height: 56px; width: 200px;\"><span style=\"color: #000000;\">Primero<\/span><\/td> <td style=\"text-align: center; height: 56px; width: 231px;\" colspan=\"3\"><a href=\"http:\/\/187.174.252.244\/caev\/pdfs\/oficinas_operadoras\/Nogales\/2017\/29-OP-FORM9A-17-2.xls\">descargar archivo<\/a><\/td> <\/tr> <tr style=\"height: 56px;\"> <td style=\"text-align: center; height: 56px; width: 150px;\"><span style=\"color: #000000;\">2017<\/span><\/td> <td style=\"text-align: center; height: 56px; width: 200px;\"><span style=\"color: #000000;\">Tercero<\/span><\/td> <td style=\"text-align: center; height: 56px; width: 231px;\" colspan=\"3\"><a href=\"http:\/\/187.174.252.244\/caev\/pdfs\/oficinas_operadoras\/Nogales\/2017\/29-OP-FORM9A-17-3.xls\">descargar archivo<\/a><\/td> <\/tr> <tr style=\"height: 56px;\"> <td style=\"text-align: center; height: 56px; width: 150px;\"><span style=\"color: #000000;\">2017<\/span><\/td> <td style=\"text-align: center; height: 56px; width: 200px;\"><span style=\"color: #000000;\">Tercero<\/span><\/td> <td style=\"text-align: center; height: 56px; width: 231px;\" colspan=\"3\"><a href=\"http:\/\/187.174.252.244\/caev\/pdfs\/oficinas_operadoras\/Nogales\/2017\/29-OP-FORM9A-17-3A.xls\">descargar archivo<\/a><\/td> <\/tr> <tr style=\"height: 56px;\"> <td style=\"text-align: center; height: 56px; width: 150px;\"><\/td> <td style=\"text-align: center; height: 56px; width: 200px;\"><\/td> <td style=\"text-align: center; height: 56px; width: 231px;\" colspan=\"3\"><\/td> <\/tr> <\/tbody> <\/table> <p>&nbsp;<\/p> <\/div> <p>&nbsp;<\/p> <p>&nbsp;<\/p> <p>&nbsp;<\/p> <p>&nbsp;<\/p> <p style=\"text-align: center;\"><a href=\"http:\/\/187.174.252.244\/operadoras\/transparencia\/ley-general-y-ley-875\/nogales-ley-general-y-ley-875-de-transparencia\/\"><img loading=\"lazy\" decoding=\"async\" class=\"alignnone size-medium\" src=\"http:\/\/187.174.252.244\/caev\/Oficinas_Operadoras\/Aarchivos\/home1.png\" width=\"36\" height=\"37\" \/><\/a> <a href=\"http:\/\/187.174.252.244\/operadoras\/transparencia\/ley-general-y-ley-875\/nogales-ley-general-y-ley-875-de-transparencia\/\">regresar<\/a><\/p> ","protected":false},"excerpt":{"rendered":"<p>GASTOS POR CONCEPTOS DE VI\u00c1TICOS &nbsp; Los gastos por conceptos de vi\u00e1ticos. &nbsp; A\u00f1o Trimestre Descargar Informaci\u00f3n 2016 &#8211; 2017 Primero descargar archivo 2017 Tercero descargar archivo 2017 Tercero descargar archivo &nbsp; &nbsp; &nbsp; &nbsp; &nbsp; regresar<\/p>\n","protected":false},"author":1,"featured_media":0,"parent":6736,"menu_order":0,"comment_status":"closed","ping_status":"closed","template":"","meta":{"footnotes":""},"class_list":["post-9757","page","type-page","status-publish","hentry"],"_links":{"self":[{"href":"http:\/\/187.174.252.244\/operadoras\/wp-json\/wp\/v2\/pages\/9757"}],"collection":[{"href":"http:\/\/187.174.252.244\/operadoras\/wp-json\/wp\/v2\/pages"}],"about":[{"href":"http:\/\/187.174.252.244\/operadoras\/wp-json\/wp\/v2\/types\/page"}],"author":[{"embeddable":true,"href":"http:\/\/187.174.252.244\/operadoras\/wp-json\/wp\/v2\/users\/1"}],"replies":[{"embeddable":true,"href":"http:\/\/187.174.252.244\/operadoras\/wp-json\/wp\/v2\/comments?post=9757"}],"version-history":[{"count":5,"href":"http:\/\/187.174.252.244\/operadoras\/wp-json\/wp\/v2\/pages\/9757\/revisions"}],"predecessor-version":[{"id":40217,"href":"http:\/\/187.174.252.244\/operadoras\/wp-json\/wp\/v2\/pages\/9757\/revisions\/40217"}],"up":[{"embeddable":true,"href":"http:\/\/187.174.252.244\/operadoras\/wp-json\/wp\/v2\/pages\/6736"}],"wp:attachment":[{"href":"http:\/\/187.174.252.244\/operadoras\/wp-json\/wp\/v2\/media?parent=9757"}],"curies":[{"name":"wp","href":"https:\/\/api.w.org\/{rel}","templated":true}]}}